{"id":1026,"date":"2019-10-30T16:08:26","date_gmt":"2019-10-30T15:08:26","guid":{"rendered":"http:\/\/marseille.intercontinental.com\/?page_id=1026"},"modified":"2023-09-20T10:01:02","modified_gmt":"2023-09-20T08:01:02","slug":"medias","status":"publish","type":"page","link":"https:\/\/marseille.intercontinental.com\/en\/medias\/","title":{"rendered":"M\u00e9dias"},"content":{"rendered":"\r\n\r\n\r\n\r\n  <!-- Swiper hero -->\r\n  <div id=\"slideshow-block_d3cedeed583fe1425c8306d3b70fbaa2\" class=\"row \">  \r\n    <div class=\"swiper d-swiper-container hero\" data-swiper={\"navigation\":{\"enabled\":false}}>\r\n      <div class=\"swiper-wrapper\">\r\n                    <div class=\"swiper-slide\">\r\n                              <span aria-hidden=\"true\" class=\"slide-e-background has-background-dim-30  has-background has-charcoal-grey-background-color\"><\/span>\r\n                                            <img decoding=\"async\" src=\"https:\/\/marseille.intercontinental.com\/wp-content\/uploads\/sites\/5\/2019\/11\/InterContinental-Marseille-Hotel-Dieu-default-header-scaled-1.jpg\"\r\n                sizes=\"(max-width: 2000px) 100vw, 2000px\"\r\n                srcset=\"https:\/\/marseille.intercontinental.com\/wp-content\/uploads\/sites\/5\/2019\/11\/InterContinental-Marseille-Hotel-Dieu-default-header-scaled-1.jpg 2560w,\r\n                        https:\/\/marseille.intercontinental.com\/wp-content\/uploads\/sites\/5\/2019\/11\/InterContinental-Marseille-Hotel-Dieu-default-header-scaled-1-1024x512.jpg 1024w,\r\n                        https:\/\/marseille.intercontinental.com\/wp-content\/uploads\/sites\/5\/2019\/11\/InterContinental-Marseille-Hotel-Dieu-default-header-scaled-1-768x384.jpg 768w\"\r\n                        alt=\"InterContinental-Marseille-Hotel-Dieu-default-header\"\/>\r\n                                            <div class=\"slide-e-content d-none d-md-block\">\r\n                                      <h1 class=\"title\">M\u00e9dias<\/h1>\r\n                                                                      <\/div>\r\n                          <\/div>\r\n                <\/div>\r\n            <\/div>\r\n  <\/div>\r\n  <!-- End Swiper hero -->\r\n\r\n \n\n\n<h3 class=\"wp-block-heading has-text-align-center mt-5\">Le magazine H\u00f4tel-Dieu<\/h3>\n\n\n\n<div class=\"wp-block-buttons is-content-justification-center is-layout-flex wp-container-core-buttons-is-layout-a89b3969 wp-block-buttons-is-layout-flex\">\n<div class=\"wp-block-button\"><a class=\"wp-block-button__link wp-element-button\" href=\"\/wp-content\/uploads\/sites\/5\/2019\/10\/Magazine-de-lInterContinental-Marseille-Hotel-Dieu-2018_compressed.pdf\">T\u00e9l\u00e9charger notre magazine<\/a><\/div>\n<\/div>\n","protected":false},"excerpt":{"rendered":"<p>Le magazine H\u00f4tel-Dieu<\/p>\n","protected":false},"author":1,"featured_media":0,"parent":0,"menu_order":0,"comment_status":"closed","ping_status":"closed","template":"","meta":{"_acf_changed":false,"footnotes":""},"class_list":["post-1026","page","type-page","status-publish","hentry"],"acf":[],"yoast_head":"<!-- This site is optimized with the Yoast SEO plugin v26.2 - https:\/\/yoast.com\/wordpress\/plugins\/seo\/ -->\n<title>M\u00e9dias - InterContinental Marseille - Hotel Dieu - Offrez-vous une vue imprenable sur la cit\u00e9 phoc\u00e9enne depuis ce lieu d\u2019exception, avec 194 chambres, dont 15 suites \u00e9l\u00e9gantes. A la Brasserie Les Fen\u00eatres, laissez-vous s\u00e9duire par une cuisine m\u00e9diterran\u00e9enne savoureuse, puis savourez un cocktail au Bar Le Capian, o\u00f9 l\u2019art du mixologie est \u00e0 l\u2019honneur. Profitez \u00e9galement de la piscine et du Spa by Clarins.&lt;br&gt;Avec 1 230 m\u00b2 d\u2019espaces \u00e9v\u00e9nementiels, cet endroit allie parfaitement confort, \u00e9l\u00e9gance et panorama exceptionnel face \u00e0 la mer.<\/title>\n<meta name=\"description\" content=\"Le magazine H\u00f4tel-Dieu   T\u00e9l\u00e9charger notre magazine\" \/>\n<meta name=\"robots\" content=\"index, follow, max-snippet:-1, max-image-preview:large, max-video-preview:-1\" \/>\n<link rel=\"canonical\" href=\"https:\/\/marseille.intercontinental.com\/en\/medias\/\" \/>\n<meta property=\"og:locale\" content=\"en_US\" \/>\n<meta property=\"og:type\" content=\"article\" \/>\n<meta property=\"og:title\" content=\"M\u00e9dias - InterContinental Marseille - Hotel Dieu - Offrez-vous une vue imprenable sur la cit\u00e9 phoc\u00e9enne depuis ce lieu d\u2019exception, avec 194 chambres, dont 15 suites \u00e9l\u00e9gantes. A la Brasserie Les Fen\u00eatres, laissez-vous s\u00e9duire par une cuisine m\u00e9diterran\u00e9enne savoureuse, puis savourez un cocktail au Bar Le Capian, o\u00f9 l\u2019art du mixologie est \u00e0 l\u2019honneur. Profitez \u00e9galement de la piscine et du Spa by Clarins.&lt;br&gt;Avec 1 230 m\u00b2 d\u2019espaces \u00e9v\u00e9nementiels, cet endroit allie parfaitement confort, \u00e9l\u00e9gance et panorama exceptionnel face \u00e0 la mer.\" \/>\n<meta property=\"og:description\" content=\"Le magazine H\u00f4tel-Dieu   T\u00e9l\u00e9charger notre magazine\" \/>\n<meta property=\"og:url\" content=\"https:\/\/marseille.intercontinental.com\/en\/medias\/\" \/>\n<meta property=\"og:site_name\" content=\"InterContinental Marseille - Hotel Dieu\" \/>\n<meta property=\"article:publisher\" content=\"https:\/\/www.facebook.com\/InterContinentalMarseilleHotelDieu\/\" \/>\n<meta property=\"article:modified_time\" content=\"2023-09-20T08:01:02+00:00\" \/>\n<meta name=\"twitter:card\" content=\"summary_large_image\" \/>\n<meta name=\"twitter:site\" content=\"@icmarseille\" \/>\n<meta name=\"twitter:label1\" content=\"Est. reading time\" \/>\n\t<meta name=\"twitter:data1\" content=\"1 minute\" \/>\n<script type=\"application\/ld+json\" class=\"yoast-schema-graph\">{\"@context\":\"https:\/\/schema.org\",\"@graph\":[{\"@type\":\"WebPage\",\"@id\":\"https:\/\/marseille.intercontinental.com\/en\/medias\/\",\"url\":\"https:\/\/marseille.intercontinental.com\/en\/medias\/\",\"name\":\"M\u00e9dias - InterContinental Marseille - Hotel Dieu - Offrez-vous une vue imprenable sur la cit\u00e9 phoc\u00e9enne depuis ce lieu d\u2019exception, avec 194 chambres, dont 15 suites \u00e9l\u00e9gantes. A la Brasserie Les Fen\u00eatres, laissez-vous s\u00e9duire par une cuisine m\u00e9diterran\u00e9enne savoureuse, puis savourez un cocktail au Bar Le Capian, o\u00f9 l\u2019art du mixologie est \u00e0 l\u2019honneur. Profitez \u00e9galement de la piscine et du Spa by Clarins.&lt;br&gt;Avec 1 230 m\u00b2 d\u2019espaces \u00e9v\u00e9nementiels, cet endroit allie parfaitement confort, \u00e9l\u00e9gance et panorama exceptionnel face \u00e0 la mer.\",\"isPartOf\":{\"@id\":\"https:\/\/marseille.intercontinental.com\/#website\"},\"datePublished\":\"2019-10-30T15:08:26+00:00\",\"dateModified\":\"2023-09-20T08:01:02+00:00\",\"description\":\"Le magazine H\u00f4tel-Dieu T\u00e9l\u00e9charger notre magazine\",\"breadcrumb\":{\"@id\":\"https:\/\/marseille.intercontinental.com\/en\/medias\/#breadcrumb\"},\"inLanguage\":\"en-US\",\"potentialAction\":[{\"@type\":\"ReadAction\",\"target\":[\"https:\/\/marseille.intercontinental.com\/en\/medias\/\"]}]},{\"@type\":\"BreadcrumbList\",\"@id\":\"https:\/\/marseille.intercontinental.com\/en\/medias\/#breadcrumb\",\"itemListElement\":[{\"@type\":\"ListItem\",\"position\":1,\"name\":\"Home\",\"item\":\"https:\/\/marseille.intercontinental.com\/en\/intercontinental-marseille-hotel-dieu\/\"},{\"@type\":\"ListItem\",\"position\":2,\"name\":\"M\u00e9dias\"}]},{\"@type\":\"WebSite\",\"@id\":\"https:\/\/marseille.intercontinental.com\/#website\",\"url\":\"https:\/\/marseille.intercontinental.com\/\",\"name\":\"InterContinental Marseille - H\u00f4tel Dieu\",\"description\":\"Offrez-vous une vue imprenable sur la cit\u00e9 phoc\u00e9enne depuis ce lieu d\u2019exception, avec 194 chambres, dont 15 suites \u00e9l\u00e9gantes. A la Brasserie Les Fen\u00eatres, laissez-vous s\u00e9duire par une cuisine m\u00e9diterran\u00e9enne savoureuse, puis savourez un cocktail au Bar Le Capian, o\u00f9 l\u2019art du mixologie est \u00e0 l\u2019honneur. Profitez \u00e9galement de la piscine et du Spa by Clarins.&lt;br&gt;Avec 1 230 m\u00b2 d\u2019espaces \u00e9v\u00e9nementiels, cet endroit allie parfaitement confort, \u00e9l\u00e9gance et panorama exceptionnel face \u00e0 la mer.\",\"publisher\":{\"@id\":\"https:\/\/marseille.intercontinental.com\/#organization\"},\"alternateName\":\"InterContinental Marseille\",\"potentialAction\":[{\"@type\":\"SearchAction\",\"target\":{\"@type\":\"EntryPoint\",\"urlTemplate\":\"https:\/\/marseille.intercontinental.com\/?s={search_term_string}\"},\"query-input\":{\"@type\":\"PropertyValueSpecification\",\"valueRequired\":true,\"valueName\":\"search_term_string\"}}],\"inLanguage\":\"en-US\"},{\"@type\":\"Organization\",\"@id\":\"https:\/\/marseille.intercontinental.com\/#organization\",\"name\":\"InterContinental Marseille - H\u00f4tel Dieu\",\"alternateName\":\"InterContinental Marseille\",\"url\":\"https:\/\/marseille.intercontinental.com\/\",\"logo\":{\"@type\":\"ImageObject\",\"inLanguage\":\"en-US\",\"@id\":\"https:\/\/marseille.intercontinental.com\/#\/schema\/logo\/image\/\",\"url\":\"https:\/\/marseille.intercontinental.com\/wp-content\/uploads\/sites\/5\/2023\/09\/intercontinental-marseille-hotel-dieu-logo.svg\",\"contentUrl\":\"https:\/\/marseille.intercontinental.com\/wp-content\/uploads\/sites\/5\/2023\/09\/intercontinental-marseille-hotel-dieu-logo.svg\",\"caption\":\"InterContinental Marseille - H\u00f4tel Dieu\"},\"image\":{\"@id\":\"https:\/\/marseille.intercontinental.com\/#\/schema\/logo\/image\/\"},\"sameAs\":[\"https:\/\/www.facebook.com\/InterContinentalMarseilleHotelDieu\/\",\"https:\/\/x.com\/icmarseille\",\"https:\/\/www.instagram.com\/icmarseille\/\"]}]}<\/script>\n<!-- \/ Yoast SEO plugin. -->","yoast_head_json":{"title":"M\u00e9dias - InterContinental Marseille - Hotel Dieu - Offrez-vous une vue imprenable sur la cit\u00e9 phoc\u00e9enne depuis ce lieu d\u2019exception, avec 194 chambres, dont 15 suites \u00e9l\u00e9gantes. A la Brasserie Les Fen\u00eatres, laissez-vous s\u00e9duire par une cuisine m\u00e9diterran\u00e9enne savoureuse, puis savourez un cocktail au Bar Le Capian, o\u00f9 l\u2019art du mixologie est \u00e0 l\u2019honneur. Profitez \u00e9galement de la piscine et du Spa by Clarins.&lt;br&gt;Avec 1 230 m\u00b2 d\u2019espaces \u00e9v\u00e9nementiels, cet endroit allie parfaitement confort, \u00e9l\u00e9gance et panorama exceptionnel face \u00e0 la mer.","description":"Le magazine H\u00f4tel-Dieu   T\u00e9l\u00e9charger notre magazine","robots":{"index":"index","follow":"follow","max-snippet":"max-snippet:-1","max-image-preview":"max-image-preview:large","max-video-preview":"max-video-preview:-1"},"canonical":"https:\/\/marseille.intercontinental.com\/en\/medias\/","og_locale":"en_US","og_type":"article","og_title":"M\u00e9dias - InterContinental Marseille - Hotel Dieu - Offrez-vous une vue imprenable sur la cit\u00e9 phoc\u00e9enne depuis ce lieu d\u2019exception, avec 194 chambres, dont 15 suites \u00e9l\u00e9gantes. A la Brasserie Les Fen\u00eatres, laissez-vous s\u00e9duire par une cuisine m\u00e9diterran\u00e9enne savoureuse, puis savourez un cocktail au Bar Le Capian, o\u00f9 l\u2019art du mixologie est \u00e0 l\u2019honneur. Profitez \u00e9galement de la piscine et du Spa by Clarins.&lt;br&gt;Avec 1 230 m\u00b2 d\u2019espaces \u00e9v\u00e9nementiels, cet endroit allie parfaitement confort, \u00e9l\u00e9gance et panorama exceptionnel face \u00e0 la mer.","og_description":"Le magazine H\u00f4tel-Dieu   T\u00e9l\u00e9charger notre magazine","og_url":"https:\/\/marseille.intercontinental.com\/en\/medias\/","og_site_name":"InterContinental Marseille - Hotel Dieu","article_publisher":"https:\/\/www.facebook.com\/InterContinentalMarseilleHotelDieu\/","article_modified_time":"2023-09-20T08:01:02+00:00","twitter_card":"summary_large_image","twitter_site":"@icmarseille","twitter_misc":{"Est. reading time":"1 minute"},"schema":{"@context":"https:\/\/schema.org","@graph":[{"@type":"WebPage","@id":"https:\/\/marseille.intercontinental.com\/en\/medias\/","url":"https:\/\/marseille.intercontinental.com\/en\/medias\/","name":"M\u00e9dias - InterContinental Marseille - Hotel Dieu - Offrez-vous une vue imprenable sur la cit\u00e9 phoc\u00e9enne depuis ce lieu d\u2019exception, avec 194 chambres, dont 15 suites \u00e9l\u00e9gantes. A la Brasserie Les Fen\u00eatres, laissez-vous s\u00e9duire par une cuisine m\u00e9diterran\u00e9enne savoureuse, puis savourez un cocktail au Bar Le Capian, o\u00f9 l\u2019art du mixologie est \u00e0 l\u2019honneur. Profitez \u00e9galement de la piscine et du Spa by Clarins.&lt;br&gt;Avec 1 230 m\u00b2 d\u2019espaces \u00e9v\u00e9nementiels, cet endroit allie parfaitement confort, \u00e9l\u00e9gance et panorama exceptionnel face \u00e0 la mer.","isPartOf":{"@id":"https:\/\/marseille.intercontinental.com\/#website"},"datePublished":"2019-10-30T15:08:26+00:00","dateModified":"2023-09-20T08:01:02+00:00","description":"Le magazine H\u00f4tel-Dieu T\u00e9l\u00e9charger notre magazine","breadcrumb":{"@id":"https:\/\/marseille.intercontinental.com\/en\/medias\/#breadcrumb"},"inLanguage":"en-US","potentialAction":[{"@type":"ReadAction","target":["https:\/\/marseille.intercontinental.com\/en\/medias\/"]}]},{"@type":"BreadcrumbList","@id":"https:\/\/marseille.intercontinental.com\/en\/medias\/#breadcrumb","itemListElement":[{"@type":"ListItem","position":1,"name":"Home","item":"https:\/\/marseille.intercontinental.com\/en\/intercontinental-marseille-hotel-dieu\/"},{"@type":"ListItem","position":2,"name":"M\u00e9dias"}]},{"@type":"WebSite","@id":"https:\/\/marseille.intercontinental.com\/#website","url":"https:\/\/marseille.intercontinental.com\/","name":"InterContinental Marseille - H\u00f4tel Dieu","description":"Offrez-vous une vue imprenable sur la cit\u00e9 phoc\u00e9enne depuis ce lieu d\u2019exception, avec 194 chambres, dont 15 suites \u00e9l\u00e9gantes. A la Brasserie Les Fen\u00eatres, laissez-vous s\u00e9duire par une cuisine m\u00e9diterran\u00e9enne savoureuse, puis savourez un cocktail au Bar Le Capian, o\u00f9 l\u2019art du mixologie est \u00e0 l\u2019honneur. Profitez \u00e9galement de la piscine et du Spa by Clarins.&lt;br&gt;Avec 1 230 m\u00b2 d\u2019espaces \u00e9v\u00e9nementiels, cet endroit allie parfaitement confort, \u00e9l\u00e9gance et panorama exceptionnel face \u00e0 la mer.","publisher":{"@id":"https:\/\/marseille.intercontinental.com\/#organization"},"alternateName":"InterContinental Marseille","potentialAction":[{"@type":"SearchAction","target":{"@type":"EntryPoint","urlTemplate":"https:\/\/marseille.intercontinental.com\/?s={search_term_string}"},"query-input":{"@type":"PropertyValueSpecification","valueRequired":true,"valueName":"search_term_string"}}],"inLanguage":"en-US"},{"@type":"Organization","@id":"https:\/\/marseille.intercontinental.com\/#organization","name":"InterContinental Marseille - H\u00f4tel Dieu","alternateName":"InterContinental Marseille","url":"https:\/\/marseille.intercontinental.com\/","logo":{"@type":"ImageObject","inLanguage":"en-US","@id":"https:\/\/marseille.intercontinental.com\/#\/schema\/logo\/image\/","url":"https:\/\/marseille.intercontinental.com\/wp-content\/uploads\/sites\/5\/2023\/09\/intercontinental-marseille-hotel-dieu-logo.svg","contentUrl":"https:\/\/marseille.intercontinental.com\/wp-content\/uploads\/sites\/5\/2023\/09\/intercontinental-marseille-hotel-dieu-logo.svg","caption":"InterContinental Marseille - H\u00f4tel Dieu"},"image":{"@id":"https:\/\/marseille.intercontinental.com\/#\/schema\/logo\/image\/"},"sameAs":["https:\/\/www.facebook.com\/InterContinentalMarseilleHotelDieu\/","https:\/\/x.com\/icmarseille","https:\/\/www.instagram.com\/icmarseille\/"]}]}},"_links":{"self":[{"href":"https:\/\/marseille.intercontinental.com\/en\/wp-json\/wp\/v2\/pages\/1026","targetHints":{"allow":["GET"]}}],"collection":[{"href":"https:\/\/marseille.intercontinental.com\/en\/wp-json\/wp\/v2\/pages"}],"about":[{"href":"https:\/\/marseille.intercontinental.com\/en\/wp-json\/wp\/v2\/types\/page"}],"author":[{"embeddable":true,"href":"https:\/\/marseille.intercontinental.com\/en\/wp-json\/wp\/v2\/users\/1"}],"replies":[{"embeddable":true,"href":"https:\/\/marseille.intercontinental.com\/en\/wp-json\/wp\/v2\/comments?post=1026"}],"version-history":[{"count":0,"href":"https:\/\/marseille.intercontinental.com\/en\/wp-json\/wp\/v2\/pages\/1026\/revisions"}],"wp:attachment":[{"href":"https:\/\/marseille.intercontinental.com\/en\/wp-json\/wp\/v2\/media?parent=1026"}],"curies":[{"name":"wp","href":"https:\/\/api.w.org\/{rel}","templated":true}]}}