{"id":1250,"date":"2019-11-15T11:20:00","date_gmt":"2019-11-15T10:20:00","guid":{"rendered":"http:\/\/marseille.intercontinental.com\/?page_id=1250"},"modified":"2023-09-20T10:12:12","modified_gmt":"2023-09-20T08:12:12","slug":"newsletter","status":"publish","type":"page","link":"https:\/\/marseille.intercontinental.com\/en\/newsletter\/","title":{"rendered":"Newsletter"},"content":{"rendered":"\n<h1 class=\"wp-block-heading has-text-align-center\">Newsletter<\/h1>\n\n\n                    <script type=\"text\/javascript\">\n                        var onloadSibCallback = function () {\n                            jQuery('.g-recaptcha').each(function (index, el) {\n                                grecaptcha.render(el, {\n                                    'sitekey': jQuery(el).attr('data-sitekey')\n                                });\n                            });\n                        };\n                    <\/script>\n\t\t\t\t\t                <script src=\"https:\/\/www.google.com\/recaptcha\/api.js?onload=onloadSibCallback&render=explicit\" async defer><\/script>\n\t\t\t\t\n\t\t\t<form id=\"sib_signup_form_2\" method=\"post\" class=\"sib_signup_form\">\n\t\t\t\t<div class=\"sib_loader\" style=\"display:none;\"><img\n\t\t\t\t\t\t\tsrc=\"https:\/\/marseille.intercontinental.com\/wp-includes\/images\/spinner.gif\" alt=\"loader\"><\/div>\n\t\t\t\t<input type=\"hidden\" name=\"sib_form_action\" value=\"subscribe_form_submit\">\n\t\t\t\t<input type=\"hidden\" name=\"sib_form_id\" value=\"2\">\n                <input type=\"hidden\" name=\"sib_form_alert_notice\" value=\"Remplissez ce champ s\u2019il vous pla\u00eet\">\n                <input type=\"hidden\" name=\"sib_form_invalid_email_notice\" value=\"Cette adresse email n\\\\\\\\\\\\\\&#039;est pas valide\">\n                <input type=\"hidden\" name=\"sib_security\" value=\"1e3620aa3a\">\n\t\t\t\t<div class=\"sib_signup_box_inside_2\">\n\t\t\t\t\t<div style=\"\/*display:none*\/\" class=\"sib_msg_disp\">\n\t\t\t\t\t<\/div>\n                    \t\t\t\t\t<div class=\"container my-5\">\r\n<div class=\"row justify-content-center\">\r\n<div class=\"col-lg-8\">\r\n<h3 class=\"text-center my-5\">Newsletter Subscription<\/h3>\r\n<p class=\"sib-email-area d-flex flex-column justify-content-center align-iems-center\">\r\n    <label class=\"sib-email-area\">Email Address*<\/label>\r\n    <input type=\"email\" class=\"sib-email-area\" name=\"email\" required=\"required\">\r\n<\/p>\r\n\r\n<p class=\"text-center\" style=\"font-size:14px\">\r\nYou will receive our news maximum once a month *\r\n<\/p>\r\n<p class=\"text-center\" style=\"font-size:14px\">\r\nThe emails we send will contain complete unsubscribe information, and you may opt-out of receiving future emails at any time.\r\n<\/p>\r\n<p class=\"text-center\" style=\"font-size:14px\">\r\n<i>(*excluding offers and special events)<\/i>\r\n<\/p>\r\n<div id=\"sib_captcha\" class=\"g-recaptcha\" data-sitekey=\"6LeJPTcaAAAAAPmgeCRfASpRkWN2M4bPGk6yZIDF\"><\/div>\r\n<p class=\"text-center wp-block-button\">\r\n    <input type=\"submit\" class=\"wp-block-button__link wp-element-button mx-auto\" value=\"Subscribe\">\r\n<\/p>\r\n<\/div>\r\n<\/div>\r\n<\/div>\t\t\t\t<\/div>\n\t\t\t<\/form>\n\t\t\t<style>\n\t\t\t\tform#sib_signup_form_2 p.sib-alert-message {\n    padding: 6px 12px;\n    margin-bottom: 20px;\n    border: 1px solid transparent;\n    border-radius: 4px;\n    -webkit-box-sizing: border-box;\n    -moz-box-sizing: border-box;\n    box-sizing: border-box;\n}\nform#sib_signup_form_2 p.sib-alert-message-error {\n    background-color: #f2dede;\n    border-color: #ebccd1;\n    color: #a94442;\n}\nform#sib_signup_form_2 p.sib-alert-message-success {\n    background-color: #dff0d8;\n    border-color: #d6e9c6;\n    color: #3c763d;\n}\nform#sib_signup_form_2 p.sib-alert-message-warning {\n    background-color: #fcf8e3;\n    border-color: #faebcc;\n    color: #8a6d3b;\n}\n\t\t\t<\/style>\n\t\t\t\n","protected":false},"excerpt":{"rendered":"<p>Newsletter<\/p>\n","protected":false},"author":1,"featured_media":0,"parent":0,"menu_order":0,"comment_status":"closed","ping_status":"closed","template":"","meta":{"_acf_changed":false,"footnotes":""},"class_list":["post-1250","page","type-page","status-publish","hentry"],"acf":[],"yoast_head":"<!-- This site is optimized with the Yoast SEO plugin v26.2 - https:\/\/yoast.com\/wordpress\/plugins\/seo\/ -->\n<title>Newsletter - InterContinental Marseille - Hotel Dieu - Offrez-vous une vue imprenable sur la cit\u00e9 phoc\u00e9enne depuis ce lieu d\u2019exception, avec 194 chambres, dont 15 suites \u00e9l\u00e9gantes. A la Brasserie Les Fen\u00eatres, laissez-vous s\u00e9duire par une cuisine m\u00e9diterran\u00e9enne savoureuse, puis savourez un cocktail au Bar Le Capian, o\u00f9 l\u2019art du mixologie est \u00e0 l\u2019honneur. Profitez \u00e9galement de la piscine et du Spa by Clarins.&lt;br&gt;Avec 1 230 m\u00b2 d\u2019espaces \u00e9v\u00e9nementiels, cet endroit allie parfaitement confort, \u00e9l\u00e9gance et panorama exceptionnel face \u00e0 la mer.<\/title>\n<meta name=\"description\" content=\"Newsletter\" \/>\n<meta name=\"robots\" content=\"index, follow, max-snippet:-1, max-image-preview:large, max-video-preview:-1\" \/>\n<link rel=\"canonical\" href=\"https:\/\/marseille.intercontinental.com\/en\/newsletter\/\" \/>\n<meta property=\"og:locale\" content=\"en_US\" \/>\n<meta property=\"og:type\" content=\"article\" \/>\n<meta property=\"og:title\" content=\"Newsletter - InterContinental Marseille - Hotel Dieu - Offrez-vous une vue imprenable sur la cit\u00e9 phoc\u00e9enne depuis ce lieu d\u2019exception, avec 194 chambres, dont 15 suites \u00e9l\u00e9gantes. A la Brasserie Les Fen\u00eatres, laissez-vous s\u00e9duire par une cuisine m\u00e9diterran\u00e9enne savoureuse, puis savourez un cocktail au Bar Le Capian, o\u00f9 l\u2019art du mixologie est \u00e0 l\u2019honneur. Profitez \u00e9galement de la piscine et du Spa by Clarins.&lt;br&gt;Avec 1 230 m\u00b2 d\u2019espaces \u00e9v\u00e9nementiels, cet endroit allie parfaitement confort, \u00e9l\u00e9gance et panorama exceptionnel face \u00e0 la mer.\" \/>\n<meta property=\"og:description\" content=\"Newsletter\" \/>\n<meta property=\"og:url\" content=\"https:\/\/marseille.intercontinental.com\/en\/newsletter\/\" \/>\n<meta property=\"og:site_name\" content=\"InterContinental Marseille - Hotel Dieu\" \/>\n<meta property=\"article:publisher\" content=\"https:\/\/www.facebook.com\/InterContinentalMarseilleHotelDieu\/\" \/>\n<meta property=\"article:modified_time\" content=\"2023-09-20T08:12:12+00:00\" \/>\n<meta name=\"twitter:card\" content=\"summary_large_image\" \/>\n<meta name=\"twitter:site\" content=\"@icmarseille\" \/>\n<meta name=\"twitter:label1\" content=\"Est. reading time\" \/>\n\t<meta name=\"twitter:data1\" content=\"1 minute\" \/>\n<script type=\"application\/ld+json\" class=\"yoast-schema-graph\">{\"@context\":\"https:\/\/schema.org\",\"@graph\":[{\"@type\":\"WebPage\",\"@id\":\"https:\/\/marseille.intercontinental.com\/en\/newsletter\/\",\"url\":\"https:\/\/marseille.intercontinental.com\/en\/newsletter\/\",\"name\":\"Newsletter - InterContinental Marseille - Hotel Dieu - Offrez-vous une vue imprenable sur la cit\u00e9 phoc\u00e9enne depuis ce lieu d\u2019exception, avec 194 chambres, dont 15 suites \u00e9l\u00e9gantes. A la Brasserie Les Fen\u00eatres, laissez-vous s\u00e9duire par une cuisine m\u00e9diterran\u00e9enne savoureuse, puis savourez un cocktail au Bar Le Capian, o\u00f9 l\u2019art du mixologie est \u00e0 l\u2019honneur. Profitez \u00e9galement de la piscine et du Spa by Clarins.&lt;br&gt;Avec 1 230 m\u00b2 d\u2019espaces \u00e9v\u00e9nementiels, cet endroit allie parfaitement confort, \u00e9l\u00e9gance et panorama exceptionnel face \u00e0 la mer.\",\"isPartOf\":{\"@id\":\"https:\/\/marseille.intercontinental.com\/#website\"},\"datePublished\":\"2019-11-15T10:20:00+00:00\",\"dateModified\":\"2023-09-20T08:12:12+00:00\",\"description\":\"Newsletter\",\"breadcrumb\":{\"@id\":\"https:\/\/marseille.intercontinental.com\/en\/newsletter\/#breadcrumb\"},\"inLanguage\":\"en-US\",\"potentialAction\":[{\"@type\":\"ReadAction\",\"target\":[\"https:\/\/marseille.intercontinental.com\/en\/newsletter\/\"]}]},{\"@type\":\"BreadcrumbList\",\"@id\":\"https:\/\/marseille.intercontinental.com\/en\/newsletter\/#breadcrumb\",\"itemListElement\":[{\"@type\":\"ListItem\",\"position\":1,\"name\":\"Home\",\"item\":\"https:\/\/marseille.intercontinental.com\/en\/intercontinental-marseille-hotel-dieu\/\"},{\"@type\":\"ListItem\",\"position\":2,\"name\":\"Newsletter\"}]},{\"@type\":\"WebSite\",\"@id\":\"https:\/\/marseille.intercontinental.com\/#website\",\"url\":\"https:\/\/marseille.intercontinental.com\/\",\"name\":\"InterContinental Marseille - H\u00f4tel Dieu\",\"description\":\"Offrez-vous une vue imprenable sur la cit\u00e9 phoc\u00e9enne depuis ce lieu d\u2019exception, avec 194 chambres, dont 15 suites \u00e9l\u00e9gantes. A la Brasserie Les Fen\u00eatres, laissez-vous s\u00e9duire par une cuisine m\u00e9diterran\u00e9enne savoureuse, puis savourez un cocktail au Bar Le Capian, o\u00f9 l\u2019art du mixologie est \u00e0 l\u2019honneur. Profitez \u00e9galement de la piscine et du Spa by Clarins.&lt;br&gt;Avec 1 230 m\u00b2 d\u2019espaces \u00e9v\u00e9nementiels, cet endroit allie parfaitement confort, \u00e9l\u00e9gance et panorama exceptionnel face \u00e0 la mer.\",\"publisher\":{\"@id\":\"https:\/\/marseille.intercontinental.com\/#organization\"},\"alternateName\":\"InterContinental Marseille\",\"potentialAction\":[{\"@type\":\"SearchAction\",\"target\":{\"@type\":\"EntryPoint\",\"urlTemplate\":\"https:\/\/marseille.intercontinental.com\/?s={search_term_string}\"},\"query-input\":{\"@type\":\"PropertyValueSpecification\",\"valueRequired\":true,\"valueName\":\"search_term_string\"}}],\"inLanguage\":\"en-US\"},{\"@type\":\"Organization\",\"@id\":\"https:\/\/marseille.intercontinental.com\/#organization\",\"name\":\"InterContinental Marseille - H\u00f4tel Dieu\",\"alternateName\":\"InterContinental Marseille\",\"url\":\"https:\/\/marseille.intercontinental.com\/\",\"logo\":{\"@type\":\"ImageObject\",\"inLanguage\":\"en-US\",\"@id\":\"https:\/\/marseille.intercontinental.com\/#\/schema\/logo\/image\/\",\"url\":\"https:\/\/marseille.intercontinental.com\/wp-content\/uploads\/sites\/5\/2023\/09\/intercontinental-marseille-hotel-dieu-logo.svg\",\"contentUrl\":\"https:\/\/marseille.intercontinental.com\/wp-content\/uploads\/sites\/5\/2023\/09\/intercontinental-marseille-hotel-dieu-logo.svg\",\"caption\":\"InterContinental Marseille - H\u00f4tel Dieu\"},\"image\":{\"@id\":\"https:\/\/marseille.intercontinental.com\/#\/schema\/logo\/image\/\"},\"sameAs\":[\"https:\/\/www.facebook.com\/InterContinentalMarseilleHotelDieu\/\",\"https:\/\/x.com\/icmarseille\",\"https:\/\/www.instagram.com\/icmarseille\/\"]}]}<\/script>\n<!-- \/ Yoast SEO plugin. -->","yoast_head_json":{"title":"Newsletter - InterContinental Marseille - Hotel Dieu - Offrez-vous une vue imprenable sur la cit\u00e9 phoc\u00e9enne depuis ce lieu d\u2019exception, avec 194 chambres, dont 15 suites \u00e9l\u00e9gantes. A la Brasserie Les Fen\u00eatres, laissez-vous s\u00e9duire par une cuisine m\u00e9diterran\u00e9enne savoureuse, puis savourez un cocktail au Bar Le Capian, o\u00f9 l\u2019art du mixologie est \u00e0 l\u2019honneur. Profitez \u00e9galement de la piscine et du Spa by Clarins.&lt;br&gt;Avec 1 230 m\u00b2 d\u2019espaces \u00e9v\u00e9nementiels, cet endroit allie parfaitement confort, \u00e9l\u00e9gance et panorama exceptionnel face \u00e0 la mer.","description":"Newsletter","robots":{"index":"index","follow":"follow","max-snippet":"max-snippet:-1","max-image-preview":"max-image-preview:large","max-video-preview":"max-video-preview:-1"},"canonical":"https:\/\/marseille.intercontinental.com\/en\/newsletter\/","og_locale":"en_US","og_type":"article","og_title":"Newsletter - InterContinental Marseille - Hotel Dieu - Offrez-vous une vue imprenable sur la cit\u00e9 phoc\u00e9enne depuis ce lieu d\u2019exception, avec 194 chambres, dont 15 suites \u00e9l\u00e9gantes. A la Brasserie Les Fen\u00eatres, laissez-vous s\u00e9duire par une cuisine m\u00e9diterran\u00e9enne savoureuse, puis savourez un cocktail au Bar Le Capian, o\u00f9 l\u2019art du mixologie est \u00e0 l\u2019honneur. Profitez \u00e9galement de la piscine et du Spa by Clarins.&lt;br&gt;Avec 1 230 m\u00b2 d\u2019espaces \u00e9v\u00e9nementiels, cet endroit allie parfaitement confort, \u00e9l\u00e9gance et panorama exceptionnel face \u00e0 la mer.","og_description":"Newsletter","og_url":"https:\/\/marseille.intercontinental.com\/en\/newsletter\/","og_site_name":"InterContinental Marseille - Hotel Dieu","article_publisher":"https:\/\/www.facebook.com\/InterContinentalMarseilleHotelDieu\/","article_modified_time":"2023-09-20T08:12:12+00:00","twitter_card":"summary_large_image","twitter_site":"@icmarseille","twitter_misc":{"Est. reading time":"1 minute"},"schema":{"@context":"https:\/\/schema.org","@graph":[{"@type":"WebPage","@id":"https:\/\/marseille.intercontinental.com\/en\/newsletter\/","url":"https:\/\/marseille.intercontinental.com\/en\/newsletter\/","name":"Newsletter - InterContinental Marseille - Hotel Dieu - Offrez-vous une vue imprenable sur la cit\u00e9 phoc\u00e9enne depuis ce lieu d\u2019exception, avec 194 chambres, dont 15 suites \u00e9l\u00e9gantes. A la Brasserie Les Fen\u00eatres, laissez-vous s\u00e9duire par une cuisine m\u00e9diterran\u00e9enne savoureuse, puis savourez un cocktail au Bar Le Capian, o\u00f9 l\u2019art du mixologie est \u00e0 l\u2019honneur. Profitez \u00e9galement de la piscine et du Spa by Clarins.&lt;br&gt;Avec 1 230 m\u00b2 d\u2019espaces \u00e9v\u00e9nementiels, cet endroit allie parfaitement confort, \u00e9l\u00e9gance et panorama exceptionnel face \u00e0 la mer.","isPartOf":{"@id":"https:\/\/marseille.intercontinental.com\/#website"},"datePublished":"2019-11-15T10:20:00+00:00","dateModified":"2023-09-20T08:12:12+00:00","description":"Newsletter","breadcrumb":{"@id":"https:\/\/marseille.intercontinental.com\/en\/newsletter\/#breadcrumb"},"inLanguage":"en-US","potentialAction":[{"@type":"ReadAction","target":["https:\/\/marseille.intercontinental.com\/en\/newsletter\/"]}]},{"@type":"BreadcrumbList","@id":"https:\/\/marseille.intercontinental.com\/en\/newsletter\/#breadcrumb","itemListElement":[{"@type":"ListItem","position":1,"name":"Home","item":"https:\/\/marseille.intercontinental.com\/en\/intercontinental-marseille-hotel-dieu\/"},{"@type":"ListItem","position":2,"name":"Newsletter"}]},{"@type":"WebSite","@id":"https:\/\/marseille.intercontinental.com\/#website","url":"https:\/\/marseille.intercontinental.com\/","name":"InterContinental Marseille - H\u00f4tel Dieu","description":"Offrez-vous une vue imprenable sur la cit\u00e9 phoc\u00e9enne depuis ce lieu d\u2019exception, avec 194 chambres, dont 15 suites \u00e9l\u00e9gantes. A la Brasserie Les Fen\u00eatres, laissez-vous s\u00e9duire par une cuisine m\u00e9diterran\u00e9enne savoureuse, puis savourez un cocktail au Bar Le Capian, o\u00f9 l\u2019art du mixologie est \u00e0 l\u2019honneur. Profitez \u00e9galement de la piscine et du Spa by Clarins.&lt;br&gt;Avec 1 230 m\u00b2 d\u2019espaces \u00e9v\u00e9nementiels, cet endroit allie parfaitement confort, \u00e9l\u00e9gance et panorama exceptionnel face \u00e0 la mer.","publisher":{"@id":"https:\/\/marseille.intercontinental.com\/#organization"},"alternateName":"InterContinental Marseille","potentialAction":[{"@type":"SearchAction","target":{"@type":"EntryPoint","urlTemplate":"https:\/\/marseille.intercontinental.com\/?s={search_term_string}"},"query-input":{"@type":"PropertyValueSpecification","valueRequired":true,"valueName":"search_term_string"}}],"inLanguage":"en-US"},{"@type":"Organization","@id":"https:\/\/marseille.intercontinental.com\/#organization","name":"InterContinental Marseille - H\u00f4tel Dieu","alternateName":"InterContinental Marseille","url":"https:\/\/marseille.intercontinental.com\/","logo":{"@type":"ImageObject","inLanguage":"en-US","@id":"https:\/\/marseille.intercontinental.com\/#\/schema\/logo\/image\/","url":"https:\/\/marseille.intercontinental.com\/wp-content\/uploads\/sites\/5\/2023\/09\/intercontinental-marseille-hotel-dieu-logo.svg","contentUrl":"https:\/\/marseille.intercontinental.com\/wp-content\/uploads\/sites\/5\/2023\/09\/intercontinental-marseille-hotel-dieu-logo.svg","caption":"InterContinental Marseille - H\u00f4tel Dieu"},"image":{"@id":"https:\/\/marseille.intercontinental.com\/#\/schema\/logo\/image\/"},"sameAs":["https:\/\/www.facebook.com\/InterContinentalMarseilleHotelDieu\/","https:\/\/x.com\/icmarseille","https:\/\/www.instagram.com\/icmarseille\/"]}]}},"_links":{"self":[{"href":"https:\/\/marseille.intercontinental.com\/en\/wp-json\/wp\/v2\/pages\/1250","targetHints":{"allow":["GET"]}}],"collection":[{"href":"https:\/\/marseille.intercontinental.com\/en\/wp-json\/wp\/v2\/pages"}],"about":[{"href":"https:\/\/marseille.intercontinental.com\/en\/wp-json\/wp\/v2\/types\/page"}],"author":[{"embeddable":true,"href":"https:\/\/marseille.intercontinental.com\/en\/wp-json\/wp\/v2\/users\/1"}],"replies":[{"embeddable":true,"href":"https:\/\/marseille.intercontinental.com\/en\/wp-json\/wp\/v2\/comments?post=1250"}],"version-history":[{"count":0,"href":"https:\/\/marseille.intercontinental.com\/en\/wp-json\/wp\/v2\/pages\/1250\/revisions"}],"wp:attachment":[{"href":"https:\/\/marseille.intercontinental.com\/en\/wp-json\/wp\/v2\/media?parent=1250"}],"curies":[{"name":"wp","href":"https:\/\/api.w.org\/{rel}","templated":true}]}}