{"id":13034,"date":"2024-02-12T14:12:43","date_gmt":"2024-02-12T13:12:43","guid":{"rendered":"https:\/\/marseille.intercontinental.com\/?page_id=13034"},"modified":"2026-04-21T15:56:39","modified_gmt":"2026-04-21T13:56:39","slug":"committed-to-our-local-talent","status":"publish","type":"page","link":"https:\/\/marseille.intercontinental.com\/en\/committed-to-our-local-talent\/","title":{"rendered":"Committed to our local talent!"},"content":{"rendered":"\n<div class=\"wp-block-columns is-layout-flex wp-container-core-columns-is-layout-28f84493 wp-block-columns-is-layout-flex\">\n<div class=\"wp-block-column is-layout-flow wp-block-column-is-layout-flow\" style=\"flex-basis:15%\"><\/div>\n\n\n\n<div class=\"wp-block-column is-layout-flow wp-block-column-is-layout-flow\" style=\"flex-basis:70%\">\n<h1 class=\"wp-block-heading has-text-align-center\">We&#8217;re proud to work with local talent!<\/h1>\n\n\n\n<p class=\"has-text-align-center\">At the InterContinental Marseille &#8211; Hotel Dieu, we&#8217;re committed to promoting Provence, its traditions, its artisans and its community of local artists. The hotel regularly organizes partnerships for special events: Christmas, New Year&#8217;s Eve, Valentine&#8217;s Day, Easter, Halloween, our 10th anniversary \u2026 or simply to offer gifts to our customers!<\/p>\n\n\n\n<p class=\"has-text-align-center\">Our region is our identity, and its traditions are our pride.<\/p>\n\n\n\n<h2 class=\"wp-block-heading has-text-align-center\">Our latest partners<\/h2>\n\n\n\n<figure class=\"wp-block-image aligncenter size-full\"><img decoding=\"async\" width=\"2306\" height=\"637\" src=\"https:\/\/marseille.intercontinental.com\/wp-content\/uploads\/sites\/5\/2024\/01\/partenariats-locaux.jpg\" alt=\"Logos of local artisanal partners of the InterContinental Marseille - H\u00f4tel-Dieu: Souleiado, Rose et Marius, Luberon, Louis Sicard, La Licorne, and Espigas.\" class=\"wp-image-13072\" style=\"aspect-ratio:3.9536679536679538;object-fit:cover\" srcset=\"https:\/\/marseille.intercontinental.com\/wp-content\/uploads\/sites\/5\/2024\/01\/partenariats-locaux.jpg 2306w, https:\/\/marseille.intercontinental.com\/wp-content\/uploads\/sites\/5\/2024\/01\/partenariats-locaux-300x83.jpg 300w, https:\/\/marseille.intercontinental.com\/wp-content\/uploads\/sites\/5\/2024\/01\/partenariats-locaux-1024x283.jpg 1024w, https:\/\/marseille.intercontinental.com\/wp-content\/uploads\/sites\/5\/2024\/01\/partenariats-locaux-768x212.jpg 768w, https:\/\/marseille.intercontinental.com\/wp-content\/uploads\/sites\/5\/2024\/01\/partenariats-locaux-1536x424.jpg 1536w, https:\/\/marseille.intercontinental.com\/wp-content\/uploads\/sites\/5\/2024\/01\/partenariats-locaux-2048x566.jpg 2048w\" sizes=\"(max-width: 2306px) 100vw, 2306px\" \/><\/figure>\n\n\n\n<p class=\"has-text-align-center\">For example, the InterContinental Marseille &#8211; Hotel Dieu has teamed up with La savonnerie Marseillaise de la Licorne to create oil soaps, P\u00e8re Blaise to make the signature herbal tea, and Rose et Marius to create the hotel&#8217;s perfume, the Louis Sicart earthenware factory to make our customers&#8217; lucky cicada, the Espigas craftsmen to make 100% local espadrilles, the Emkipop ice cream maker to create the hotel&#8217;s delicious 10th anniversary ice cream, and the Souleiado brand to decorate our spaces for the end-of-year festivities in 2022.<\/p>\n\n\n\n<figure class=\"wp-block-image aligncenter size-full\"><img decoding=\"async\" width=\"2306\" height=\"637\" src=\"https:\/\/marseille.intercontinental.com\/wp-content\/uploads\/sites\/5\/2024\/01\/partenariats-locaux-1.jpg\" alt=\"A collage of Provencal gifts and artisanal products offered by the InterContinental Marseille - H\u00f4tel-Dieu during seasonal events: Christmas, Valentine\u2019s Day, Easter, and Halloween.\" class=\"wp-image-13077\" style=\"aspect-ratio:3.618374558303887;object-fit:cover\" srcset=\"https:\/\/marseille.intercontinental.com\/wp-content\/uploads\/sites\/5\/2024\/01\/partenariats-locaux-1.jpg 2306w, https:\/\/marseille.intercontinental.com\/wp-content\/uploads\/sites\/5\/2024\/01\/partenariats-locaux-1-300x83.jpg 300w, https:\/\/marseille.intercontinental.com\/wp-content\/uploads\/sites\/5\/2024\/01\/partenariats-locaux-1-1024x283.jpg 1024w, https:\/\/marseille.intercontinental.com\/wp-content\/uploads\/sites\/5\/2024\/01\/partenariats-locaux-1-768x212.jpg 768w, https:\/\/marseille.intercontinental.com\/wp-content\/uploads\/sites\/5\/2024\/01\/partenariats-locaux-1-1536x424.jpg 1536w, https:\/\/marseille.intercontinental.com\/wp-content\/uploads\/sites\/5\/2024\/01\/partenariats-locaux-1-2048x566.jpg 2048w\" sizes=\"(max-width: 2306px) 100vw, 2306px\" \/><\/figure>\n\n\n\n<figure class=\"wp-block-image aligncenter size-full\"><img decoding=\"async\" width=\"2306\" height=\"637\" src=\"https:\/\/marseille.intercontinental.com\/wp-content\/uploads\/sites\/5\/2024\/01\/partenariats-locaux-2.jpg\" alt=\"\" class=\"wp-image-13075\" style=\"aspect-ratio:3.618374558303887;object-fit:cover\" srcset=\"https:\/\/marseille.intercontinental.com\/wp-content\/uploads\/sites\/5\/2024\/01\/partenariats-locaux-2.jpg 2306w, https:\/\/marseille.intercontinental.com\/wp-content\/uploads\/sites\/5\/2024\/01\/partenariats-locaux-2-300x83.jpg 300w, https:\/\/marseille.intercontinental.com\/wp-content\/uploads\/sites\/5\/2024\/01\/partenariats-locaux-2-1024x283.jpg 1024w, https:\/\/marseille.intercontinental.com\/wp-content\/uploads\/sites\/5\/2024\/01\/partenariats-locaux-2-768x212.jpg 768w, https:\/\/marseille.intercontinental.com\/wp-content\/uploads\/sites\/5\/2024\/01\/partenariats-locaux-2-1536x424.jpg 1536w, https:\/\/marseille.intercontinental.com\/wp-content\/uploads\/sites\/5\/2024\/01\/partenariats-locaux-2-2048x566.jpg 2048w\" sizes=\"(max-width: 2306px) 100vw, 2306px\" \/><\/figure>\n<\/div>\n\n\n\n<div class=\"wp-block-column is-layout-flow wp-block-column-is-layout-flow\" style=\"flex-basis:15%\"><\/div>\n<\/div>\n","protected":false},"excerpt":{"rendered":"<p>We&#8217;re proud to work with local talent! At the InterContinental Marseille &#8211; Hotel Dieu, we&#8217;re committed to promoting Provence, its traditions, its artisans and its community of local artists. The hotel regularly organizes partnerships for special events: Christmas, New Year&#8217;s [&hellip;]<\/p>\n","protected":false},"author":13,"featured_media":13063,"parent":0,"menu_order":0,"comment_status":"closed","ping_status":"closed","template":"","meta":{"_acf_changed":false,"footnotes":""},"class_list":["post-13034","page","type-page","status-publish","has-post-thumbnail","hentry"],"acf":{"schema":""},"yoast_head":"<!-- This site is optimized with the Yoast SEO plugin v26.2 - https:\/\/yoast.com\/wordpress\/plugins\/seo\/ -->\n<title>Committed to our local talent! &amp; Provence - InterContinental Marseille - Hotel Dieu<\/title>\n<meta name=\"description\" content=\"From Savonnerie de la Licorne to Provencal craftsmen and local artists\u2026 InterContinental Marseille celebrates the unique talents of its region.\" \/>\n<meta name=\"robots\" content=\"index, follow, max-snippet:-1, max-image-preview:large, max-video-preview:-1\" \/>\n<link rel=\"canonical\" href=\"https:\/\/marseille.intercontinental.com\/en\/committed-to-our-local-talent\/\" \/>\n<meta property=\"og:locale\" content=\"en_US\" \/>\n<meta property=\"og:type\" content=\"article\" \/>\n<meta property=\"og:title\" content=\"Committed to our local talent! &amp; Provence - InterContinental Marseille - Hotel Dieu\" \/>\n<meta property=\"og:description\" content=\"From Savonnerie de la Licorne to Provencal craftsmen and local artists\u2026 InterContinental Marseille celebrates the unique talents of its region.\" \/>\n<meta property=\"og:url\" content=\"https:\/\/marseille.intercontinental.com\/en\/committed-to-our-local-talent\/\" \/>\n<meta property=\"og:site_name\" content=\"InterContinental Marseille - Hotel Dieu\" \/>\n<meta property=\"article:publisher\" content=\"https:\/\/www.facebook.com\/InterContinentalMarseilleHotelDieu\/\" \/>\n<meta property=\"article:modified_time\" content=\"2026-04-21T13:56:39+00:00\" \/>\n<meta property=\"og:image\" content=\"https:\/\/marseille.intercontinental.com\/wp-content\/uploads\/sites\/5\/2024\/01\/DSC_6062-Avec-accentuation-Bruit-scaled.jpg\" \/>\n\t<meta property=\"og:image:width\" content=\"2560\" \/>\n\t<meta property=\"og:image:height\" content=\"1707\" \/>\n\t<meta property=\"og:image:type\" content=\"image\/jpeg\" \/>\n<meta name=\"twitter:card\" content=\"summary_large_image\" \/>\n<meta name=\"twitter:site\" content=\"@icmarseille\" \/>\n<meta name=\"twitter:label1\" content=\"Est. reading time\" \/>\n\t<meta name=\"twitter:data1\" content=\"2 minutes\" \/>\n<script type=\"application\/ld+json\" class=\"yoast-schema-graph\">{\"@context\":\"https:\/\/schema.org\",\"@graph\":[{\"@type\":\"WebPage\",\"@id\":\"https:\/\/marseille.intercontinental.com\/en\/committed-to-our-local-talent\/\",\"url\":\"https:\/\/marseille.intercontinental.com\/en\/committed-to-our-local-talent\/\",\"name\":\"Committed to our local talent! & Provence - InterContinental Marseille - Hotel Dieu\",\"isPartOf\":{\"@id\":\"https:\/\/marseille.intercontinental.com\/en\/#website\"},\"primaryImageOfPage\":{\"@id\":\"https:\/\/marseille.intercontinental.com\/en\/committed-to-our-local-talent\/#primaryimage\"},\"image\":{\"@id\":\"https:\/\/marseille.intercontinental.com\/en\/committed-to-our-local-talent\/#primaryimage\"},\"thumbnailUrl\":\"https:\/\/marseille.intercontinental.com\/wp-content\/uploads\/sites\/5\/2024\/01\/DSC_6062-Avec-accentuation-Bruit-scaled.jpg\",\"datePublished\":\"2024-02-12T13:12:43+00:00\",\"dateModified\":\"2026-04-21T13:56:39+00:00\",\"description\":\"From Savonnerie de la Licorne to Provencal craftsmen and local artists\u2026 InterContinental Marseille celebrates the unique talents of its region.\",\"breadcrumb\":{\"@id\":\"https:\/\/marseille.intercontinental.com\/en\/committed-to-our-local-talent\/#breadcrumb\"},\"inLanguage\":\"en-US\",\"potentialAction\":[{\"@type\":\"ReadAction\",\"target\":[\"https:\/\/marseille.intercontinental.com\/en\/committed-to-our-local-talent\/\"]}]},{\"@type\":\"ImageObject\",\"inLanguage\":\"en-US\",\"@id\":\"https:\/\/marseille.intercontinental.com\/en\/committed-to-our-local-talent\/#primaryimage\",\"url\":\"https:\/\/marseille.intercontinental.com\/wp-content\/uploads\/sites\/5\/2024\/01\/DSC_6062-Avec-accentuation-Bruit-scaled.jpg\",\"contentUrl\":\"https:\/\/marseille.intercontinental.com\/wp-content\/uploads\/sites\/5\/2024\/01\/DSC_6062-Avec-accentuation-Bruit-scaled.jpg\",\"width\":2560,\"height\":1707,\"caption\":\"Leslie Cherfils, General Manager of the hotel, surrounded by the ten Marseilles artists who took part in the \\\"10 years, 10 artists\\\" exhibition to mark the hotel's tenth anniversary in 2023.\"},{\"@type\":\"BreadcrumbList\",\"@id\":\"https:\/\/marseille.intercontinental.com\/en\/committed-to-our-local-talent\/#breadcrumb\",\"itemListElement\":[{\"@type\":\"ListItem\",\"position\":1,\"name\":\"Home\",\"item\":\"https:\/\/marseille.intercontinental.com\/en\/intercontinental-marseille-hotel-dieu\/\"},{\"@type\":\"ListItem\",\"position\":2,\"name\":\"Committed to our local talent!\"}]},{\"@type\":\"WebSite\",\"@id\":\"https:\/\/marseille.intercontinental.com\/en\/#website\",\"url\":\"https:\/\/marseille.intercontinental.com\/en\/\",\"name\":\"InterContinental Marseille - H\u00f4tel Dieu\",\"description\":\"\u00c0 quoi ressemblaient nos h\u00f4tels en 2016 ? Voici un petit aper\u00e7u ! On peut dire sans h\u00e9siter qu&#039;elles ont toutes les deux bien chang\u00e9 !\",\"publisher\":{\"@id\":\"https:\/\/marseille.intercontinental.com\/en\/#organization\"},\"alternateName\":\"InterContinental Marseille\",\"potentialAction\":[{\"@type\":\"SearchAction\",\"target\":{\"@type\":\"EntryPoint\",\"urlTemplate\":\"https:\/\/marseille.intercontinental.com\/en\/?s={search_term_string}\"},\"query-input\":{\"@type\":\"PropertyValueSpecification\",\"valueRequired\":true,\"valueName\":\"search_term_string\"}}],\"inLanguage\":\"en-US\"},{\"@type\":\"Organization\",\"@id\":\"https:\/\/marseille.intercontinental.com\/en\/#organization\",\"name\":\"InterContinental Marseille - H\u00f4tel Dieu\",\"alternateName\":\"InterContinental Marseille\",\"url\":\"https:\/\/marseille.intercontinental.com\/en\/\",\"logo\":{\"@type\":\"ImageObject\",\"inLanguage\":\"en-US\",\"@id\":\"https:\/\/marseille.intercontinental.com\/en\/#\/schema\/logo\/image\/\",\"url\":\"https:\/\/marseille.intercontinental.com\/wp-content\/uploads\/sites\/5\/2023\/09\/intercontinental-marseille-hotel-dieu-logo.svg\",\"contentUrl\":\"https:\/\/marseille.intercontinental.com\/wp-content\/uploads\/sites\/5\/2023\/09\/intercontinental-marseille-hotel-dieu-logo.svg\",\"caption\":\"InterContinental Marseille - H\u00f4tel Dieu\"},\"image\":{\"@id\":\"https:\/\/marseille.intercontinental.com\/en\/#\/schema\/logo\/image\/\"},\"sameAs\":[\"https:\/\/www.facebook.com\/InterContinentalMarseilleHotelDieu\/\",\"https:\/\/x.com\/icmarseille\",\"https:\/\/www.instagram.com\/icmarseille\/\"]}]}<\/script>\n<!-- \/ Yoast SEO plugin. -->","yoast_head_json":{"title":"Committed to our local talent! & Provence - InterContinental Marseille - Hotel Dieu","description":"From Savonnerie de la Licorne to Provencal craftsmen and local artists\u2026 InterContinental Marseille celebrates the unique talents of its region.","robots":{"index":"index","follow":"follow","max-snippet":"max-snippet:-1","max-image-preview":"max-image-preview:large","max-video-preview":"max-video-preview:-1"},"canonical":"https:\/\/marseille.intercontinental.com\/en\/committed-to-our-local-talent\/","og_locale":"en_US","og_type":"article","og_title":"Committed to our local talent! & Provence - InterContinental Marseille - Hotel Dieu","og_description":"From Savonnerie de la Licorne to Provencal craftsmen and local artists\u2026 InterContinental Marseille celebrates the unique talents of its region.","og_url":"https:\/\/marseille.intercontinental.com\/en\/committed-to-our-local-talent\/","og_site_name":"InterContinental Marseille - Hotel Dieu","article_publisher":"https:\/\/www.facebook.com\/InterContinentalMarseilleHotelDieu\/","article_modified_time":"2026-04-21T13:56:39+00:00","og_image":[{"width":2560,"height":1707,"url":"https:\/\/marseille.intercontinental.com\/wp-content\/uploads\/sites\/5\/2024\/01\/DSC_6062-Avec-accentuation-Bruit-scaled.jpg","type":"image\/jpeg"}],"twitter_card":"summary_large_image","twitter_site":"@icmarseille","twitter_misc":{"Est. reading time":"2 minutes"},"schema":{"@context":"https:\/\/schema.org","@graph":[{"@type":"WebPage","@id":"https:\/\/marseille.intercontinental.com\/en\/committed-to-our-local-talent\/","url":"https:\/\/marseille.intercontinental.com\/en\/committed-to-our-local-talent\/","name":"Committed to our local talent! & Provence - InterContinental Marseille - Hotel Dieu","isPartOf":{"@id":"https:\/\/marseille.intercontinental.com\/en\/#website"},"primaryImageOfPage":{"@id":"https:\/\/marseille.intercontinental.com\/en\/committed-to-our-local-talent\/#primaryimage"},"image":{"@id":"https:\/\/marseille.intercontinental.com\/en\/committed-to-our-local-talent\/#primaryimage"},"thumbnailUrl":"https:\/\/marseille.intercontinental.com\/wp-content\/uploads\/sites\/5\/2024\/01\/DSC_6062-Avec-accentuation-Bruit-scaled.jpg","datePublished":"2024-02-12T13:12:43+00:00","dateModified":"2026-04-21T13:56:39+00:00","description":"From Savonnerie de la Licorne to Provencal craftsmen and local artists\u2026 InterContinental Marseille celebrates the unique talents of its region.","breadcrumb":{"@id":"https:\/\/marseille.intercontinental.com\/en\/committed-to-our-local-talent\/#breadcrumb"},"inLanguage":"en-US","potentialAction":[{"@type":"ReadAction","target":["https:\/\/marseille.intercontinental.com\/en\/committed-to-our-local-talent\/"]}]},{"@type":"ImageObject","inLanguage":"en-US","@id":"https:\/\/marseille.intercontinental.com\/en\/committed-to-our-local-talent\/#primaryimage","url":"https:\/\/marseille.intercontinental.com\/wp-content\/uploads\/sites\/5\/2024\/01\/DSC_6062-Avec-accentuation-Bruit-scaled.jpg","contentUrl":"https:\/\/marseille.intercontinental.com\/wp-content\/uploads\/sites\/5\/2024\/01\/DSC_6062-Avec-accentuation-Bruit-scaled.jpg","width":2560,"height":1707,"caption":"Leslie Cherfils, General Manager of the hotel, surrounded by the ten Marseilles artists who took part in the \"10 years, 10 artists\" exhibition to mark the hotel's tenth anniversary in 2023."},{"@type":"BreadcrumbList","@id":"https:\/\/marseille.intercontinental.com\/en\/committed-to-our-local-talent\/#breadcrumb","itemListElement":[{"@type":"ListItem","position":1,"name":"Home","item":"https:\/\/marseille.intercontinental.com\/en\/intercontinental-marseille-hotel-dieu\/"},{"@type":"ListItem","position":2,"name":"Committed to our local talent!"}]},{"@type":"WebSite","@id":"https:\/\/marseille.intercontinental.com\/en\/#website","url":"https:\/\/marseille.intercontinental.com\/en\/","name":"InterContinental Marseille - H\u00f4tel Dieu","description":"\u00c0 quoi ressemblaient nos h\u00f4tels en 2016 ? Voici un petit aper\u00e7u ! On peut dire sans h\u00e9siter qu&#039;elles ont toutes les deux bien chang\u00e9 !","publisher":{"@id":"https:\/\/marseille.intercontinental.com\/en\/#organization"},"alternateName":"InterContinental Marseille","potentialAction":[{"@type":"SearchAction","target":{"@type":"EntryPoint","urlTemplate":"https:\/\/marseille.intercontinental.com\/en\/?s={search_term_string}"},"query-input":{"@type":"PropertyValueSpecification","valueRequired":true,"valueName":"search_term_string"}}],"inLanguage":"en-US"},{"@type":"Organization","@id":"https:\/\/marseille.intercontinental.com\/en\/#organization","name":"InterContinental Marseille - H\u00f4tel Dieu","alternateName":"InterContinental Marseille","url":"https:\/\/marseille.intercontinental.com\/en\/","logo":{"@type":"ImageObject","inLanguage":"en-US","@id":"https:\/\/marseille.intercontinental.com\/en\/#\/schema\/logo\/image\/","url":"https:\/\/marseille.intercontinental.com\/wp-content\/uploads\/sites\/5\/2023\/09\/intercontinental-marseille-hotel-dieu-logo.svg","contentUrl":"https:\/\/marseille.intercontinental.com\/wp-content\/uploads\/sites\/5\/2023\/09\/intercontinental-marseille-hotel-dieu-logo.svg","caption":"InterContinental Marseille - H\u00f4tel Dieu"},"image":{"@id":"https:\/\/marseille.intercontinental.com\/en\/#\/schema\/logo\/image\/"},"sameAs":["https:\/\/www.facebook.com\/InterContinentalMarseilleHotelDieu\/","https:\/\/x.com\/icmarseille","https:\/\/www.instagram.com\/icmarseille\/"]}]}},"_links":{"self":[{"href":"https:\/\/marseille.intercontinental.com\/en\/wp-json\/wp\/v2\/pages\/13034","targetHints":{"allow":["GET"]}}],"collection":[{"href":"https:\/\/marseille.intercontinental.com\/en\/wp-json\/wp\/v2\/pages"}],"about":[{"href":"https:\/\/marseille.intercontinental.com\/en\/wp-json\/wp\/v2\/types\/page"}],"author":[{"embeddable":true,"href":"https:\/\/marseille.intercontinental.com\/en\/wp-json\/wp\/v2\/users\/13"}],"replies":[{"embeddable":true,"href":"https:\/\/marseille.intercontinental.com\/en\/wp-json\/wp\/v2\/comments?post=13034"}],"version-history":[{"count":3,"href":"https:\/\/marseille.intercontinental.com\/en\/wp-json\/wp\/v2\/pages\/13034\/revisions"}],"predecessor-version":[{"id":20432,"href":"https:\/\/marseille.intercontinental.com\/en\/wp-json\/wp\/v2\/pages\/13034\/revisions\/20432"}],"wp:featuredmedia":[{"embeddable":true,"href":"https:\/\/marseille.intercontinental.com\/en\/wp-json\/wp\/v2\/media\/13063"}],"wp:attachment":[{"href":"https:\/\/marseille.intercontinental.com\/en\/wp-json\/wp\/v2\/media?parent=13034"}],"curies":[{"name":"wp","href":"https:\/\/api.w.org\/{rel}","templated":true}]}}