{"id":1698,"date":"2019-12-13T17:13:54","date_gmt":"2019-12-13T16:13:54","guid":{"rendered":"https:\/\/marseille.intercontinental.com\/?page_id=1698"},"modified":"2024-01-02T11:38:03","modified_gmt":"2024-01-02T10:38:03","slug":"end-of-year-celebrations-at-the-intercontinental-marseille-hotel-dieu","status":"publish","type":"page","link":"https:\/\/marseille.intercontinental.com\/en\/end-of-year-celebrations-at-the-intercontinental-marseille-hotel-dieu\/","title":{"rendered":"New Year celebrations at the InterContinental Marseille &#8211; Hotel Dieu"},"content":{"rendered":"\r\n\r\n\r\n\r\n  <!-- Swiper hero -->\r\n  <div id=\"slideshow-block_b610f3ff085b15dee5671d6173862658\" class=\"row \">  \r\n    <div class=\"swiper d-swiper-container hero\" data-swiper={\"navigation\":{\"enabled\":false}}>\r\n      <div class=\"swiper-wrapper\">\r\n                    <div class=\"swiper-slide\">\r\n                              <span aria-hidden=\"true\" class=\"slide-e-background has-background-dim-30  has-background has-charcoal-grey-background-color\"><\/span>\r\n                                            <img decoding=\"async\" src=\"https:\/\/marseille.intercontinental.com\/wp-content\/uploads\/sites\/5\/2023\/10\/sandra-seitamaa-vH28lqJ_WYY-unsplash.jpg\"\r\n                sizes=\"(max-width: 2000px) 100vw, 2000px\"\r\n                srcset=\"https:\/\/marseille.intercontinental.com\/wp-content\/uploads\/sites\/5\/2023\/10\/sandra-seitamaa-vH28lqJ_WYY-unsplash.jpg 1920w,\r\n                        https:\/\/marseille.intercontinental.com\/wp-content\/uploads\/sites\/5\/2023\/10\/sandra-seitamaa-vH28lqJ_WYY-unsplash-1024x683.jpg 1024w,\r\n                        https:\/\/marseille.intercontinental.com\/wp-content\/uploads\/sites\/5\/2023\/10\/sandra-seitamaa-vH28lqJ_WYY-unsplash-768x512.jpg 768w\"\r\n                        alt=\"sandra-seitamaa-vH28lqJ_WYY-unsplash\">\r\n                                            <div class=\"slide-e-content d-none d-md-block\">\r\n                                      <h2 class=\"title\">End of year celebrations at the InterContinental Marseille &#8211; Hotel Dieu<\/h2>\r\n                                                                      <\/div>\r\n                          <\/div>\r\n                <\/div>\r\n            <\/div>\r\n  <\/div>\r\n  <!-- End Swiper hero -->\r\n\r\n \n\n<div class=\"wp-block-group row is-layout-constrained wp-block-group-is-layout-constrained\">\n<div class=\"wp-block-group pattern-address col-lg-12 has-light-grey-background-color has-background is-nowrap is-layout-flex wp-container-core-group-is-layout-fe492232 wp-block-group-is-layout-flex\" style=\"margin-bottom:var(--wp--preset--spacing--60)\">\n<div class=\"wp-block-group col-lg-6 offset-lg-3 is-vertical is-content-justification-center is-layout-flex wp-container-core-group-is-layout-f9a93ed8 wp-block-group-is-layout-flex\">\n<p class=\"has-text-align-center\" style=\"margin-top:0;margin-bottom:0\">InterContinental Marseille &#8211; Hotel Dieu &#8211; 1 Place Daviel, 13002 Marseille, France<\/p>\n\n\n\n<p class=\"has-charcoal-grey-color has-text-color has-small-font-size\"><a href=\"tel:+33413424242\">Phone: +33 (0)4 13 42 42 42<\/a><\/p>\n<\/div>\n\n\n\n<div class=\"wp-block-group col-lg-3 icons-social is-content-justification-right is-nowrap is-layout-flex wp-container-core-group-is-layout-17124a9a wp-block-group-is-layout-flex\">\n<figure class=\"wp-block-image size-full is-resized\"><a href=\"https:\/\/www.facebook.com\/InterContinentalMarseilleHotelDieu\/\" target=\"_blank\" rel=\"noreferrer noopener\"><img decoding=\"async\" src=\"https:\/\/marseille.intercontinental.com\/wp-content\/themes\/intercontinental\/assets\/images\/icons\/icon-facebook.svg\" alt=\"\" class=\"wp-image-2313\" style=\"width:25px;height:25px\" \/><\/a><\/figure>\n\n\n\n<figure class=\"wp-block-image size-full is-resized\"><a href=\"https:\/\/twitter.com\/icmarseille\" target=\"_blank\" rel=\"noreferrer noopener\"><img decoding=\"async\" src=\"https:\/\/marseille.intercontinental.com\/wp-content\/themes\/intercontinental\/assets\/images\/icons\/icon-twitter.svg\" alt=\"\" class=\"wp-image-121\" style=\"width:25px;height:25px\" \/><\/a><\/figure>\n\n\n\n<figure class=\"wp-block-image size-full is-resized\"><a href=\"https:\/\/instagram.com\/icmarseille\/\" target=\"_blank\" rel=\"noreferrer noopener\"><img decoding=\"async\" src=\"https:\/\/marseille.intercontinental.com\/wp-content\/themes\/intercontinental\/assets\/images\/icons\/icon-instagram.svg\" alt=\"\" class=\"wp-image-2315\" style=\"width:25px;height:25px\" \/><\/a><\/figure>\n<\/div>\n<\/div>\n<\/div>\n\n\n\n<div class=\"wp-block-columns is-layout-flex wp-container-core-columns-is-layout-28f84493 wp-block-columns-is-layout-flex\">\n<div class=\"wp-block-column is-layout-flow wp-block-column-is-layout-flow\" style=\"flex-basis:15%\"><\/div>\n\n\n\n<div class=\"wp-block-column is-layout-flow wp-block-column-is-layout-flow\">\n<p class=\"has-text-align-center\">The hotel has put on its warm lights and decorations dotted with gold and white to celebrate the magic of the end-of-year holidays. Discover our offers to organize your precious moments.<\/p>\n\n\n\n<div class=\"wp-block-columns is-layout-flex wp-container-core-columns-is-layout-28f84493 wp-block-columns-is-layout-flex\">\n<div class=\"wp-block-column is-layout-flow wp-block-column-is-layout-flow\">\n<div style=\"height:25px\" aria-hidden=\"true\" class=\"wp-block-spacer\"><\/div>\n\n\n\n<div class=\"wp-block-media-text is-stacked-on-mobile\" style=\"grid-template-columns:42% auto\"><figure class=\"wp-block-media-text__media\"><img decoding=\"async\" width=\"1024\" height=\"768\" src=\"https:\/\/marseille.intercontinental.com\/wp-content\/uploads\/sites\/5\/2023\/12\/P2311520-1024x768.jpg\" alt=\"\" class=\"wp-image-12416 size-full\" srcset=\"https:\/\/marseille.intercontinental.com\/wp-content\/uploads\/sites\/5\/2023\/12\/P2311520-1024x768.jpg 1024w, https:\/\/marseille.intercontinental.com\/wp-content\/uploads\/sites\/5\/2023\/12\/P2311520-300x225.jpg 300w, https:\/\/marseille.intercontinental.com\/wp-content\/uploads\/sites\/5\/2023\/12\/P2311520-768x576.jpg 768w, https:\/\/marseille.intercontinental.com\/wp-content\/uploads\/sites\/5\/2023\/12\/P2311520-1536x1152.jpg 1536w, https:\/\/marseille.intercontinental.com\/wp-content\/uploads\/sites\/5\/2023\/12\/P2311520-2048x1536.jpg 2048w\" sizes=\"(max-width: 1024px) 100vw, 1024px\" \/><\/figure><div class=\"wp-block-media-text__content\">\n<h4 class=\"wp-block-heading\"><strong>The Capian bubble bar<\/strong><\/h4>\n\n\n\n<p>Our magical bubbles will return to the terrace! Discover them this year in a \u201cfrosted velvet\u201d version, in partnership with the Disarrono Velvet brand. Facing the Bonne-M\u00e8re, an atypical space to enjoy cocktails from our head bartender as well as a selection of small dishes created by our chefs.<\/p>\n\n\n\n<h4 class=\"wp-block-heading\"><br><strong>The festive Picapian<\/strong><\/h4>\n\n\n\n<p>From December 1 to January 7, our bar offers you a delicious festive Picapian: a meal to share accompanied by two cocktails as well as a festive menu. Enjoy!<\/p>\n\n\n\n<p><strong>Information and Reservation<br><\/strong><em>95\u20ac for two people.<\/em><\/p>\n\n\n\n<p><em>Reservation required &#8211; xavier.gilly1@ihg.com<\/em><\/p>\n<\/div><\/div>\n\n\n\n<p class=\"has-white-background-color has-background\"><\/p>\n\n\n\n<p><strong>Organize your end-of-year events.<\/strong><\/p>\n\n\n\n<p>Bring your teams together in a magical setting around a delicious meal! Our chefs have created menus adapted to all desires, with the possibility of sharing traditional dishes, choosing a plated menu, privatizing the starred restaurant or organizing an outdoor cocktail even in the middle of winter.<\/p>\n\n\n\n<p>Contact us to think together about the event that suits you!<\/p>\n<\/div>\n<\/div>\n\n\n\n<p class=\"has-text-align-center\"><strong>Information and Reservation<\/strong><\/p>\n\n\n\n<p class=\"has-text-align-center\">reservations.marseille@ihg.com or +33(0)4 13 42 42 30<\/p>\n<\/div>\n\n\n\n<div class=\"wp-block-column is-layout-flow wp-block-column-is-layout-flow\" style=\"flex-basis:15%\"><\/div>\n<\/div>\n","protected":false},"excerpt":{"rendered":"<p>InterContinental Marseille &#8211; Hotel Dieu &#8211; 1 Place Daviel, 13002 Marseille, France Phone: +33 (0)4 13 42 42 42 The hotel has put on its warm lights and decorations dotted with gold and white to celebrate the magic of the [&hellip;]<\/p>\n","protected":false},"author":2,"featured_media":11844,"parent":0,"menu_order":0,"comment_status":"closed","ping_status":"closed","template":"","meta":{"_acf_changed":false,"footnotes":""},"class_list":["post-1698","page","type-page","status-publish","has-post-thumbnail","hentry"],"acf":{"schema":""},"yoast_head":"<!-- This site is optimized with the Yoast SEO plugin v26.2 - https:\/\/yoast.com\/wordpress\/plugins\/seo\/ -->\n<title>New Year celebrations at the InterContinental Marseille - Hotel Dieu - InterContinental Marseille - Hotel Dieu - \u00c0 quoi ressemblaient nos h\u00f4tels en 2016 ? Voici un petit aper\u00e7u ! On peut dire sans h\u00e9siter qu&#039;elles ont toutes les deux bien chang\u00e9 !<\/title>\n<meta name=\"description\" content=\"InterContinental Marseille - Hotel Dieu - 1 Place Daviel, 13002 Marseille, France Phone: +33 (0)4 13 42 42 42 The hotel has put on its warm lights and\" \/>\n<meta name=\"robots\" content=\"index, follow, max-snippet:-1, max-image-preview:large, max-video-preview:-1\" \/>\n<link rel=\"canonical\" href=\"https:\/\/marseille.intercontinental.com\/en\/end-of-year-celebrations-at-the-intercontinental-marseille-hotel-dieu\/\" \/>\n<meta property=\"og:locale\" content=\"en_US\" \/>\n<meta property=\"og:type\" content=\"article\" \/>\n<meta property=\"og:title\" content=\"New Year celebrations at the InterContinental Marseille - Hotel Dieu - InterContinental Marseille - Hotel Dieu - \u00c0 quoi ressemblaient nos h\u00f4tels en 2016 ? Voici un petit aper\u00e7u ! On peut dire sans h\u00e9siter qu&#039;elles ont toutes les deux bien chang\u00e9 !\" \/>\n<meta property=\"og:description\" content=\"InterContinental Marseille - Hotel Dieu - 1 Place Daviel, 13002 Marseille, France Phone: +33 (0)4 13 42 42 42 The hotel has put on its warm lights and\" \/>\n<meta property=\"og:url\" content=\"https:\/\/marseille.intercontinental.com\/en\/end-of-year-celebrations-at-the-intercontinental-marseille-hotel-dieu\/\" \/>\n<meta property=\"og:site_name\" content=\"InterContinental Marseille - Hotel Dieu\" \/>\n<meta property=\"article:publisher\" content=\"https:\/\/www.facebook.com\/InterContinentalMarseilleHotelDieu\/\" \/>\n<meta property=\"article:modified_time\" content=\"2024-01-02T10:38:03+00:00\" \/>\n<meta property=\"og:image\" content=\"https:\/\/marseille.intercontinental.com\/wp-content\/uploads\/sites\/5\/2023\/10\/sandra-seitamaa-vH28lqJ_WYY-unsplash.jpg\" \/>\n\t<meta property=\"og:image:width\" content=\"1920\" \/>\n\t<meta property=\"og:image:height\" content=\"1281\" \/>\n\t<meta property=\"og:image:type\" content=\"image\/jpeg\" \/>\n<meta name=\"twitter:card\" content=\"summary_large_image\" \/>\n<meta name=\"twitter:site\" content=\"@icmarseille\" \/>\n<meta name=\"twitter:label1\" content=\"Est. reading time\" \/>\n\t<meta name=\"twitter:data1\" content=\"2 minutes\" \/>\n<script type=\"application\/ld+json\" class=\"yoast-schema-graph\">{\"@context\":\"https:\/\/schema.org\",\"@graph\":[{\"@type\":\"WebPage\",\"@id\":\"https:\/\/marseille.intercontinental.com\/en\/end-of-year-celebrations-at-the-intercontinental-marseille-hotel-dieu\/\",\"url\":\"https:\/\/marseille.intercontinental.com\/en\/end-of-year-celebrations-at-the-intercontinental-marseille-hotel-dieu\/\",\"name\":\"New Year celebrations at the InterContinental Marseille - Hotel Dieu - InterContinental Marseille - Hotel Dieu - \u00c0 quoi ressemblaient nos h\u00f4tels en 2016 ? Voici un petit aper\u00e7u ! On peut dire sans h\u00e9siter qu&#039;elles ont toutes les deux bien chang\u00e9 !\",\"isPartOf\":{\"@id\":\"https:\/\/marseille.intercontinental.com\/en\/#website\"},\"primaryImageOfPage\":{\"@id\":\"https:\/\/marseille.intercontinental.com\/en\/end-of-year-celebrations-at-the-intercontinental-marseille-hotel-dieu\/#primaryimage\"},\"image\":{\"@id\":\"https:\/\/marseille.intercontinental.com\/en\/end-of-year-celebrations-at-the-intercontinental-marseille-hotel-dieu\/#primaryimage\"},\"thumbnailUrl\":\"https:\/\/marseille.intercontinental.com\/wp-content\/uploads\/sites\/5\/2023\/10\/sandra-seitamaa-vH28lqJ_WYY-unsplash.jpg\",\"datePublished\":\"2019-12-13T16:13:54+00:00\",\"dateModified\":\"2024-01-02T10:38:03+00:00\",\"description\":\"InterContinental Marseille - Hotel Dieu - 1 Place Daviel, 13002 Marseille, France Phone: +33 (0)4 13 42 42 42 The hotel has put on its warm lights and\",\"breadcrumb\":{\"@id\":\"https:\/\/marseille.intercontinental.com\/en\/end-of-year-celebrations-at-the-intercontinental-marseille-hotel-dieu\/#breadcrumb\"},\"inLanguage\":\"en-US\",\"potentialAction\":[{\"@type\":\"ReadAction\",\"target\":[\"https:\/\/marseille.intercontinental.com\/en\/end-of-year-celebrations-at-the-intercontinental-marseille-hotel-dieu\/\"]}]},{\"@type\":\"ImageObject\",\"inLanguage\":\"en-US\",\"@id\":\"https:\/\/marseille.intercontinental.com\/en\/end-of-year-celebrations-at-the-intercontinental-marseille-hotel-dieu\/#primaryimage\",\"url\":\"https:\/\/marseille.intercontinental.com\/wp-content\/uploads\/sites\/5\/2023\/10\/sandra-seitamaa-vH28lqJ_WYY-unsplash.jpg\",\"contentUrl\":\"https:\/\/marseille.intercontinental.com\/wp-content\/uploads\/sites\/5\/2023\/10\/sandra-seitamaa-vH28lqJ_WYY-unsplash.jpg\",\"width\":1920,\"height\":1281},{\"@type\":\"BreadcrumbList\",\"@id\":\"https:\/\/marseille.intercontinental.com\/en\/end-of-year-celebrations-at-the-intercontinental-marseille-hotel-dieu\/#breadcrumb\",\"itemListElement\":[{\"@type\":\"ListItem\",\"position\":1,\"name\":\"Home\",\"item\":\"https:\/\/marseille.intercontinental.com\/en\/\"},{\"@type\":\"ListItem\",\"position\":2,\"name\":\"New Year celebrations at the InterContinental Marseille &#8211; Hotel Dieu\"}]},{\"@type\":\"WebSite\",\"@id\":\"https:\/\/marseille.intercontinental.com\/en\/#website\",\"url\":\"https:\/\/marseille.intercontinental.com\/en\/\",\"name\":\"InterContinental Marseille - H\u00f4tel Dieu\",\"description\":\"\u00c0 quoi ressemblaient nos h\u00f4tels en 2016 ? Voici un petit aper\u00e7u ! On peut dire sans h\u00e9siter qu&#039;elles ont toutes les deux bien chang\u00e9 !\",\"publisher\":{\"@id\":\"https:\/\/marseille.intercontinental.com\/en\/#organization\"},\"alternateName\":\"InterContinental Marseille\",\"potentialAction\":[{\"@type\":\"SearchAction\",\"target\":{\"@type\":\"EntryPoint\",\"urlTemplate\":\"https:\/\/marseille.intercontinental.com\/en\/?s={search_term_string}\"},\"query-input\":{\"@type\":\"PropertyValueSpecification\",\"valueRequired\":true,\"valueName\":\"search_term_string\"}}],\"inLanguage\":\"en-US\"},{\"@type\":\"Organization\",\"@id\":\"https:\/\/marseille.intercontinental.com\/en\/#organization\",\"name\":\"InterContinental Marseille - H\u00f4tel Dieu\",\"alternateName\":\"InterContinental Marseille\",\"url\":\"https:\/\/marseille.intercontinental.com\/en\/\",\"logo\":{\"@type\":\"ImageObject\",\"inLanguage\":\"en-US\",\"@id\":\"https:\/\/marseille.intercontinental.com\/en\/#\/schema\/logo\/image\/\",\"url\":\"https:\/\/marseille.intercontinental.com\/wp-content\/uploads\/sites\/5\/2023\/09\/intercontinental-marseille-hotel-dieu-logo.svg\",\"contentUrl\":\"https:\/\/marseille.intercontinental.com\/wp-content\/uploads\/sites\/5\/2023\/09\/intercontinental-marseille-hotel-dieu-logo.svg\",\"caption\":\"InterContinental Marseille - H\u00f4tel Dieu\"},\"image\":{\"@id\":\"https:\/\/marseille.intercontinental.com\/en\/#\/schema\/logo\/image\/\"},\"sameAs\":[\"https:\/\/www.facebook.com\/InterContinentalMarseilleHotelDieu\/\",\"https:\/\/x.com\/icmarseille\",\"https:\/\/www.instagram.com\/icmarseille\/\"]}]}<\/script>\n<!-- \/ Yoast SEO plugin. -->","yoast_head_json":{"title":"New Year celebrations at the InterContinental Marseille - Hotel Dieu - InterContinental Marseille - Hotel Dieu - \u00c0 quoi ressemblaient nos h\u00f4tels en 2016 ? Voici un petit aper\u00e7u ! On peut dire sans h\u00e9siter qu&#039;elles ont toutes les deux bien chang\u00e9 !","description":"InterContinental Marseille - Hotel Dieu - 1 Place Daviel, 13002 Marseille, France Phone: +33 (0)4 13 42 42 42 The hotel has put on its warm lights and","robots":{"index":"index","follow":"follow","max-snippet":"max-snippet:-1","max-image-preview":"max-image-preview:large","max-video-preview":"max-video-preview:-1"},"canonical":"https:\/\/marseille.intercontinental.com\/en\/end-of-year-celebrations-at-the-intercontinental-marseille-hotel-dieu\/","og_locale":"en_US","og_type":"article","og_title":"New Year celebrations at the InterContinental Marseille - Hotel Dieu - InterContinental Marseille - Hotel Dieu - \u00c0 quoi ressemblaient nos h\u00f4tels en 2016 ? Voici un petit aper\u00e7u ! On peut dire sans h\u00e9siter qu&#039;elles ont toutes les deux bien chang\u00e9 !","og_description":"InterContinental Marseille - Hotel Dieu - 1 Place Daviel, 13002 Marseille, France Phone: +33 (0)4 13 42 42 42 The hotel has put on its warm lights and","og_url":"https:\/\/marseille.intercontinental.com\/en\/end-of-year-celebrations-at-the-intercontinental-marseille-hotel-dieu\/","og_site_name":"InterContinental Marseille - Hotel Dieu","article_publisher":"https:\/\/www.facebook.com\/InterContinentalMarseilleHotelDieu\/","article_modified_time":"2024-01-02T10:38:03+00:00","og_image":[{"width":1920,"height":1281,"url":"https:\/\/marseille.intercontinental.com\/wp-content\/uploads\/sites\/5\/2023\/10\/sandra-seitamaa-vH28lqJ_WYY-unsplash.jpg","type":"image\/jpeg"}],"twitter_card":"summary_large_image","twitter_site":"@icmarseille","twitter_misc":{"Est. reading time":"2 minutes"},"schema":{"@context":"https:\/\/schema.org","@graph":[{"@type":"WebPage","@id":"https:\/\/marseille.intercontinental.com\/en\/end-of-year-celebrations-at-the-intercontinental-marseille-hotel-dieu\/","url":"https:\/\/marseille.intercontinental.com\/en\/end-of-year-celebrations-at-the-intercontinental-marseille-hotel-dieu\/","name":"New Year celebrations at the InterContinental Marseille - Hotel Dieu - InterContinental Marseille - Hotel Dieu - \u00c0 quoi ressemblaient nos h\u00f4tels en 2016 ? Voici un petit aper\u00e7u ! On peut dire sans h\u00e9siter qu&#039;elles ont toutes les deux bien chang\u00e9 !","isPartOf":{"@id":"https:\/\/marseille.intercontinental.com\/en\/#website"},"primaryImageOfPage":{"@id":"https:\/\/marseille.intercontinental.com\/en\/end-of-year-celebrations-at-the-intercontinental-marseille-hotel-dieu\/#primaryimage"},"image":{"@id":"https:\/\/marseille.intercontinental.com\/en\/end-of-year-celebrations-at-the-intercontinental-marseille-hotel-dieu\/#primaryimage"},"thumbnailUrl":"https:\/\/marseille.intercontinental.com\/wp-content\/uploads\/sites\/5\/2023\/10\/sandra-seitamaa-vH28lqJ_WYY-unsplash.jpg","datePublished":"2019-12-13T16:13:54+00:00","dateModified":"2024-01-02T10:38:03+00:00","description":"InterContinental Marseille - Hotel Dieu - 1 Place Daviel, 13002 Marseille, France Phone: +33 (0)4 13 42 42 42 The hotel has put on its warm lights and","breadcrumb":{"@id":"https:\/\/marseille.intercontinental.com\/en\/end-of-year-celebrations-at-the-intercontinental-marseille-hotel-dieu\/#breadcrumb"},"inLanguage":"en-US","potentialAction":[{"@type":"ReadAction","target":["https:\/\/marseille.intercontinental.com\/en\/end-of-year-celebrations-at-the-intercontinental-marseille-hotel-dieu\/"]}]},{"@type":"ImageObject","inLanguage":"en-US","@id":"https:\/\/marseille.intercontinental.com\/en\/end-of-year-celebrations-at-the-intercontinental-marseille-hotel-dieu\/#primaryimage","url":"https:\/\/marseille.intercontinental.com\/wp-content\/uploads\/sites\/5\/2023\/10\/sandra-seitamaa-vH28lqJ_WYY-unsplash.jpg","contentUrl":"https:\/\/marseille.intercontinental.com\/wp-content\/uploads\/sites\/5\/2023\/10\/sandra-seitamaa-vH28lqJ_WYY-unsplash.jpg","width":1920,"height":1281},{"@type":"BreadcrumbList","@id":"https:\/\/marseille.intercontinental.com\/en\/end-of-year-celebrations-at-the-intercontinental-marseille-hotel-dieu\/#breadcrumb","itemListElement":[{"@type":"ListItem","position":1,"name":"Home","item":"https:\/\/marseille.intercontinental.com\/en\/"},{"@type":"ListItem","position":2,"name":"New Year celebrations at the InterContinental Marseille &#8211; Hotel Dieu"}]},{"@type":"WebSite","@id":"https:\/\/marseille.intercontinental.com\/en\/#website","url":"https:\/\/marseille.intercontinental.com\/en\/","name":"InterContinental Marseille - H\u00f4tel Dieu","description":"\u00c0 quoi ressemblaient nos h\u00f4tels en 2016 ? Voici un petit aper\u00e7u ! On peut dire sans h\u00e9siter qu&#039;elles ont toutes les deux bien chang\u00e9 !","publisher":{"@id":"https:\/\/marseille.intercontinental.com\/en\/#organization"},"alternateName":"InterContinental Marseille","potentialAction":[{"@type":"SearchAction","target":{"@type":"EntryPoint","urlTemplate":"https:\/\/marseille.intercontinental.com\/en\/?s={search_term_string}"},"query-input":{"@type":"PropertyValueSpecification","valueRequired":true,"valueName":"search_term_string"}}],"inLanguage":"en-US"},{"@type":"Organization","@id":"https:\/\/marseille.intercontinental.com\/en\/#organization","name":"InterContinental Marseille - H\u00f4tel Dieu","alternateName":"InterContinental Marseille","url":"https:\/\/marseille.intercontinental.com\/en\/","logo":{"@type":"ImageObject","inLanguage":"en-US","@id":"https:\/\/marseille.intercontinental.com\/en\/#\/schema\/logo\/image\/","url":"https:\/\/marseille.intercontinental.com\/wp-content\/uploads\/sites\/5\/2023\/09\/intercontinental-marseille-hotel-dieu-logo.svg","contentUrl":"https:\/\/marseille.intercontinental.com\/wp-content\/uploads\/sites\/5\/2023\/09\/intercontinental-marseille-hotel-dieu-logo.svg","caption":"InterContinental Marseille - H\u00f4tel Dieu"},"image":{"@id":"https:\/\/marseille.intercontinental.com\/en\/#\/schema\/logo\/image\/"},"sameAs":["https:\/\/www.facebook.com\/InterContinentalMarseilleHotelDieu\/","https:\/\/x.com\/icmarseille","https:\/\/www.instagram.com\/icmarseille\/"]}]}},"_links":{"self":[{"href":"https:\/\/marseille.intercontinental.com\/en\/wp-json\/wp\/v2\/pages\/1698","targetHints":{"allow":["GET"]}}],"collection":[{"href":"https:\/\/marseille.intercontinental.com\/en\/wp-json\/wp\/v2\/pages"}],"about":[{"href":"https:\/\/marseille.intercontinental.com\/en\/wp-json\/wp\/v2\/types\/page"}],"author":[{"embeddable":true,"href":"https:\/\/marseille.intercontinental.com\/en\/wp-json\/wp\/v2\/users\/2"}],"replies":[{"embeddable":true,"href":"https:\/\/marseille.intercontinental.com\/en\/wp-json\/wp\/v2\/comments?post=1698"}],"version-history":[{"count":0,"href":"https:\/\/marseille.intercontinental.com\/en\/wp-json\/wp\/v2\/pages\/1698\/revisions"}],"wp:featuredmedia":[{"embeddable":true,"href":"https:\/\/marseille.intercontinental.com\/en\/wp-json\/wp\/v2\/media\/11844"}],"wp:attachment":[{"href":"https:\/\/marseille.intercontinental.com\/en\/wp-json\/wp\/v2\/media?parent=1698"}],"curies":[{"name":"wp","href":"https:\/\/api.w.org\/{rel}","templated":true}]}}