{"id":533,"date":"2019-10-28T11:40:25","date_gmt":"2019-10-28T10:40:25","guid":{"rendered":"http:\/\/marseille.intercontinental.com\/?page_id=533"},"modified":"2025-08-07T15:04:46","modified_gmt":"2025-08-07T13:04:46","slug":"our-history","status":"publish","type":"page","link":"https:\/\/marseille.intercontinental.com\/en\/our-history\/","title":{"rendered":"Our History"},"content":{"rendered":"\n<div class=\"wp-block-columns is-layout-flex wp-container-core-columns-is-layout-28f84493 wp-block-columns-is-layout-flex\">\n<div class=\"wp-block-column is-layout-flow wp-block-column-is-layout-flow\" style=\"flex-basis:15%\"><\/div>\n\n\n\n<div class=\"wp-block-column is-layout-flow wp-block-column-is-layout-flow\">\n<h1 class=\"wp-block-heading has-text-align-center\">Our History<\/h1>\n\n\n\n<div style=\"height:45px\" aria-hidden=\"true\" class=\"wp-block-spacer\"><\/div>\n\n\n\n<p><strong><strong>Prior to becoming the most important of the 5*hotels in Marseille, this eminent building traversed the centuries and is redolent of a history interwoven with that of the city.<\/strong><\/strong><\/p>\n\n\n\n<div style=\"height:22px\" aria-hidden=\"true\" class=\"wp-block-spacer\"><\/div>\n\n\n\n<figure class=\"wp-block-image aligncenter\"><img decoding=\"async\" src=\"http:\/\/marseille.intercontinental.com\/wp-content\/uploads\/sites\/5\/2019\/09\/InterContinental-Marseille-Hotel-Dieu-Notre-Histoire-carte-postale-hotel-dieu.jpg\" alt=\"\" class=\"wp-image-200\" \/><\/figure>\n\n\n\n<div style=\"height:21px\" aria-hidden=\"true\" class=\"wp-block-spacer\"><\/div>\n\n\n\n<ul class=\"wp-block-list\">\n<li><strong>1593<\/strong>&nbsp;Merger of the hospital St Jacques de Galice and the Saint-Esprit hospital<\/li>\n\n\n\n<li><strong>1753<\/strong>&nbsp;Extension of the new H\u00f4tel-Dieu, based on the plans of Jacques Hardouin-Mansart, nephew of the famous architect, also named Mansart<\/li>\n\n\n\n<li><strong>1781<\/strong>&nbsp;Joseph Esprit Brun adds the two massive staircases<\/li>\n\n\n\n<li><strong>1866<\/strong>&nbsp;The new H\u00f4tel-Dieu is inaugurated by Napol\u00e9on III, on November 15th, the birthday of the Empress Eug\u00e9nie<\/li>\n\n\n\n<li><strong>1993<\/strong>&nbsp;The last patients leave the hospital. The H\u00f4tel-Dieu now becomes a teaching hospital for medics and paramedics<\/li>\n\n\n\n<li><strong>2006<\/strong>&nbsp;The H\u00f4tel-Dieu hospital closes its doors<\/li>\n\n\n\n<li><strong>2007<\/strong>&nbsp;Acquisition of the H\u00f4tel-Dieu by the city of Marseille<\/li>\n\n\n\n<li><strong>2007<\/strong>&nbsp;AXA Real Estate acquires a 99-year lease and invests i20 million euros<\/li>\n\n\n\n<li><strong>2010<\/strong>&nbsp;Foundation stone laid<\/li>\n\n\n\n<li><strong>2013<\/strong>&nbsp;Official opening of the InterContinental Marseille \u2013 Hotel Dieu<\/li>\n\n\n\n<li><strong>2016<\/strong>&nbsp;The 150th anniversary of the H\u00f4tel-Dieu and InterContinental Marseille \u2013 H\u00f4tel Dieu celebrates its third birthday!<\/li>\n<\/ul>\n\n\n\n<p>12th century: The remains of a 12th century chapel are buried beneath the hotel\u2019s gardens. A Roman mosaic dating from the 1st century A.D. can be seen in the Espace Culturel (on the ground floor)<\/p>\n\n\n\n<p>Should you wish to learn more of the history of the H\u00f4tel-Dieu, you will find books on sale at the concierge\u2019s desk: price 35\u20ac<\/p>\n\n\n\n<div style=\"height:26px\" aria-hidden=\"true\" class=\"wp-block-spacer\"><\/div>\n\n\n\n<div class=\"wp-block-columns is-layout-flex wp-container-core-columns-is-layout-28f84493 wp-block-columns-is-layout-flex\">\n<div class=\"wp-block-column is-layout-flow wp-block-column-is-layout-flow\">\n<figure class=\"wp-block-image aligncenter size-large is-resized\"><img decoding=\"async\" src=\"https:\/\/marseille.intercontinental.com\/wp-content\/uploads\/sites\/5\/2019\/09\/InterContinental-Marseille-Hotel-Dieu-Notre-Histoire-1024x818.jpg\" alt=\"\" class=\"wp-image-206\" style=\"width:512px;height:409px\" \/><\/figure>\n<\/div>\n\n\n\n<div class=\"wp-block-column is-layout-flow wp-block-column-is-layout-flow\">\n<figure class=\"wp-block-image aligncenter size-full is-resized\"><img decoding=\"async\" src=\"https:\/\/marseille.intercontinental.com\/wp-content\/uploads\/sites\/5\/2019\/09\/InterContinental-Marseille-Hotel-Dieu-Notre-Histoire-2.jpg\" alt=\"\" class=\"wp-image-207\" style=\"width:400px;height:505px\" \/><\/figure>\n<\/div>\n<\/div>\n\n\n\n<h3 class=\"wp-block-heading has-text-align-center mt-5\">Architecture<\/h3>\n\n\n\n<p>While the magnificent exterior renovation of the InterContinental Marseille H\u00f4tel-Dieu is the work of the architect,&nbsp;<strong>Anthony B\u00e9chu<\/strong>&nbsp;and the&nbsp;<strong>Tangram Agency<\/strong>, the interior design is the brainchild of&nbsp;<strong>Jean-Philippe Nuel<\/strong>, a world reference in luxury hotel design and whose works are characterized by their diversity and ingenuity.<\/p>\n\n\n\n<p>The main facade and the two superb staircases, with their intricate wrought-iron are on the inventory of the Listed Monuments<\/p>\n\n\n\n<p>A sustainable pilot project, the InterContinental Marseille \u2013 Hotel Dieu is the first hotel ever to be restructured subject to an environmental quality certification. This certification requires scrupulous monitoring of stringent specifications, especially in the choice of building materials, energy and water management, visual comfort, acoustics, and in the quality of air and water.<\/p>\n\n\n\n<div class=\"wp-block-buttons is-content-justification-center is-layout-flex wp-container-core-buttons-is-layout-a89b3969 wp-block-buttons-is-layout-flex\">\n<div class=\"wp-block-button mb-5\"><a class=\"wp-block-button__link wp-element-button\" href=\"https:\/\/marseille.intercontinental.com\/wp-content\/uploads\/sites\/5\/2025\/08\/Livret-Histoire-18x24-Intercontinental-Marseille-EN-Digital.pdf\" target=\"_blank\" rel=\"noreferrer noopener\">Discover our history<\/a><\/div>\n<\/div>\n<\/div>\n\n\n\n<div class=\"wp-block-column is-layout-flow wp-block-column-is-layout-flow\" style=\"flex-basis:15%\"><\/div>\n<\/div>\n","protected":false},"excerpt":{"rendered":"<p>Our History Prior to becoming the most important of the 5*hotels in Marseille, this eminent building traversed the centuries and is redolent of a history interwoven with that of the city. 12th century: The remains of a 12th century chapel [&hellip;]<\/p>\n","protected":false},"author":1,"featured_media":0,"parent":0,"menu_order":0,"comment_status":"closed","ping_status":"closed","template":"","meta":{"_acf_changed":false,"footnotes":""},"class_list":["post-533","page","type-page","status-publish","hentry"],"acf":[],"yoast_head":"<!-- This site is optimized with the Yoast SEO plugin v26.2 - https:\/\/yoast.com\/wordpress\/plugins\/seo\/ -->\n<title>Our History - InterContinental Marseille - Hotel Dieu - Offrez-vous une vue imprenable sur la cit\u00e9 phoc\u00e9enne depuis ce lieu d\u2019exception, avec 194 chambres, dont 15 suites \u00e9l\u00e9gantes. A la Brasserie Les Fen\u00eatres, laissez-vous s\u00e9duire par une cuisine m\u00e9diterran\u00e9enne savoureuse, puis savourez un cocktail au Bar Le Capian, o\u00f9 l\u2019art du mixologie est \u00e0 l\u2019honneur. Profitez \u00e9galement de la piscine et du Spa by Clarins.&lt;br&gt;Avec 1 230 m\u00b2 d\u2019espaces \u00e9v\u00e9nementiels, cet endroit allie parfaitement confort, \u00e9l\u00e9gance et panorama exceptionnel face \u00e0 la mer.<\/title>\n<meta name=\"description\" content=\"Our History Prior to becoming the most important of the 5*hotels in Marseille, this eminent building traversed the centuries and is redolent of a history\" \/>\n<meta name=\"robots\" content=\"index, follow, max-snippet:-1, max-image-preview:large, max-video-preview:-1\" \/>\n<link rel=\"canonical\" href=\"https:\/\/marseille.intercontinental.com\/en\/our-history\/\" \/>\n<meta property=\"og:locale\" content=\"en_US\" \/>\n<meta property=\"og:type\" content=\"article\" \/>\n<meta property=\"og:title\" content=\"Our History - InterContinental Marseille - Hotel Dieu - Offrez-vous une vue imprenable sur la cit\u00e9 phoc\u00e9enne depuis ce lieu d\u2019exception, avec 194 chambres, dont 15 suites \u00e9l\u00e9gantes. A la Brasserie Les Fen\u00eatres, laissez-vous s\u00e9duire par une cuisine m\u00e9diterran\u00e9enne savoureuse, puis savourez un cocktail au Bar Le Capian, o\u00f9 l\u2019art du mixologie est \u00e0 l\u2019honneur. Profitez \u00e9galement de la piscine et du Spa by Clarins.&lt;br&gt;Avec 1 230 m\u00b2 d\u2019espaces \u00e9v\u00e9nementiels, cet endroit allie parfaitement confort, \u00e9l\u00e9gance et panorama exceptionnel face \u00e0 la mer.\" \/>\n<meta property=\"og:description\" content=\"Our History Prior to becoming the most important of the 5*hotels in Marseille, this eminent building traversed the centuries and is redolent of a history\" \/>\n<meta property=\"og:url\" content=\"https:\/\/marseille.intercontinental.com\/en\/our-history\/\" \/>\n<meta property=\"og:site_name\" content=\"InterContinental Marseille - Hotel Dieu\" \/>\n<meta property=\"article:publisher\" content=\"https:\/\/www.facebook.com\/InterContinentalMarseilleHotelDieu\/\" \/>\n<meta property=\"article:modified_time\" content=\"2025-08-07T13:04:46+00:00\" \/>\n<meta property=\"og:image\" content=\"http:\/\/marseille.intercontinental.com\/wp-content\/uploads\/sites\/5\/2019\/09\/InterContinental-Marseille-Hotel-Dieu-Notre-Histoire-carte-postale-hotel-dieu.jpg\" \/>\n<meta name=\"twitter:card\" content=\"summary_large_image\" \/>\n<meta name=\"twitter:site\" content=\"@icmarseille\" \/>\n<meta name=\"twitter:label1\" content=\"Est. reading time\" \/>\n\t<meta name=\"twitter:data1\" content=\"3 minutes\" \/>\n<script type=\"application\/ld+json\" class=\"yoast-schema-graph\">{\"@context\":\"https:\/\/schema.org\",\"@graph\":[{\"@type\":\"WebPage\",\"@id\":\"https:\/\/marseille.intercontinental.com\/en\/our-history\/\",\"url\":\"https:\/\/marseille.intercontinental.com\/en\/our-history\/\",\"name\":\"Our History - InterContinental Marseille - Hotel Dieu - Offrez-vous une vue imprenable sur la cit\u00e9 phoc\u00e9enne depuis ce lieu d\u2019exception, avec 194 chambres, dont 15 suites \u00e9l\u00e9gantes. A la Brasserie Les Fen\u00eatres, laissez-vous s\u00e9duire par une cuisine m\u00e9diterran\u00e9enne savoureuse, puis savourez un cocktail au Bar Le Capian, o\u00f9 l\u2019art du mixologie est \u00e0 l\u2019honneur. Profitez \u00e9galement de la piscine et du Spa by Clarins.&lt;br&gt;Avec 1 230 m\u00b2 d\u2019espaces \u00e9v\u00e9nementiels, cet endroit allie parfaitement confort, \u00e9l\u00e9gance et panorama exceptionnel face \u00e0 la mer.\",\"isPartOf\":{\"@id\":\"https:\/\/marseille.intercontinental.com\/#website\"},\"primaryImageOfPage\":{\"@id\":\"https:\/\/marseille.intercontinental.com\/en\/our-history\/#primaryimage\"},\"image\":{\"@id\":\"https:\/\/marseille.intercontinental.com\/en\/our-history\/#primaryimage\"},\"thumbnailUrl\":\"http:\/\/marseille.intercontinental.com\/wp-content\/uploads\/sites\/5\/2019\/09\/InterContinental-Marseille-Hotel-Dieu-Notre-Histoire-carte-postale-hotel-dieu.jpg\",\"datePublished\":\"2019-10-28T10:40:25+00:00\",\"dateModified\":\"2025-08-07T13:04:46+00:00\",\"description\":\"Our History Prior to becoming the most important of the 5*hotels in Marseille, this eminent building traversed the centuries and is redolent of a history\",\"breadcrumb\":{\"@id\":\"https:\/\/marseille.intercontinental.com\/en\/our-history\/#breadcrumb\"},\"inLanguage\":\"en-US\",\"potentialAction\":[{\"@type\":\"ReadAction\",\"target\":[\"https:\/\/marseille.intercontinental.com\/en\/our-history\/\"]}]},{\"@type\":\"ImageObject\",\"inLanguage\":\"en-US\",\"@id\":\"https:\/\/marseille.intercontinental.com\/en\/our-history\/#primaryimage\",\"url\":\"http:\/\/marseille.intercontinental.com\/wp-content\/uploads\/sites\/5\/2019\/09\/InterContinental-Marseille-Hotel-Dieu-Notre-Histoire-carte-postale-hotel-dieu.jpg\",\"contentUrl\":\"http:\/\/marseille.intercontinental.com\/wp-content\/uploads\/sites\/5\/2019\/09\/InterContinental-Marseille-Hotel-Dieu-Notre-Histoire-carte-postale-hotel-dieu.jpg\"},{\"@type\":\"BreadcrumbList\",\"@id\":\"https:\/\/marseille.intercontinental.com\/en\/our-history\/#breadcrumb\",\"itemListElement\":[{\"@type\":\"ListItem\",\"position\":1,\"name\":\"Home\",\"item\":\"https:\/\/marseille.intercontinental.com\/en\/intercontinental-marseille-hotel-dieu\/\"},{\"@type\":\"ListItem\",\"position\":2,\"name\":\"Our History\"}]},{\"@type\":\"WebSite\",\"@id\":\"https:\/\/marseille.intercontinental.com\/#website\",\"url\":\"https:\/\/marseille.intercontinental.com\/\",\"name\":\"InterContinental Marseille - H\u00f4tel Dieu\",\"description\":\"Offrez-vous une vue imprenable sur la cit\u00e9 phoc\u00e9enne depuis ce lieu d\u2019exception, avec 194 chambres, dont 15 suites \u00e9l\u00e9gantes. A la Brasserie Les Fen\u00eatres, laissez-vous s\u00e9duire par une cuisine m\u00e9diterran\u00e9enne savoureuse, puis savourez un cocktail au Bar Le Capian, o\u00f9 l\u2019art du mixologie est \u00e0 l\u2019honneur. Profitez \u00e9galement de la piscine et du Spa by Clarins.&lt;br&gt;Avec 1 230 m\u00b2 d\u2019espaces \u00e9v\u00e9nementiels, cet endroit allie parfaitement confort, \u00e9l\u00e9gance et panorama exceptionnel face \u00e0 la mer.\",\"publisher\":{\"@id\":\"https:\/\/marseille.intercontinental.com\/#organization\"},\"alternateName\":\"InterContinental Marseille\",\"potentialAction\":[{\"@type\":\"SearchAction\",\"target\":{\"@type\":\"EntryPoint\",\"urlTemplate\":\"https:\/\/marseille.intercontinental.com\/?s={search_term_string}\"},\"query-input\":{\"@type\":\"PropertyValueSpecification\",\"valueRequired\":true,\"valueName\":\"search_term_string\"}}],\"inLanguage\":\"en-US\"},{\"@type\":\"Organization\",\"@id\":\"https:\/\/marseille.intercontinental.com\/#organization\",\"name\":\"InterContinental Marseille - H\u00f4tel Dieu\",\"alternateName\":\"InterContinental Marseille\",\"url\":\"https:\/\/marseille.intercontinental.com\/\",\"logo\":{\"@type\":\"ImageObject\",\"inLanguage\":\"en-US\",\"@id\":\"https:\/\/marseille.intercontinental.com\/#\/schema\/logo\/image\/\",\"url\":\"https:\/\/marseille.intercontinental.com\/wp-content\/uploads\/sites\/5\/2023\/09\/intercontinental-marseille-hotel-dieu-logo.svg\",\"contentUrl\":\"https:\/\/marseille.intercontinental.com\/wp-content\/uploads\/sites\/5\/2023\/09\/intercontinental-marseille-hotel-dieu-logo.svg\",\"caption\":\"InterContinental Marseille - H\u00f4tel Dieu\"},\"image\":{\"@id\":\"https:\/\/marseille.intercontinental.com\/#\/schema\/logo\/image\/\"},\"sameAs\":[\"https:\/\/www.facebook.com\/InterContinentalMarseilleHotelDieu\/\",\"https:\/\/x.com\/icmarseille\",\"https:\/\/www.instagram.com\/icmarseille\/\"]}]}<\/script>\n<!-- \/ Yoast SEO plugin. -->","yoast_head_json":{"title":"Our History - InterContinental Marseille - Hotel Dieu - Offrez-vous une vue imprenable sur la cit\u00e9 phoc\u00e9enne depuis ce lieu d\u2019exception, avec 194 chambres, dont 15 suites \u00e9l\u00e9gantes. A la Brasserie Les Fen\u00eatres, laissez-vous s\u00e9duire par une cuisine m\u00e9diterran\u00e9enne savoureuse, puis savourez un cocktail au Bar Le Capian, o\u00f9 l\u2019art du mixologie est \u00e0 l\u2019honneur. Profitez \u00e9galement de la piscine et du Spa by Clarins.&lt;br&gt;Avec 1 230 m\u00b2 d\u2019espaces \u00e9v\u00e9nementiels, cet endroit allie parfaitement confort, \u00e9l\u00e9gance et panorama exceptionnel face \u00e0 la mer.","description":"Our History Prior to becoming the most important of the 5*hotels in Marseille, this eminent building traversed the centuries and is redolent of a history","robots":{"index":"index","follow":"follow","max-snippet":"max-snippet:-1","max-image-preview":"max-image-preview:large","max-video-preview":"max-video-preview:-1"},"canonical":"https:\/\/marseille.intercontinental.com\/en\/our-history\/","og_locale":"en_US","og_type":"article","og_title":"Our History - InterContinental Marseille - Hotel Dieu - Offrez-vous une vue imprenable sur la cit\u00e9 phoc\u00e9enne depuis ce lieu d\u2019exception, avec 194 chambres, dont 15 suites \u00e9l\u00e9gantes. A la Brasserie Les Fen\u00eatres, laissez-vous s\u00e9duire par une cuisine m\u00e9diterran\u00e9enne savoureuse, puis savourez un cocktail au Bar Le Capian, o\u00f9 l\u2019art du mixologie est \u00e0 l\u2019honneur. Profitez \u00e9galement de la piscine et du Spa by Clarins.&lt;br&gt;Avec 1 230 m\u00b2 d\u2019espaces \u00e9v\u00e9nementiels, cet endroit allie parfaitement confort, \u00e9l\u00e9gance et panorama exceptionnel face \u00e0 la mer.","og_description":"Our History Prior to becoming the most important of the 5*hotels in Marseille, this eminent building traversed the centuries and is redolent of a history","og_url":"https:\/\/marseille.intercontinental.com\/en\/our-history\/","og_site_name":"InterContinental Marseille - Hotel Dieu","article_publisher":"https:\/\/www.facebook.com\/InterContinentalMarseilleHotelDieu\/","article_modified_time":"2025-08-07T13:04:46+00:00","og_image":[{"url":"http:\/\/marseille.intercontinental.com\/wp-content\/uploads\/sites\/5\/2019\/09\/InterContinental-Marseille-Hotel-Dieu-Notre-Histoire-carte-postale-hotel-dieu.jpg","type":"","width":"","height":""}],"twitter_card":"summary_large_image","twitter_site":"@icmarseille","twitter_misc":{"Est. reading time":"3 minutes"},"schema":{"@context":"https:\/\/schema.org","@graph":[{"@type":"WebPage","@id":"https:\/\/marseille.intercontinental.com\/en\/our-history\/","url":"https:\/\/marseille.intercontinental.com\/en\/our-history\/","name":"Our History - InterContinental Marseille - Hotel Dieu - Offrez-vous une vue imprenable sur la cit\u00e9 phoc\u00e9enne depuis ce lieu d\u2019exception, avec 194 chambres, dont 15 suites \u00e9l\u00e9gantes. A la Brasserie Les Fen\u00eatres, laissez-vous s\u00e9duire par une cuisine m\u00e9diterran\u00e9enne savoureuse, puis savourez un cocktail au Bar Le Capian, o\u00f9 l\u2019art du mixologie est \u00e0 l\u2019honneur. Profitez \u00e9galement de la piscine et du Spa by Clarins.&lt;br&gt;Avec 1 230 m\u00b2 d\u2019espaces \u00e9v\u00e9nementiels, cet endroit allie parfaitement confort, \u00e9l\u00e9gance et panorama exceptionnel face \u00e0 la mer.","isPartOf":{"@id":"https:\/\/marseille.intercontinental.com\/#website"},"primaryImageOfPage":{"@id":"https:\/\/marseille.intercontinental.com\/en\/our-history\/#primaryimage"},"image":{"@id":"https:\/\/marseille.intercontinental.com\/en\/our-history\/#primaryimage"},"thumbnailUrl":"http:\/\/marseille.intercontinental.com\/wp-content\/uploads\/sites\/5\/2019\/09\/InterContinental-Marseille-Hotel-Dieu-Notre-Histoire-carte-postale-hotel-dieu.jpg","datePublished":"2019-10-28T10:40:25+00:00","dateModified":"2025-08-07T13:04:46+00:00","description":"Our History Prior to becoming the most important of the 5*hotels in Marseille, this eminent building traversed the centuries and is redolent of a history","breadcrumb":{"@id":"https:\/\/marseille.intercontinental.com\/en\/our-history\/#breadcrumb"},"inLanguage":"en-US","potentialAction":[{"@type":"ReadAction","target":["https:\/\/marseille.intercontinental.com\/en\/our-history\/"]}]},{"@type":"ImageObject","inLanguage":"en-US","@id":"https:\/\/marseille.intercontinental.com\/en\/our-history\/#primaryimage","url":"http:\/\/marseille.intercontinental.com\/wp-content\/uploads\/sites\/5\/2019\/09\/InterContinental-Marseille-Hotel-Dieu-Notre-Histoire-carte-postale-hotel-dieu.jpg","contentUrl":"http:\/\/marseille.intercontinental.com\/wp-content\/uploads\/sites\/5\/2019\/09\/InterContinental-Marseille-Hotel-Dieu-Notre-Histoire-carte-postale-hotel-dieu.jpg"},{"@type":"BreadcrumbList","@id":"https:\/\/marseille.intercontinental.com\/en\/our-history\/#breadcrumb","itemListElement":[{"@type":"ListItem","position":1,"name":"Home","item":"https:\/\/marseille.intercontinental.com\/en\/intercontinental-marseille-hotel-dieu\/"},{"@type":"ListItem","position":2,"name":"Our History"}]},{"@type":"WebSite","@id":"https:\/\/marseille.intercontinental.com\/#website","url":"https:\/\/marseille.intercontinental.com\/","name":"InterContinental Marseille - H\u00f4tel Dieu","description":"Offrez-vous une vue imprenable sur la cit\u00e9 phoc\u00e9enne depuis ce lieu d\u2019exception, avec 194 chambres, dont 15 suites \u00e9l\u00e9gantes. A la Brasserie Les Fen\u00eatres, laissez-vous s\u00e9duire par une cuisine m\u00e9diterran\u00e9enne savoureuse, puis savourez un cocktail au Bar Le Capian, o\u00f9 l\u2019art du mixologie est \u00e0 l\u2019honneur. Profitez \u00e9galement de la piscine et du Spa by Clarins.&lt;br&gt;Avec 1 230 m\u00b2 d\u2019espaces \u00e9v\u00e9nementiels, cet endroit allie parfaitement confort, \u00e9l\u00e9gance et panorama exceptionnel face \u00e0 la mer.","publisher":{"@id":"https:\/\/marseille.intercontinental.com\/#organization"},"alternateName":"InterContinental Marseille","potentialAction":[{"@type":"SearchAction","target":{"@type":"EntryPoint","urlTemplate":"https:\/\/marseille.intercontinental.com\/?s={search_term_string}"},"query-input":{"@type":"PropertyValueSpecification","valueRequired":true,"valueName":"search_term_string"}}],"inLanguage":"en-US"},{"@type":"Organization","@id":"https:\/\/marseille.intercontinental.com\/#organization","name":"InterContinental Marseille - H\u00f4tel Dieu","alternateName":"InterContinental Marseille","url":"https:\/\/marseille.intercontinental.com\/","logo":{"@type":"ImageObject","inLanguage":"en-US","@id":"https:\/\/marseille.intercontinental.com\/#\/schema\/logo\/image\/","url":"https:\/\/marseille.intercontinental.com\/wp-content\/uploads\/sites\/5\/2023\/09\/intercontinental-marseille-hotel-dieu-logo.svg","contentUrl":"https:\/\/marseille.intercontinental.com\/wp-content\/uploads\/sites\/5\/2023\/09\/intercontinental-marseille-hotel-dieu-logo.svg","caption":"InterContinental Marseille - H\u00f4tel Dieu"},"image":{"@id":"https:\/\/marseille.intercontinental.com\/#\/schema\/logo\/image\/"},"sameAs":["https:\/\/www.facebook.com\/InterContinentalMarseilleHotelDieu\/","https:\/\/x.com\/icmarseille","https:\/\/www.instagram.com\/icmarseille\/"]}]}},"_links":{"self":[{"href":"https:\/\/marseille.intercontinental.com\/en\/wp-json\/wp\/v2\/pages\/533","targetHints":{"allow":["GET"]}}],"collection":[{"href":"https:\/\/marseille.intercontinental.com\/en\/wp-json\/wp\/v2\/pages"}],"about":[{"href":"https:\/\/marseille.intercontinental.com\/en\/wp-json\/wp\/v2\/types\/page"}],"author":[{"embeddable":true,"href":"https:\/\/marseille.intercontinental.com\/en\/wp-json\/wp\/v2\/users\/1"}],"replies":[{"embeddable":true,"href":"https:\/\/marseille.intercontinental.com\/en\/wp-json\/wp\/v2\/comments?post=533"}],"version-history":[{"count":1,"href":"https:\/\/marseille.intercontinental.com\/en\/wp-json\/wp\/v2\/pages\/533\/revisions"}],"predecessor-version":[{"id":18557,"href":"https:\/\/marseille.intercontinental.com\/en\/wp-json\/wp\/v2\/pages\/533\/revisions\/18557"}],"wp:attachment":[{"href":"https:\/\/marseille.intercontinental.com\/en\/wp-json\/wp\/v2\/media?parent=533"}],"curies":[{"name":"wp","href":"https:\/\/api.w.org\/{rel}","templated":true}]}}