{"id":536,"date":"2019-10-28T11:46:13","date_gmt":"2019-10-28T10:46:13","guid":{"rendered":"http:\/\/marseille.intercontinental.com\/?page_id=536"},"modified":"2026-04-15T16:36:17","modified_gmt":"2026-04-15T14:36:17","slug":"the-suites","status":"publish","type":"page","link":"https:\/\/marseille.intercontinental.com\/en\/the-suites\/","title":{"rendered":"The Suites"},"content":{"rendered":"\r\n\r\n\r\n\r\n  <!-- Swiper hero -->\r\n  <div id=\"slideshow-block_90578d8117c9072c441eb9fb484712cf\" class=\"row \">  \r\n    <div class=\"swiper d-swiper-container hero\" data-swiper={\"navigation\":{\"enabled\":false}}>\r\n      <div class=\"swiper-wrapper\">\r\n                    <div class=\"swiper-slide\">\r\n                              <span aria-hidden=\"true\" class=\"slide-e-background has-background-dim-30  has-background has-charcoal-grey-background-color\"><\/span>\r\n                                            <img decoding=\"async\" src=\"https:\/\/marseille.intercontinental.com\/wp-content\/uploads\/sites\/5\/2024\/02\/SuitePrestige-cGillesPerbal-1-2-scaled.jpg\"\r\n                sizes=\"(max-width: 2000px) 100vw, 2000px\"\r\n                srcset=\"https:\/\/marseille.intercontinental.com\/wp-content\/uploads\/sites\/5\/2024\/02\/SuitePrestige-cGillesPerbal-1-2-scaled.jpg 2560w,\r\n                        https:\/\/marseille.intercontinental.com\/wp-content\/uploads\/sites\/5\/2024\/02\/SuitePrestige-cGillesPerbal-1-2-1024x683.jpg 1024w,\r\n                        https:\/\/marseille.intercontinental.com\/wp-content\/uploads\/sites\/5\/2024\/02\/SuitePrestige-cGillesPerbal-1-2-768x512.jpg 768w\"\r\n                        alt=\"\">\r\n                                            <div class=\"slide-e-content d-none d-md-block\">\r\n                                      <h1 class=\"title\">The Suites<\/h1>\r\n                                                        <h5 class=\"text-center white\">InterContinental Marseille &#8211; Hotel Dieu<\/h5>\r\n                                                    <\/div>\r\n                          <\/div>\r\n                <\/div>\r\n            <\/div>\r\n  <\/div>\r\n  <!-- End Swiper hero -->\r\n\r\n \n\n\n<div class=\"wp-block-group row is-layout-constrained wp-block-group-is-layout-constrained\">\n<div class=\"wp-block-group pattern-address col-lg-12 has-light-grey-background-color has-background is-nowrap is-layout-flex wp-container-core-group-is-layout-fe492232 wp-block-group-is-layout-flex\" style=\"margin-bottom:var(--wp--preset--spacing--60)\">\n<div class=\"wp-block-group col-lg-6 offset-lg-3 is-vertical is-content-justification-center is-layout-flex wp-container-core-group-is-layout-f9a93ed8 wp-block-group-is-layout-flex\">\n<p class=\"has-text-align-center\" style=\"margin-top:0;margin-bottom:0\">InterContinental Marseille &#8211; Hotel Dieu &#8211; 1 Place Daviel, 13002 Marseille, France<\/p>\n\n\n\n<p class=\"has-charcoal-grey-color has-text-color has-small-font-size\"><a href=\"tel:+33413424242\">Phone: +33 (0)4 13 42 42 42<\/a><\/p>\n<\/div>\n\n\n\n<div class=\"wp-block-group col-lg-3 icons-social is-content-justification-right is-nowrap is-layout-flex wp-container-core-group-is-layout-17124a9a wp-block-group-is-layout-flex\">\n<figure class=\"wp-block-image size-full is-resized\"><a href=\"https:\/\/www.facebook.com\/InterContinentalMarseilleHotelDieu\/\" target=\"_blank\" rel=\"noreferrer noopener\"><img decoding=\"async\" src=\"https:\/\/marseille.intercontinental.com\/wp-content\/themes\/intercontinental\/assets\/images\/icons\/icon-facebook.svg\" alt=\"\" class=\"wp-image-2313\" style=\"width:25px;height:25px\"\/><\/a><\/figure>\n\n\n\n<figure class=\"wp-block-image size-full is-resized\"><a href=\"https:\/\/twitter.com\/icmarseille\" target=\"_blank\" rel=\"noreferrer noopener\"><img decoding=\"async\" src=\"https:\/\/marseille.intercontinental.com\/wp-content\/themes\/intercontinental\/assets\/images\/icons\/icon-twitter.svg\" alt=\"\" class=\"wp-image-121\" style=\"width:25px;height:25px\"\/><\/a><\/figure>\n\n\n\n<figure class=\"wp-block-image size-full is-resized\"><a href=\"https:\/\/instagram.com\/icmarseille\/\" target=\"_blank\" rel=\"noreferrer noopener\"><img decoding=\"async\" src=\"https:\/\/marseille.intercontinental.com\/wp-content\/themes\/intercontinental\/assets\/images\/icons\/icon-instagram.svg\" alt=\"\" class=\"wp-image-2315\" style=\"width:25px;height:25px\"\/><\/a><\/figure>\n<\/div>\n<\/div>\n<\/div>\n\n\n\n<div class=\"wp-block-columns pattern-2-col-text-and-slider slider-left is-layout-flex wp-container-core-columns-is-layout-28f84493 wp-block-columns-is-layout-flex\">\n<div class=\"wp-block-column is-vertically-aligned-center is-layout-flow wp-block-column-is-layout-flow\" style=\"padding-right:var(--wp--preset--spacing--30);padding-left:var(--wp--preset--spacing--30);flex-basis:50%\">\r\n\r\n\r\n  <div id=\"slideshow-block_cff7a15be74ccf07e193fa03566dd4f8\" class=\"row\" data-aos=\"fade-in\">\r\n      <!-- Swiper -->\r\n      <div class=\"swiper d-swiper-container \" data-swiper={\"navigation\":{\"enabled\":false}} style=\"height:66vh\">\r\n        <div class=\"swiper-wrapper\">\r\n                                      <div class=\"swiper-slide\">\r\n                                    <img decoding=\"async\" src=\"https:\/\/marseille.intercontinental.com\/wp-content\/uploads\/sites\/5\/2024\/02\/SuitePresidentielle-cGillesPerbal-4-2-scaled.jpg\"\r\n                  sizes=\"(max-width: 2000px) 100vw, 2000px\"\r\n                  srcset=\"https:\/\/marseille.intercontinental.com\/wp-content\/uploads\/sites\/5\/2024\/02\/SuitePresidentielle-cGillesPerbal-4-2-scaled.jpg 2560w,\r\n                          https:\/\/marseille.intercontinental.com\/wp-content\/uploads\/sites\/5\/2024\/02\/SuitePresidentielle-cGillesPerbal-4-2-1024x683.jpg 1024w,\r\n                          https:\/\/marseille.intercontinental.com\/wp-content\/uploads\/sites\/5\/2024\/02\/SuitePresidentielle-cGillesPerbal-4-2-768x512.jpg 768w\"\r\n                          alt=\"SuitePresidentielle (c)GillesPerbal 4\">\r\n                <\/div>\r\n                              <\/div>\r\n          <div class=\"swiper-pagination\">\r\n          <\/div>\r\n          <div class=\"swiper-button swiper-button-prev\">\r\n            <span class=\"arrowl\"><\/span>\r\n          <\/div>\r\n          <div class=\"swiper-button swiper-button-next\">\r\n            <span class=\"arrowr\"><\/span>\r\n          <\/div>\r\n      <\/div>\r\n      <!-- End Swiper -->\r\n  <\/div>\r\n  \r\n\r\n <\/div>\n\n\n\n<div class=\"wp-block-column is-vertically-aligned-bottom text-column is-layout-flow wp-block-column-is-layout-flow\" style=\"padding-top:var(--wp--preset--spacing--70);padding-right:var(--wp--preset--spacing--60);padding-bottom:var(--wp--preset--spacing--70);padding-left:var(--wp--preset--spacing--60);flex-basis:50%\">\n<h2 class=\"wp-block-heading\">Our Exceptional Suites in the Heart of the H\u00f4tel Dieu<\/h2>\n\n\n\n<p>Created by Jean-Philippe Nuel, world-famous interior designer for luxury hotels, the 15 Suites all offer enchanting views of the city of Marseille. They are decorated in a subtle mix of the old and the contemporary<\/p>\n\n\n\n<h5 class=\"wp-block-heading\">The 15 Suites:<\/h5>\n\n\n\n<ul class=\"wp-block-list\">\n<li>2 Junior Suites with Harbor view<\/li>\n\n\n\n<li>2 Premium with Harbor view<\/li>\n\n\n\n<li>4 Junior Suites with Terrace<\/li>\n\n\n\n<li>6 Prestige Suites<\/li>\n\n\n\n<li>A Presidential Suite<\/li>\n<\/ul>\n<\/div>\n<\/div>\n","protected":false},"excerpt":{"rendered":"<p>InterContinental Marseille &#8211; Hotel Dieu &#8211; 1 Place Daviel, 13002 Marseille, France Phone: +33 (0)4 13 42 42 42 Our Exceptional Suites in the Heart of the H\u00f4tel Dieu Created by Jean-Philippe Nuel, world-famous interior designer for luxury hotels, the [&hellip;]<\/p>\n","protected":false},"author":1,"featured_media":13532,"parent":0,"menu_order":1,"comment_status":"closed","ping_status":"closed","template":"templates\/2-columns.php","meta":{"_acf_changed":false,"footnotes":""},"class_list":["post-536","page","type-page","status-publish","has-post-thumbnail","hentry"],"acf":[],"yoast_head":"<!-- This site is optimized with the Yoast SEO plugin v26.2 - https:\/\/yoast.com\/wordpress\/plugins\/seo\/ -->\n<title>Luxury Suites in Marseille - Vieux-Port Views - InterContinental Marseille - Hotel Dieu<\/title>\n<meta name=\"description\" content=\"Experience excellence in our prestige suites in Marseille. From Junior Suites to the Presidential Suite, enjoy private terraces with panoramic Vieux-Port views.\" \/>\n<meta name=\"robots\" content=\"index, follow, max-snippet:-1, max-image-preview:large, max-video-preview:-1\" \/>\n<link rel=\"canonical\" href=\"https:\/\/marseille.intercontinental.com\/en\/the-suites\/\" \/>\n<meta property=\"og:locale\" content=\"en_US\" \/>\n<meta property=\"og:type\" content=\"article\" \/>\n<meta property=\"og:title\" content=\"Luxury Suites in Marseille - Vieux-Port Views - InterContinental Marseille - Hotel Dieu\" \/>\n<meta property=\"og:description\" content=\"Experience excellence in our prestige suites in Marseille. From Junior Suites to the Presidential Suite, enjoy private terraces with panoramic Vieux-Port views.\" \/>\n<meta property=\"og:url\" content=\"https:\/\/marseille.intercontinental.com\/en\/the-suites\/\" \/>\n<meta property=\"og:site_name\" content=\"InterContinental Marseille - Hotel Dieu\" \/>\n<meta property=\"article:publisher\" content=\"https:\/\/www.facebook.com\/InterContinentalMarseilleHotelDieu\/\" \/>\n<meta property=\"article:modified_time\" content=\"2026-04-15T14:36:17+00:00\" \/>\n<meta property=\"og:image\" content=\"https:\/\/marseille.intercontinental.com\/wp-content\/uploads\/sites\/5\/2024\/02\/SuitePrestige-cGillesPerbal-1-2-scaled.jpg\" \/>\n\t<meta property=\"og:image:width\" content=\"2560\" \/>\n\t<meta property=\"og:image:height\" content=\"1707\" \/>\n\t<meta property=\"og:image:type\" content=\"image\/jpeg\" \/>\n<meta name=\"twitter:card\" content=\"summary_large_image\" \/>\n<meta name=\"twitter:site\" content=\"@icmarseille\" \/>\n<meta name=\"twitter:label1\" content=\"Est. reading time\" \/>\n\t<meta name=\"twitter:data1\" content=\"2 minutes\" \/>\n<script type=\"application\/ld+json\" class=\"yoast-schema-graph\">{\"@context\":\"https:\/\/schema.org\",\"@graph\":[{\"@type\":\"WebPage\",\"@id\":\"https:\/\/marseille.intercontinental.com\/en\/the-suites\/\",\"url\":\"https:\/\/marseille.intercontinental.com\/en\/the-suites\/\",\"name\":\"Luxury Suites in Marseille - Vieux-Port Views - InterContinental Marseille - Hotel Dieu\",\"isPartOf\":{\"@id\":\"https:\/\/marseille.intercontinental.com\/#website\"},\"primaryImageOfPage\":{\"@id\":\"https:\/\/marseille.intercontinental.com\/en\/the-suites\/#primaryimage\"},\"image\":{\"@id\":\"https:\/\/marseille.intercontinental.com\/en\/the-suites\/#primaryimage\"},\"thumbnailUrl\":\"https:\/\/marseille.intercontinental.com\/wp-content\/uploads\/sites\/5\/2024\/02\/SuitePrestige-cGillesPerbal-1-2-scaled.jpg\",\"datePublished\":\"2019-10-28T10:46:13+00:00\",\"dateModified\":\"2026-04-15T14:36:17+00:00\",\"description\":\"Experience excellence in our prestige suites in Marseille. From Junior Suites to the Presidential Suite, enjoy private terraces with panoramic Vieux-Port views.\",\"breadcrumb\":{\"@id\":\"https:\/\/marseille.intercontinental.com\/en\/the-suites\/#breadcrumb\"},\"inLanguage\":\"en-US\",\"potentialAction\":[{\"@type\":\"ReadAction\",\"target\":[\"https:\/\/marseille.intercontinental.com\/en\/the-suites\/\"]}]},{\"@type\":\"ImageObject\",\"inLanguage\":\"en-US\",\"@id\":\"https:\/\/marseille.intercontinental.com\/en\/the-suites\/#primaryimage\",\"url\":\"https:\/\/marseille.intercontinental.com\/wp-content\/uploads\/sites\/5\/2024\/02\/SuitePrestige-cGillesPerbal-1-2-scaled.jpg\",\"contentUrl\":\"https:\/\/marseille.intercontinental.com\/wp-content\/uploads\/sites\/5\/2024\/02\/SuitePrestige-cGillesPerbal-1-2-scaled.jpg\",\"width\":2560,\"height\":1707},{\"@type\":\"BreadcrumbList\",\"@id\":\"https:\/\/marseille.intercontinental.com\/en\/the-suites\/#breadcrumb\",\"itemListElement\":[{\"@type\":\"ListItem\",\"position\":1,\"name\":\"Home\",\"item\":\"https:\/\/marseille.intercontinental.com\/en\/intercontinental-marseille-hotel-dieu\/\"},{\"@type\":\"ListItem\",\"position\":2,\"name\":\"The Suites\"}]},{\"@type\":\"WebSite\",\"@id\":\"https:\/\/marseille.intercontinental.com\/#website\",\"url\":\"https:\/\/marseille.intercontinental.com\/\",\"name\":\"InterContinental Marseille - H\u00f4tel Dieu\",\"description\":\"\u00c0 quoi ressemblaient nos h\u00f4tels en 2016 ? Voici un petit aper\u00e7u ! On peut dire sans h\u00e9siter qu&#039;elles ont toutes les deux bien chang\u00e9 !\",\"publisher\":{\"@id\":\"https:\/\/marseille.intercontinental.com\/#organization\"},\"alternateName\":\"InterContinental Marseille\",\"potentialAction\":[{\"@type\":\"SearchAction\",\"target\":{\"@type\":\"EntryPoint\",\"urlTemplate\":\"https:\/\/marseille.intercontinental.com\/?s={search_term_string}\"},\"query-input\":{\"@type\":\"PropertyValueSpecification\",\"valueRequired\":true,\"valueName\":\"search_term_string\"}}],\"inLanguage\":\"en-US\"},{\"@type\":\"Organization\",\"@id\":\"https:\/\/marseille.intercontinental.com\/#organization\",\"name\":\"InterContinental Marseille - H\u00f4tel Dieu\",\"alternateName\":\"InterContinental Marseille\",\"url\":\"https:\/\/marseille.intercontinental.com\/\",\"logo\":{\"@type\":\"ImageObject\",\"inLanguage\":\"en-US\",\"@id\":\"https:\/\/marseille.intercontinental.com\/#\/schema\/logo\/image\/\",\"url\":\"https:\/\/marseille.intercontinental.com\/wp-content\/uploads\/sites\/5\/2023\/09\/intercontinental-marseille-hotel-dieu-logo.svg\",\"contentUrl\":\"https:\/\/marseille.intercontinental.com\/wp-content\/uploads\/sites\/5\/2023\/09\/intercontinental-marseille-hotel-dieu-logo.svg\",\"caption\":\"InterContinental Marseille - H\u00f4tel Dieu\"},\"image\":{\"@id\":\"https:\/\/marseille.intercontinental.com\/#\/schema\/logo\/image\/\"},\"sameAs\":[\"https:\/\/www.facebook.com\/InterContinentalMarseilleHotelDieu\/\",\"https:\/\/x.com\/icmarseille\",\"https:\/\/www.instagram.com\/icmarseille\/\"]}]}<\/script>\n<!-- \/ Yoast SEO plugin. -->","yoast_head_json":{"title":"Luxury Suites in Marseille - Vieux-Port Views - InterContinental Marseille - Hotel Dieu","description":"Experience excellence in our prestige suites in Marseille. From Junior Suites to the Presidential Suite, enjoy private terraces with panoramic Vieux-Port views.","robots":{"index":"index","follow":"follow","max-snippet":"max-snippet:-1","max-image-preview":"max-image-preview:large","max-video-preview":"max-video-preview:-1"},"canonical":"https:\/\/marseille.intercontinental.com\/en\/the-suites\/","og_locale":"en_US","og_type":"article","og_title":"Luxury Suites in Marseille - Vieux-Port Views - InterContinental Marseille - Hotel Dieu","og_description":"Experience excellence in our prestige suites in Marseille. From Junior Suites to the Presidential Suite, enjoy private terraces with panoramic Vieux-Port views.","og_url":"https:\/\/marseille.intercontinental.com\/en\/the-suites\/","og_site_name":"InterContinental Marseille - Hotel Dieu","article_publisher":"https:\/\/www.facebook.com\/InterContinentalMarseilleHotelDieu\/","article_modified_time":"2026-04-15T14:36:17+00:00","og_image":[{"width":2560,"height":1707,"url":"https:\/\/marseille.intercontinental.com\/wp-content\/uploads\/sites\/5\/2024\/02\/SuitePrestige-cGillesPerbal-1-2-scaled.jpg","type":"image\/jpeg"}],"twitter_card":"summary_large_image","twitter_site":"@icmarseille","twitter_misc":{"Est. reading time":"2 minutes"},"schema":{"@context":"https:\/\/schema.org","@graph":[{"@type":"WebPage","@id":"https:\/\/marseille.intercontinental.com\/en\/the-suites\/","url":"https:\/\/marseille.intercontinental.com\/en\/the-suites\/","name":"Luxury Suites in Marseille - Vieux-Port Views - InterContinental Marseille - Hotel Dieu","isPartOf":{"@id":"https:\/\/marseille.intercontinental.com\/#website"},"primaryImageOfPage":{"@id":"https:\/\/marseille.intercontinental.com\/en\/the-suites\/#primaryimage"},"image":{"@id":"https:\/\/marseille.intercontinental.com\/en\/the-suites\/#primaryimage"},"thumbnailUrl":"https:\/\/marseille.intercontinental.com\/wp-content\/uploads\/sites\/5\/2024\/02\/SuitePrestige-cGillesPerbal-1-2-scaled.jpg","datePublished":"2019-10-28T10:46:13+00:00","dateModified":"2026-04-15T14:36:17+00:00","description":"Experience excellence in our prestige suites in Marseille. From Junior Suites to the Presidential Suite, enjoy private terraces with panoramic Vieux-Port views.","breadcrumb":{"@id":"https:\/\/marseille.intercontinental.com\/en\/the-suites\/#breadcrumb"},"inLanguage":"en-US","potentialAction":[{"@type":"ReadAction","target":["https:\/\/marseille.intercontinental.com\/en\/the-suites\/"]}]},{"@type":"ImageObject","inLanguage":"en-US","@id":"https:\/\/marseille.intercontinental.com\/en\/the-suites\/#primaryimage","url":"https:\/\/marseille.intercontinental.com\/wp-content\/uploads\/sites\/5\/2024\/02\/SuitePrestige-cGillesPerbal-1-2-scaled.jpg","contentUrl":"https:\/\/marseille.intercontinental.com\/wp-content\/uploads\/sites\/5\/2024\/02\/SuitePrestige-cGillesPerbal-1-2-scaled.jpg","width":2560,"height":1707},{"@type":"BreadcrumbList","@id":"https:\/\/marseille.intercontinental.com\/en\/the-suites\/#breadcrumb","itemListElement":[{"@type":"ListItem","position":1,"name":"Home","item":"https:\/\/marseille.intercontinental.com\/en\/intercontinental-marseille-hotel-dieu\/"},{"@type":"ListItem","position":2,"name":"The Suites"}]},{"@type":"WebSite","@id":"https:\/\/marseille.intercontinental.com\/#website","url":"https:\/\/marseille.intercontinental.com\/","name":"InterContinental Marseille - H\u00f4tel Dieu","description":"\u00c0 quoi ressemblaient nos h\u00f4tels en 2016 ? Voici un petit aper\u00e7u ! On peut dire sans h\u00e9siter qu&#039;elles ont toutes les deux bien chang\u00e9 !","publisher":{"@id":"https:\/\/marseille.intercontinental.com\/#organization"},"alternateName":"InterContinental Marseille","potentialAction":[{"@type":"SearchAction","target":{"@type":"EntryPoint","urlTemplate":"https:\/\/marseille.intercontinental.com\/?s={search_term_string}"},"query-input":{"@type":"PropertyValueSpecification","valueRequired":true,"valueName":"search_term_string"}}],"inLanguage":"en-US"},{"@type":"Organization","@id":"https:\/\/marseille.intercontinental.com\/#organization","name":"InterContinental Marseille - H\u00f4tel Dieu","alternateName":"InterContinental Marseille","url":"https:\/\/marseille.intercontinental.com\/","logo":{"@type":"ImageObject","inLanguage":"en-US","@id":"https:\/\/marseille.intercontinental.com\/#\/schema\/logo\/image\/","url":"https:\/\/marseille.intercontinental.com\/wp-content\/uploads\/sites\/5\/2023\/09\/intercontinental-marseille-hotel-dieu-logo.svg","contentUrl":"https:\/\/marseille.intercontinental.com\/wp-content\/uploads\/sites\/5\/2023\/09\/intercontinental-marseille-hotel-dieu-logo.svg","caption":"InterContinental Marseille - H\u00f4tel Dieu"},"image":{"@id":"https:\/\/marseille.intercontinental.com\/#\/schema\/logo\/image\/"},"sameAs":["https:\/\/www.facebook.com\/InterContinentalMarseilleHotelDieu\/","https:\/\/x.com\/icmarseille","https:\/\/www.instagram.com\/icmarseille\/"]}]}},"_links":{"self":[{"href":"https:\/\/marseille.intercontinental.com\/en\/wp-json\/wp\/v2\/pages\/536","targetHints":{"allow":["GET"]}}],"collection":[{"href":"https:\/\/marseille.intercontinental.com\/en\/wp-json\/wp\/v2\/pages"}],"about":[{"href":"https:\/\/marseille.intercontinental.com\/en\/wp-json\/wp\/v2\/types\/page"}],"author":[{"embeddable":true,"href":"https:\/\/marseille.intercontinental.com\/en\/wp-json\/wp\/v2\/users\/1"}],"replies":[{"embeddable":true,"href":"https:\/\/marseille.intercontinental.com\/en\/wp-json\/wp\/v2\/comments?post=536"}],"version-history":[{"count":1,"href":"https:\/\/marseille.intercontinental.com\/en\/wp-json\/wp\/v2\/pages\/536\/revisions"}],"predecessor-version":[{"id":20156,"href":"https:\/\/marseille.intercontinental.com\/en\/wp-json\/wp\/v2\/pages\/536\/revisions\/20156"}],"wp:featuredmedia":[{"embeddable":true,"href":"https:\/\/marseille.intercontinental.com\/en\/wp-json\/wp\/v2\/media\/13532"}],"wp:attachment":[{"href":"https:\/\/marseille.intercontinental.com\/en\/wp-json\/wp\/v2\/media?parent=536"}],"curies":[{"name":"wp","href":"https:\/\/api.w.org\/{rel}","templated":true}]}}