{"id":541,"date":"2019-10-28T11:59:33","date_gmt":"2019-10-28T10:59:33","guid":{"rendered":"http:\/\/marseille.intercontinental.com\/?page_id=541"},"modified":"2023-09-19T10:19:56","modified_gmt":"2023-09-19T08:19:56","slug":"junior-suite-harbor-view","status":"publish","type":"page","link":"https:\/\/marseille.intercontinental.com\/en\/the-suites\/junior-suite-harbor-view\/","title":{"rendered":"Premium Harbor View"},"content":{"rendered":"\r\n\r\n\r\n\r\n  <!-- Swiper hero -->\r\n  <div id=\"slideshow-block_c0c9100569cb8f492ae69cd3f7837132\" class=\"row \">  \r\n    <div class=\"swiper d-swiper-container hero\" data-swiper={\"navigation\":{\"enabled\":false}}>\r\n      <div class=\"swiper-wrapper\">\r\n                    <div class=\"swiper-slide\">\r\n                              <span aria-hidden=\"true\" class=\"slide-e-background has-background-dim-30  has-background has-charcoal-grey-background-color\"><\/span>\r\n                                            <img decoding=\"async\" src=\"https:\/\/marseille.intercontinental.com\/wp-content\/uploads\/sites\/5\/2023\/02\/chambre_Premium-Terrasse-King-2-scaled-1.jpg\"\r\n                sizes=\"(max-width: 2000px) 100vw, 2000px\"\r\n                srcset=\"https:\/\/marseille.intercontinental.com\/wp-content\/uploads\/sites\/5\/2023\/02\/chambre_Premium-Terrasse-King-2-scaled-1.jpg 2560w,\r\n                        https:\/\/marseille.intercontinental.com\/wp-content\/uploads\/sites\/5\/2023\/02\/chambre_Premium-Terrasse-King-2-scaled-1-1024x683.jpg 1024w,\r\n                        https:\/\/marseille.intercontinental.com\/wp-content\/uploads\/sites\/5\/2023\/02\/chambre_Premium-Terrasse-King-2-scaled-1-768x512.jpg 768w\"\r\n                        alt=\"chambre_Premium-Terrasse-King-2\"\/>\r\n                                            <div class=\"slide-e-content d-none d-md-block\">\r\n                                      <h1 class=\"title\">Premium Harbor View<\/h1>\r\n                                                        <h5 class=\"text-center white\">\u00ab Icons of absolute comfort \u00bb<\/h5>\r\n                                                    <\/div>\r\n                          <\/div>\r\n                <\/div>\r\n            <\/div>\r\n  <\/div>\r\n  <!-- End Swiper hero -->\r\n\r\n \n\n\n<div style=\"height:30px\" aria-hidden=\"true\" class=\"wp-block-spacer\"><\/div>\n\n\n\n<div class=\"wp-block-columns pattern-2-col-text-and-slider is-layout-flex wp-container-core-columns-is-layout-28f84493 wp-block-columns-is-layout-flex\">\n<div class=\"wp-block-column is-vertically-aligned-bottom text-column is-layout-flow wp-block-column-is-layout-flow\" style=\"padding-top:var(--wp--preset--spacing--70);padding-right:var(--wp--preset--spacing--60);padding-bottom:var(--wp--preset--spacing--70);padding-left:var(--wp--preset--spacing--60);flex-basis:33.33%\">\n<h4 class=\"wp-block-heading\">SUITES<\/h4>\n\n\n\n<h3 class=\"wp-block-heading\">Premium Harbor View<\/h3>\n\n\n\n<p>The 4 rooms Premium harbor view overlooking the Vieux Port range in size from 45 to 50 m2 and offer picturesque views of the Lacydon calanque or cove- the legendary Vieux Port of the city of Marseille. Here, all is unembellished luxury, respectful of the Mediterranean, where the room appears to emerge from a sober, mineral setting.<\/p>\n<\/div>\n\n\n\n<div class=\"wp-block-column is-vertically-aligned-center is-layout-flow wp-block-column-is-layout-flow\" style=\"padding-right:var(--wp--preset--spacing--30);padding-left:var(--wp--preset--spacing--30);flex-basis:66.66%\">\r\n\r\n\r\n  <div id=\"slideshow-block_5034af884b5cd64d05878b279408b8c2\" class=\"row\" data-aos=\"fade-in\">\r\n      <!-- Swiper -->\r\n      <div class=\"swiper d-swiper-container full\" data-swiper={\"autoplay\":true,\"slidesPerView\":1,\"effect\":\"creative\",\"creativeEffect\":{\"limitProgress\":2,\"prev\":{\"translate\":[\"-100%\",0,0]},\"next\":{\"translate\":[\"100%\",0,0]}},\"speed\":1000} style=\"height:66vh\">\r\n        <div class=\"swiper-wrapper\">\r\n                                      <div class=\"swiper-slide\">\r\n                                    <img decoding=\"async\" src=\"https:\/\/marseille.intercontinental.com\/wp-content\/uploads\/sites\/5\/2023\/09\/chambre_Premium-King-vue-3-scaled-1.jpg\"\r\n                  sizes=\"(max-width: 2000px) 100vw, 2000px\"\r\n                  srcset=\"https:\/\/marseille.intercontinental.com\/wp-content\/uploads\/sites\/5\/2023\/09\/chambre_Premium-King-vue-3-scaled-1.jpg 2560w,\r\n                          https:\/\/marseille.intercontinental.com\/wp-content\/uploads\/sites\/5\/2023\/09\/chambre_Premium-King-vue-3-scaled-1-1024x683.jpg 1024w,\r\n                          https:\/\/marseille.intercontinental.com\/wp-content\/uploads\/sites\/5\/2023\/09\/chambre_Premium-King-vue-3-scaled-1-768x512.jpg 768w\"\r\n                          alt=\"chambre_Premium-King-vue-3-scaled\">\r\n                <\/div>\r\n                            <div class=\"swiper-slide\">\r\n                                    <img decoding=\"async\" src=\"https:\/\/marseille.intercontinental.com\/wp-content\/uploads\/sites\/5\/2023\/09\/chambre_Premium-King-vue-sdb-scaled-1.jpg\"\r\n                  sizes=\"(max-width: 2000px) 100vw, 2000px\"\r\n                  srcset=\"https:\/\/marseille.intercontinental.com\/wp-content\/uploads\/sites\/5\/2023\/09\/chambre_Premium-King-vue-sdb-scaled-1.jpg 2560w,\r\n                          https:\/\/marseille.intercontinental.com\/wp-content\/uploads\/sites\/5\/2023\/09\/chambre_Premium-King-vue-sdb-scaled-1-1024x683.jpg 1024w,\r\n                          https:\/\/marseille.intercontinental.com\/wp-content\/uploads\/sites\/5\/2023\/09\/chambre_Premium-King-vue-sdb-scaled-1-768x512.jpg 768w\"\r\n                          alt=\"chambre_Premium-King-vue-sdb-scaled\">\r\n                <\/div>\r\n                              <\/div>\r\n          <div class=\"swiper-pagination\">\r\n          <\/div>\r\n          <div class=\"swiper-button swiper-button-prev\">\r\n            <span class=\"arrowl\"><\/span>\r\n          <\/div>\r\n          <div class=\"swiper-button swiper-button-next\">\r\n            <span class=\"arrowr\"><\/span>\r\n          <\/div>\r\n      <\/div>\r\n      <!-- End Swiper -->\r\n  <\/div>\r\n  \r\n\r\n <\/div>\n<\/div>\n\n\n\n<div class=\"wp-block-columns is-layout-flex wp-container-core-columns-is-layout-28f84493 wp-block-columns-is-layout-flex\">\n<div class=\"wp-block-column is-layout-flow wp-block-column-is-layout-flow\" style=\"flex-basis:15%\"><\/div>\n\n\n\n<div class=\"wp-block-column is-layout-flow wp-block-column-is-layout-flow\">\n<h3 class=\"wp-block-heading\">Services<\/h3>\n\n\n\n<div class=\"wp-block-group is-content-justification-space-between is-nowrap is-layout-flex wp-container-core-group-is-layout-cb46ffcb wp-block-group-is-layout-flex\">\n<ul class=\"wp-block-list\">\n<li>Smart TV<\/li>\n\n\n\n<li>Pay per view films<\/li>\n\n\n\n<li>Laundry services<\/li>\n\n\n\n<li>Turndown service<\/li>\n\n\n\n<li>Room Service 24h\/24<\/li>\n\n\n\n<li>Wake Up Call<\/li>\n\n\n\n<li>Free Wifi<\/li>\n\n\n\n<li>Individual air conditioning<\/li>\n<\/ul>\n\n\n\n<ul class=\"wp-block-list\">\n<li>Coffee maker, coffee pods<\/li>\n\n\n\n<li>Kettle and selection of teas<\/li>\n\n\n\n<li>Telephone and voice mail<\/li>\n\n\n\n<li>Safe<\/li>\n\n\n\n<li>Mini-Bar<\/li>\n\n\n\n<li>Desk<\/li>\n\n\n\n<li>Bath robe, slippers<\/li>\n<\/ul>\n\n\n\n<ul class=\"wp-block-list\">\n<li>Shower, bath and bathroom linen<\/li>\n\n\n\n<li>Shoe brush and shoe shine<\/li>\n\n\n\n<li>Ironing board and iron<\/li>\n\n\n\n<li>Hair dryer<\/li>\n\n\n\n<li>Weighing scales<\/li>\n\n\n\n<li>Double glazing<\/li>\n\n\n\n<li>No smoking rooms<\/li>\n\n\n\n<li>Unlimited access to the fitness centre<\/li>\n<\/ul>\n<\/div>\n\n\n\n<div style=\"height:30px\" aria-hidden=\"true\" class=\"wp-block-spacer\"><\/div>\n\n\n\n<h3 class=\"wp-block-heading has-text-align-left\">On request<\/h3>\n\n\n\n<ul class=\"wp-block-list\">\n<li>Soft toy<\/li>\n\n\n\n<li>Bottle warmer<\/li>\n\n\n\n<li>Changing mattress<\/li>\n\n\n\n<li>Baby bath<\/li>\n\n\n\n<li>Extra bed subject to room category<\/li>\n<\/ul>\n<\/div>\n\n\n\n<div class=\"wp-block-column is-layout-flow wp-block-column-is-layout-flow\" style=\"flex-basis:15%\"><\/div>\n<\/div>\n","protected":false},"excerpt":{"rendered":"<p>The 4 Junior Suites overlooking the Vieux Port range in size from 45 to 50 m2<\/p>\n","protected":false},"author":1,"featured_media":8799,"parent":536,"menu_order":0,"comment_status":"closed","ping_status":"closed","template":"","meta":{"_acf_changed":false,"footnotes":""},"class_list":["post-541","page","type-page","status-publish","has-post-thumbnail","hentry"],"acf":[],"yoast_head":"<!-- This site is optimized with the Yoast SEO plugin v26.2 - https:\/\/yoast.com\/wordpress\/plugins\/seo\/ -->\n<title>Premium Harbor View - InterContinental Marseille - Hotel Dieu - Offrez-vous une vue imprenable sur la cit\u00e9 phoc\u00e9enne depuis ce lieu d\u2019exception, avec 194 chambres, dont 15 suites \u00e9l\u00e9gantes. A la Brasserie Les Fen\u00eatres, laissez-vous s\u00e9duire par une cuisine m\u00e9diterran\u00e9enne savoureuse, puis savourez un cocktail au Bar Le Capian, o\u00f9 l\u2019art du mixologie est \u00e0 l\u2019honneur. Profitez \u00e9galement de la piscine et du Spa by Clarins.&lt;br&gt;Avec 1 230 m\u00b2 d\u2019espaces \u00e9v\u00e9nementiels, cet endroit allie parfaitement confort, \u00e9l\u00e9gance et panorama exceptionnel face \u00e0 la mer.<\/title>\n<meta name=\"description\" content=\"Suites Vieux-Port view offer surfaces from 45 to .., a picturesque view of the Lacydon calanque, the famous Vieux-Port of Marseille - France\" \/>\n<meta name=\"robots\" content=\"index, follow, max-snippet:-1, max-image-preview:large, max-video-preview:-1\" \/>\n<link rel=\"canonical\" href=\"https:\/\/marseille.intercontinental.com\/en\/the-suites\/junior-suite-harbor-view\/\" \/>\n<meta property=\"og:locale\" content=\"en_US\" \/>\n<meta property=\"og:type\" content=\"article\" \/>\n<meta property=\"og:title\" content=\"Premium Harbor View - InterContinental Marseille - Hotel Dieu - Offrez-vous une vue imprenable sur la cit\u00e9 phoc\u00e9enne depuis ce lieu d\u2019exception, avec 194 chambres, dont 15 suites \u00e9l\u00e9gantes. A la Brasserie Les Fen\u00eatres, laissez-vous s\u00e9duire par une cuisine m\u00e9diterran\u00e9enne savoureuse, puis savourez un cocktail au Bar Le Capian, o\u00f9 l\u2019art du mixologie est \u00e0 l\u2019honneur. Profitez \u00e9galement de la piscine et du Spa by Clarins.&lt;br&gt;Avec 1 230 m\u00b2 d\u2019espaces \u00e9v\u00e9nementiels, cet endroit allie parfaitement confort, \u00e9l\u00e9gance et panorama exceptionnel face \u00e0 la mer.\" \/>\n<meta property=\"og:description\" content=\"Suites Vieux-Port view offer surfaces from 45 to .., a picturesque view of the Lacydon calanque, the famous Vieux-Port of Marseille - France\" \/>\n<meta property=\"og:url\" content=\"https:\/\/marseille.intercontinental.com\/en\/the-suites\/junior-suite-harbor-view\/\" \/>\n<meta property=\"og:site_name\" content=\"InterContinental Marseille - Hotel Dieu\" \/>\n<meta property=\"article:publisher\" content=\"https:\/\/www.facebook.com\/InterContinentalMarseilleHotelDieu\/\" \/>\n<meta property=\"article:modified_time\" content=\"2023-09-19T08:19:56+00:00\" \/>\n<meta property=\"og:image\" content=\"https:\/\/marseille.intercontinental.com\/wp-content\/uploads\/sites\/5\/2023\/02\/chambre_Premium-King-vue-1-scaled-1.jpg\" \/>\n\t<meta property=\"og:image:width\" content=\"2560\" \/>\n\t<meta property=\"og:image:height\" content=\"1707\" \/>\n\t<meta property=\"og:image:type\" content=\"image\/jpeg\" \/>\n<meta name=\"twitter:card\" content=\"summary_large_image\" \/>\n<meta name=\"twitter:site\" content=\"@icmarseille\" \/>\n<meta name=\"twitter:label1\" content=\"Est. reading time\" \/>\n\t<meta name=\"twitter:data1\" content=\"1 minute\" \/>\n<script type=\"application\/ld+json\" class=\"yoast-schema-graph\">{\"@context\":\"https:\/\/schema.org\",\"@graph\":[{\"@type\":\"WebPage\",\"@id\":\"https:\/\/marseille.intercontinental.com\/en\/the-suites\/junior-suite-harbor-view\/\",\"url\":\"https:\/\/marseille.intercontinental.com\/en\/the-suites\/junior-suite-harbor-view\/\",\"name\":\"Premium Harbor View - InterContinental Marseille - Hotel Dieu - Offrez-vous une vue imprenable sur la cit\u00e9 phoc\u00e9enne depuis ce lieu d\u2019exception, avec 194 chambres, dont 15 suites \u00e9l\u00e9gantes. A la Brasserie Les Fen\u00eatres, laissez-vous s\u00e9duire par une cuisine m\u00e9diterran\u00e9enne savoureuse, puis savourez un cocktail au Bar Le Capian, o\u00f9 l\u2019art du mixologie est \u00e0 l\u2019honneur. Profitez \u00e9galement de la piscine et du Spa by Clarins.&lt;br&gt;Avec 1 230 m\u00b2 d\u2019espaces \u00e9v\u00e9nementiels, cet endroit allie parfaitement confort, \u00e9l\u00e9gance et panorama exceptionnel face \u00e0 la mer.\",\"isPartOf\":{\"@id\":\"https:\/\/marseille.intercontinental.com\/#website\"},\"primaryImageOfPage\":{\"@id\":\"https:\/\/marseille.intercontinental.com\/en\/the-suites\/junior-suite-harbor-view\/#primaryimage\"},\"image\":{\"@id\":\"https:\/\/marseille.intercontinental.com\/en\/the-suites\/junior-suite-harbor-view\/#primaryimage\"},\"thumbnailUrl\":\"https:\/\/marseille.intercontinental.com\/wp-content\/uploads\/sites\/5\/2023\/02\/chambre_Premium-King-vue-1-scaled-1.jpg\",\"datePublished\":\"2019-10-28T10:59:33+00:00\",\"dateModified\":\"2023-09-19T08:19:56+00:00\",\"description\":\"Suites Vieux-Port view offer surfaces from 45 to .., a picturesque view of the Lacydon calanque, the famous Vieux-Port of Marseille - France\",\"breadcrumb\":{\"@id\":\"https:\/\/marseille.intercontinental.com\/en\/the-suites\/junior-suite-harbor-view\/#breadcrumb\"},\"inLanguage\":\"en-US\",\"potentialAction\":[{\"@type\":\"ReadAction\",\"target\":[\"https:\/\/marseille.intercontinental.com\/en\/the-suites\/junior-suite-harbor-view\/\"]}]},{\"@type\":\"ImageObject\",\"inLanguage\":\"en-US\",\"@id\":\"https:\/\/marseille.intercontinental.com\/en\/the-suites\/junior-suite-harbor-view\/#primaryimage\",\"url\":\"https:\/\/marseille.intercontinental.com\/wp-content\/uploads\/sites\/5\/2023\/02\/chambre_Premium-King-vue-1-scaled-1.jpg\",\"contentUrl\":\"https:\/\/marseille.intercontinental.com\/wp-content\/uploads\/sites\/5\/2023\/02\/chambre_Premium-King-vue-1-scaled-1.jpg\",\"width\":2560,\"height\":1707},{\"@type\":\"BreadcrumbList\",\"@id\":\"https:\/\/marseille.intercontinental.com\/en\/the-suites\/junior-suite-harbor-view\/#breadcrumb\",\"itemListElement\":[{\"@type\":\"ListItem\",\"position\":1,\"name\":\"Home\",\"item\":\"https:\/\/marseille.intercontinental.com\/en\/intercontinental-marseille-hotel-dieu\/\"},{\"@type\":\"ListItem\",\"position\":2,\"name\":\"The Suites\",\"item\":\"https:\/\/marseille.intercontinental.com\/en\/the-suites\/\"},{\"@type\":\"ListItem\",\"position\":3,\"name\":\"Premium Harbor View\"}]},{\"@type\":\"WebSite\",\"@id\":\"https:\/\/marseille.intercontinental.com\/#website\",\"url\":\"https:\/\/marseille.intercontinental.com\/\",\"name\":\"InterContinental Marseille - H\u00f4tel Dieu\",\"description\":\"Offrez-vous une vue imprenable sur la cit\u00e9 phoc\u00e9enne depuis ce lieu d\u2019exception, avec 194 chambres, dont 15 suites \u00e9l\u00e9gantes. A la Brasserie Les Fen\u00eatres, laissez-vous s\u00e9duire par une cuisine m\u00e9diterran\u00e9enne savoureuse, puis savourez un cocktail au Bar Le Capian, o\u00f9 l\u2019art du mixologie est \u00e0 l\u2019honneur. Profitez \u00e9galement de la piscine et du Spa by Clarins.&lt;br&gt;Avec 1 230 m\u00b2 d\u2019espaces \u00e9v\u00e9nementiels, cet endroit allie parfaitement confort, \u00e9l\u00e9gance et panorama exceptionnel face \u00e0 la mer.\",\"publisher\":{\"@id\":\"https:\/\/marseille.intercontinental.com\/#organization\"},\"alternateName\":\"InterContinental Marseille\",\"potentialAction\":[{\"@type\":\"SearchAction\",\"target\":{\"@type\":\"EntryPoint\",\"urlTemplate\":\"https:\/\/marseille.intercontinental.com\/?s={search_term_string}\"},\"query-input\":{\"@type\":\"PropertyValueSpecification\",\"valueRequired\":true,\"valueName\":\"search_term_string\"}}],\"inLanguage\":\"en-US\"},{\"@type\":\"Organization\",\"@id\":\"https:\/\/marseille.intercontinental.com\/#organization\",\"name\":\"InterContinental Marseille - H\u00f4tel Dieu\",\"alternateName\":\"InterContinental Marseille\",\"url\":\"https:\/\/marseille.intercontinental.com\/\",\"logo\":{\"@type\":\"ImageObject\",\"inLanguage\":\"en-US\",\"@id\":\"https:\/\/marseille.intercontinental.com\/#\/schema\/logo\/image\/\",\"url\":\"https:\/\/marseille.intercontinental.com\/wp-content\/uploads\/sites\/5\/2023\/09\/intercontinental-marseille-hotel-dieu-logo.svg\",\"contentUrl\":\"https:\/\/marseille.intercontinental.com\/wp-content\/uploads\/sites\/5\/2023\/09\/intercontinental-marseille-hotel-dieu-logo.svg\",\"caption\":\"InterContinental Marseille - H\u00f4tel Dieu\"},\"image\":{\"@id\":\"https:\/\/marseille.intercontinental.com\/#\/schema\/logo\/image\/\"},\"sameAs\":[\"https:\/\/www.facebook.com\/InterContinentalMarseilleHotelDieu\/\",\"https:\/\/x.com\/icmarseille\",\"https:\/\/www.instagram.com\/icmarseille\/\"]}]}<\/script>\n<!-- \/ Yoast SEO plugin. -->","yoast_head_json":{"title":"Premium Harbor View - InterContinental Marseille - Hotel Dieu - Offrez-vous une vue imprenable sur la cit\u00e9 phoc\u00e9enne depuis ce lieu d\u2019exception, avec 194 chambres, dont 15 suites \u00e9l\u00e9gantes. A la Brasserie Les Fen\u00eatres, laissez-vous s\u00e9duire par une cuisine m\u00e9diterran\u00e9enne savoureuse, puis savourez un cocktail au Bar Le Capian, o\u00f9 l\u2019art du mixologie est \u00e0 l\u2019honneur. Profitez \u00e9galement de la piscine et du Spa by Clarins.&lt;br&gt;Avec 1 230 m\u00b2 d\u2019espaces \u00e9v\u00e9nementiels, cet endroit allie parfaitement confort, \u00e9l\u00e9gance et panorama exceptionnel face \u00e0 la mer.","description":"Suites Vieux-Port view offer surfaces from 45 to .., a picturesque view of the Lacydon calanque, the famous Vieux-Port of Marseille - France","robots":{"index":"index","follow":"follow","max-snippet":"max-snippet:-1","max-image-preview":"max-image-preview:large","max-video-preview":"max-video-preview:-1"},"canonical":"https:\/\/marseille.intercontinental.com\/en\/the-suites\/junior-suite-harbor-view\/","og_locale":"en_US","og_type":"article","og_title":"Premium Harbor View - InterContinental Marseille - Hotel Dieu - Offrez-vous une vue imprenable sur la cit\u00e9 phoc\u00e9enne depuis ce lieu d\u2019exception, avec 194 chambres, dont 15 suites \u00e9l\u00e9gantes. A la Brasserie Les Fen\u00eatres, laissez-vous s\u00e9duire par une cuisine m\u00e9diterran\u00e9enne savoureuse, puis savourez un cocktail au Bar Le Capian, o\u00f9 l\u2019art du mixologie est \u00e0 l\u2019honneur. Profitez \u00e9galement de la piscine et du Spa by Clarins.&lt;br&gt;Avec 1 230 m\u00b2 d\u2019espaces \u00e9v\u00e9nementiels, cet endroit allie parfaitement confort, \u00e9l\u00e9gance et panorama exceptionnel face \u00e0 la mer.","og_description":"Suites Vieux-Port view offer surfaces from 45 to .., a picturesque view of the Lacydon calanque, the famous Vieux-Port of Marseille - France","og_url":"https:\/\/marseille.intercontinental.com\/en\/the-suites\/junior-suite-harbor-view\/","og_site_name":"InterContinental Marseille - Hotel Dieu","article_publisher":"https:\/\/www.facebook.com\/InterContinentalMarseilleHotelDieu\/","article_modified_time":"2023-09-19T08:19:56+00:00","og_image":[{"width":2560,"height":1707,"url":"https:\/\/marseille.intercontinental.com\/wp-content\/uploads\/sites\/5\/2023\/02\/chambre_Premium-King-vue-1-scaled-1.jpg","type":"image\/jpeg"}],"twitter_card":"summary_large_image","twitter_site":"@icmarseille","twitter_misc":{"Est. reading time":"1 minute"},"schema":{"@context":"https:\/\/schema.org","@graph":[{"@type":"WebPage","@id":"https:\/\/marseille.intercontinental.com\/en\/the-suites\/junior-suite-harbor-view\/","url":"https:\/\/marseille.intercontinental.com\/en\/the-suites\/junior-suite-harbor-view\/","name":"Premium Harbor View - InterContinental Marseille - Hotel Dieu - Offrez-vous une vue imprenable sur la cit\u00e9 phoc\u00e9enne depuis ce lieu d\u2019exception, avec 194 chambres, dont 15 suites \u00e9l\u00e9gantes. A la Brasserie Les Fen\u00eatres, laissez-vous s\u00e9duire par une cuisine m\u00e9diterran\u00e9enne savoureuse, puis savourez un cocktail au Bar Le Capian, o\u00f9 l\u2019art du mixologie est \u00e0 l\u2019honneur. Profitez \u00e9galement de la piscine et du Spa by Clarins.&lt;br&gt;Avec 1 230 m\u00b2 d\u2019espaces \u00e9v\u00e9nementiels, cet endroit allie parfaitement confort, \u00e9l\u00e9gance et panorama exceptionnel face \u00e0 la mer.","isPartOf":{"@id":"https:\/\/marseille.intercontinental.com\/#website"},"primaryImageOfPage":{"@id":"https:\/\/marseille.intercontinental.com\/en\/the-suites\/junior-suite-harbor-view\/#primaryimage"},"image":{"@id":"https:\/\/marseille.intercontinental.com\/en\/the-suites\/junior-suite-harbor-view\/#primaryimage"},"thumbnailUrl":"https:\/\/marseille.intercontinental.com\/wp-content\/uploads\/sites\/5\/2023\/02\/chambre_Premium-King-vue-1-scaled-1.jpg","datePublished":"2019-10-28T10:59:33+00:00","dateModified":"2023-09-19T08:19:56+00:00","description":"Suites Vieux-Port view offer surfaces from 45 to .., a picturesque view of the Lacydon calanque, the famous Vieux-Port of Marseille - France","breadcrumb":{"@id":"https:\/\/marseille.intercontinental.com\/en\/the-suites\/junior-suite-harbor-view\/#breadcrumb"},"inLanguage":"en-US","potentialAction":[{"@type":"ReadAction","target":["https:\/\/marseille.intercontinental.com\/en\/the-suites\/junior-suite-harbor-view\/"]}]},{"@type":"ImageObject","inLanguage":"en-US","@id":"https:\/\/marseille.intercontinental.com\/en\/the-suites\/junior-suite-harbor-view\/#primaryimage","url":"https:\/\/marseille.intercontinental.com\/wp-content\/uploads\/sites\/5\/2023\/02\/chambre_Premium-King-vue-1-scaled-1.jpg","contentUrl":"https:\/\/marseille.intercontinental.com\/wp-content\/uploads\/sites\/5\/2023\/02\/chambre_Premium-King-vue-1-scaled-1.jpg","width":2560,"height":1707},{"@type":"BreadcrumbList","@id":"https:\/\/marseille.intercontinental.com\/en\/the-suites\/junior-suite-harbor-view\/#breadcrumb","itemListElement":[{"@type":"ListItem","position":1,"name":"Home","item":"https:\/\/marseille.intercontinental.com\/en\/intercontinental-marseille-hotel-dieu\/"},{"@type":"ListItem","position":2,"name":"The Suites","item":"https:\/\/marseille.intercontinental.com\/en\/the-suites\/"},{"@type":"ListItem","position":3,"name":"Premium Harbor View"}]},{"@type":"WebSite","@id":"https:\/\/marseille.intercontinental.com\/#website","url":"https:\/\/marseille.intercontinental.com\/","name":"InterContinental Marseille - H\u00f4tel Dieu","description":"Offrez-vous une vue imprenable sur la cit\u00e9 phoc\u00e9enne depuis ce lieu d\u2019exception, avec 194 chambres, dont 15 suites \u00e9l\u00e9gantes. A la Brasserie Les Fen\u00eatres, laissez-vous s\u00e9duire par une cuisine m\u00e9diterran\u00e9enne savoureuse, puis savourez un cocktail au Bar Le Capian, o\u00f9 l\u2019art du mixologie est \u00e0 l\u2019honneur. Profitez \u00e9galement de la piscine et du Spa by Clarins.&lt;br&gt;Avec 1 230 m\u00b2 d\u2019espaces \u00e9v\u00e9nementiels, cet endroit allie parfaitement confort, \u00e9l\u00e9gance et panorama exceptionnel face \u00e0 la mer.","publisher":{"@id":"https:\/\/marseille.intercontinental.com\/#organization"},"alternateName":"InterContinental Marseille","potentialAction":[{"@type":"SearchAction","target":{"@type":"EntryPoint","urlTemplate":"https:\/\/marseille.intercontinental.com\/?s={search_term_string}"},"query-input":{"@type":"PropertyValueSpecification","valueRequired":true,"valueName":"search_term_string"}}],"inLanguage":"en-US"},{"@type":"Organization","@id":"https:\/\/marseille.intercontinental.com\/#organization","name":"InterContinental Marseille - H\u00f4tel Dieu","alternateName":"InterContinental Marseille","url":"https:\/\/marseille.intercontinental.com\/","logo":{"@type":"ImageObject","inLanguage":"en-US","@id":"https:\/\/marseille.intercontinental.com\/#\/schema\/logo\/image\/","url":"https:\/\/marseille.intercontinental.com\/wp-content\/uploads\/sites\/5\/2023\/09\/intercontinental-marseille-hotel-dieu-logo.svg","contentUrl":"https:\/\/marseille.intercontinental.com\/wp-content\/uploads\/sites\/5\/2023\/09\/intercontinental-marseille-hotel-dieu-logo.svg","caption":"InterContinental Marseille - H\u00f4tel Dieu"},"image":{"@id":"https:\/\/marseille.intercontinental.com\/#\/schema\/logo\/image\/"},"sameAs":["https:\/\/www.facebook.com\/InterContinentalMarseilleHotelDieu\/","https:\/\/x.com\/icmarseille","https:\/\/www.instagram.com\/icmarseille\/"]}]}},"_links":{"self":[{"href":"https:\/\/marseille.intercontinental.com\/en\/wp-json\/wp\/v2\/pages\/541","targetHints":{"allow":["GET"]}}],"collection":[{"href":"https:\/\/marseille.intercontinental.com\/en\/wp-json\/wp\/v2\/pages"}],"about":[{"href":"https:\/\/marseille.intercontinental.com\/en\/wp-json\/wp\/v2\/types\/page"}],"author":[{"embeddable":true,"href":"https:\/\/marseille.intercontinental.com\/en\/wp-json\/wp\/v2\/users\/1"}],"replies":[{"embeddable":true,"href":"https:\/\/marseille.intercontinental.com\/en\/wp-json\/wp\/v2\/comments?post=541"}],"version-history":[{"count":0,"href":"https:\/\/marseille.intercontinental.com\/en\/wp-json\/wp\/v2\/pages\/541\/revisions"}],"up":[{"embeddable":true,"href":"https:\/\/marseille.intercontinental.com\/en\/wp-json\/wp\/v2\/pages\/536"}],"wp:featuredmedia":[{"embeddable":true,"href":"https:\/\/marseille.intercontinental.com\/en\/wp-json\/wp\/v2\/media\/8799"}],"wp:attachment":[{"href":"https:\/\/marseille.intercontinental.com\/en\/wp-json\/wp\/v2\/media?parent=541"}],"curies":[{"name":"wp","href":"https:\/\/api.w.org\/{rel}","templated":true}]}}