{"id":747,"date":"2019-10-28T15:08:13","date_gmt":"2019-10-28T14:08:13","guid":{"rendered":"http:\/\/marseille.intercontinental.com\/?page_id=747"},"modified":"2023-09-19T10:21:25","modified_gmt":"2023-09-19T08:21:25","slug":"junior-suite-terrace","status":"publish","type":"page","link":"https:\/\/marseille.intercontinental.com\/en\/the-suites\/junior-suite-terrace\/","title":{"rendered":"Junior Suite Terrace"},"content":{"rendered":"\r\n\r\n\r\n\r\n  <!-- Swiper hero -->\r\n  <div id=\"slideshow-block_607e1865044eee8919a7519a11773a42\" class=\"row \">  \r\n    <div class=\"swiper d-swiper-container hero\" data-swiper={\"navigation\":{\"enabled\":false}}>\r\n      <div class=\"swiper-wrapper\">\r\n                    <div class=\"swiper-slide\">\r\n                              <span aria-hidden=\"true\" class=\"slide-e-background has-background-dim-30  has-background has-charcoal-grey-background-color\"><\/span>\r\n                                            <img decoding=\"async\" src=\"https:\/\/marseille.intercontinental.com\/wp-content\/uploads\/sites\/5\/2019\/08\/InterContinental-Marseille-Hotel-Dieu-suite-junior-terrasse-1.jpg\"\r\n                sizes=\"(max-width: 2000px) 100vw, 2000px\"\r\n                srcset=\"https:\/\/marseille.intercontinental.com\/wp-content\/uploads\/sites\/5\/2019\/08\/InterContinental-Marseille-Hotel-Dieu-suite-junior-terrasse-1.jpg 1920w,\r\n                        https:\/\/marseille.intercontinental.com\/wp-content\/uploads\/sites\/5\/2019\/08\/InterContinental-Marseille-Hotel-Dieu-suite-junior-terrasse-1-1024x565.jpg 1024w,\r\n                        https:\/\/marseille.intercontinental.com\/wp-content\/uploads\/sites\/5\/2019\/08\/InterContinental-Marseille-Hotel-Dieu-suite-junior-terrasse-1-768x424.jpg 768w\"\r\n                        alt=\"InterContinental-Marseille-Hotel-Dieu-suite-junior-terrasse\"\/>\r\n                                            <div class=\"slide-e-content d-none d-md-block\">\r\n                                      <h1 class=\"title\">Junior Suite Terrace<\/h1>\r\n                                                        <h5 class=\"text-center white\">\u00ab A Suite with a superb view \u00bb<\/h5>\r\n                                                    <\/div>\r\n                          <\/div>\r\n                <\/div>\r\n            <\/div>\r\n  <\/div>\r\n  <!-- End Swiper hero -->\r\n\r\n \n\n\n<div style=\"height:30px\" aria-hidden=\"true\" class=\"wp-block-spacer\"><\/div>\n\n\n\n<div class=\"wp-block-columns pattern-2-col-text-and-slider is-layout-flex wp-container-core-columns-is-layout-28f84493 wp-block-columns-is-layout-flex\">\n<div class=\"wp-block-column is-vertically-aligned-bottom text-column is-layout-flow wp-block-column-is-layout-flow\" style=\"padding-top:var(--wp--preset--spacing--70);padding-right:var(--wp--preset--spacing--60);padding-bottom:var(--wp--preset--spacing--70);padding-left:var(--wp--preset--spacing--60);flex-basis:33.33%\">\n<h4 class=\"wp-block-heading\">SUITES<\/h4>\n\n\n\n<h3 class=\"wp-block-heading\">Junior Suite Terrace<\/h3>\n\n\n\n<p>Ranging in size from 45 \u00e0 50 m2 the 4 Terrasse Junior Suites offer an immense terrace, with a picture postcard view of the Vieux Port and the ever-benign gaze of Notre-Dame de la Garde. Some of the Suites have separate living areas, apart from the main bedroom. Works of art find their place here enhanced by the subtle lighting against a mineral background, amid warm stone tones and a palette of grey hues.<\/p>\n<\/div>\n\n\n\n<div class=\"wp-block-column is-vertically-aligned-center is-layout-flow wp-block-column-is-layout-flow\" style=\"padding-right:var(--wp--preset--spacing--30);padding-left:var(--wp--preset--spacing--30);flex-basis:66.66%\">\r\n\r\n\r\n  <div id=\"slideshow-block_a1a14f35eefe293c0967205790a86094\" class=\"row\" data-aos=\"fade-in\">\r\n      <!-- Swiper -->\r\n      <div class=\"swiper d-swiper-container full\" data-swiper={\"autoplay\":true,\"slidesPerView\":1,\"effect\":\"creative\",\"creativeEffect\":{\"limitProgress\":2,\"prev\":{\"translate\":[\"-100%\",0,0]},\"next\":{\"translate\":[\"100%\",0,0]}},\"speed\":1000} style=\"height:66vh\">\r\n        <div class=\"swiper-wrapper\">\r\n                                      <div class=\"swiper-slide\">\r\n                                    <img decoding=\"async\" src=\"https:\/\/marseille.intercontinental.com\/wp-content\/uploads\/sites\/5\/2019\/08\/InterContinental-Marseille-Hotel-Dieu-suite-junior-terrasse-1.jpg\"\r\n                  sizes=\"(max-width: 2000px) 100vw, 2000px\"\r\n                  srcset=\"https:\/\/marseille.intercontinental.com\/wp-content\/uploads\/sites\/5\/2019\/08\/InterContinental-Marseille-Hotel-Dieu-suite-junior-terrasse-1.jpg 1920w,\r\n                          https:\/\/marseille.intercontinental.com\/wp-content\/uploads\/sites\/5\/2019\/08\/InterContinental-Marseille-Hotel-Dieu-suite-junior-terrasse-1-1024x565.jpg 1024w,\r\n                          https:\/\/marseille.intercontinental.com\/wp-content\/uploads\/sites\/5\/2019\/08\/InterContinental-Marseille-Hotel-Dieu-suite-junior-terrasse-1-768x424.jpg 768w\"\r\n                          alt=\"InterContinental-Marseille-Hotel-Dieu-suite-junior-terrasse\">\r\n                <\/div>\r\n                            <div class=\"swiper-slide\">\r\n                                    <img decoding=\"async\" src=\"https:\/\/marseille.intercontinental.com\/wp-content\/uploads\/sites\/5\/2019\/08\/InterContinental-Marseille-Hotel-Dieu-Suite-Junior-avec-terrasse-salon-1.jpg\"\r\n                  sizes=\"(max-width: 2000px) 100vw, 2000px\"\r\n                  srcset=\"https:\/\/marseille.intercontinental.com\/wp-content\/uploads\/sites\/5\/2019\/08\/InterContinental-Marseille-Hotel-Dieu-Suite-Junior-avec-terrasse-salon-1.jpg 1740w,\r\n                          https:\/\/marseille.intercontinental.com\/wp-content\/uploads\/sites\/5\/2019\/08\/InterContinental-Marseille-Hotel-Dieu-Suite-Junior-avec-terrasse-salon-1-1024x565.jpg 1024w,\r\n                          https:\/\/marseille.intercontinental.com\/wp-content\/uploads\/sites\/5\/2019\/08\/InterContinental-Marseille-Hotel-Dieu-Suite-Junior-avec-terrasse-salon-1-768x424.jpg 768w\"\r\n                          alt=\"InterContinental-Marseille-Hotel-Dieu-Suite-Junior-avec-terrasse-salon\">\r\n                <\/div>\r\n                            <div class=\"swiper-slide\">\r\n                                    <img decoding=\"async\" src=\"https:\/\/marseille.intercontinental.com\/wp-content\/uploads\/sites\/5\/2019\/08\/InterContinental-Marseille-Hotel-Dieu-Suite-Junior-avec-terrasse-salle-de-bain-1.jpg\"\r\n                  sizes=\"(max-width: 2000px) 100vw, 2000px\"\r\n                  srcset=\"https:\/\/marseille.intercontinental.com\/wp-content\/uploads\/sites\/5\/2019\/08\/InterContinental-Marseille-Hotel-Dieu-Suite-Junior-avec-terrasse-salle-de-bain-1.jpg 1740w,\r\n                          https:\/\/marseille.intercontinental.com\/wp-content\/uploads\/sites\/5\/2019\/08\/InterContinental-Marseille-Hotel-Dieu-Suite-Junior-avec-terrasse-salle-de-bain-1-1024x565.jpg 1024w,\r\n                          https:\/\/marseille.intercontinental.com\/wp-content\/uploads\/sites\/5\/2019\/08\/InterContinental-Marseille-Hotel-Dieu-Suite-Junior-avec-terrasse-salle-de-bain-1-768x424.jpg 768w\"\r\n                          alt=\"InterContinental-Marseille-Hotel-Dieu-Suite-Junior-avec-terrasse-salle-de-bain\">\r\n                <\/div>\r\n                              <\/div>\r\n          <div class=\"swiper-pagination\">\r\n          <\/div>\r\n          <div class=\"swiper-button swiper-button-prev\">\r\n            <span class=\"arrowl\"><\/span>\r\n          <\/div>\r\n          <div class=\"swiper-button swiper-button-next\">\r\n            <span class=\"arrowr\"><\/span>\r\n          <\/div>\r\n      <\/div>\r\n      <!-- End Swiper -->\r\n  <\/div>\r\n  \r\n\r\n <\/div>\n<\/div>\n\n\n\n<div class=\"wp-block-columns is-layout-flex wp-container-core-columns-is-layout-28f84493 wp-block-columns-is-layout-flex\">\n<div class=\"wp-block-column is-layout-flow wp-block-column-is-layout-flow\" style=\"flex-basis:15%\"><\/div>\n\n\n\n<div class=\"wp-block-column is-layout-flow wp-block-column-is-layout-flow\">\n<h3 class=\"wp-block-heading has-text-align-left mt-5\">Services<\/h3>\n\n\n\n<div class=\"wp-block-group is-content-justification-space-between is-nowrap is-layout-flex wp-container-core-group-is-layout-cb46ffcb wp-block-group-is-layout-flex\">\n<ul class=\"wp-block-list\">\n<li>Smart TV<\/li>\n\n\n\n<li>Pay per view films<\/li>\n\n\n\n<li>Laundry services<\/li>\n\n\n\n<li>Turndown service<\/li>\n\n\n\n<li>Room Service 24h\/24<\/li>\n\n\n\n<li>Wake Up Call<\/li>\n\n\n\n<li>Free Wifi<\/li>\n\n\n\n<li>Individual air conditioning<\/li>\n<\/ul>\n\n\n\n<ul class=\"wp-block-list\">\n<li>Coffee maker, coffee pods<\/li>\n\n\n\n<li>Kettle and selection of teas<\/li>\n\n\n\n<li>Telephone and voice mail<\/li>\n\n\n\n<li>Safe<\/li>\n\n\n\n<li>Mini-Bar<\/li>\n\n\n\n<li>Desk<\/li>\n\n\n\n<li>Bath robe, slippers<\/li>\n<\/ul>\n\n\n\n<ul class=\"wp-block-list\">\n<li>Shower, bath and bathroom linen<\/li>\n\n\n\n<li>Shoe brush and shoe shine<\/li>\n\n\n\n<li>Ironing board and iron<\/li>\n\n\n\n<li>Hair dryer<\/li>\n\n\n\n<li>Weighing scales<\/li>\n\n\n\n<li>Double glazing<\/li>\n\n\n\n<li>No smoking rooms<\/li>\n\n\n\n<li>Unlimited access to the fitness centre<\/li>\n<\/ul>\n<\/div>\n\n\n\n<div style=\"height:30px\" aria-hidden=\"true\" class=\"wp-block-spacer\"><\/div>\n\n\n\n<h3 class=\"wp-block-heading has-text-align-left\">On request<\/h3>\n\n\n\n<ul class=\"wp-block-list\">\n<li>Soft toy<\/li>\n\n\n\n<li>Bottle warmer<\/li>\n\n\n\n<li>Changing mattress<\/li>\n\n\n\n<li>Baby bath<\/li>\n\n\n\n<li>Extra bed subject to room category<\/li>\n<\/ul>\n<\/div>\n\n\n\n<div class=\"wp-block-column is-layout-flow wp-block-column-is-layout-flow\" style=\"flex-basis:15%\"><\/div>\n<\/div>\n","protected":false},"excerpt":{"rendered":"<p>Ranging in size from 45 \u00e0 50 m2 the 4 Terrasse Junior Suites offer an immense terrace<\/p>\n","protected":false},"author":1,"featured_media":11447,"parent":536,"menu_order":1,"comment_status":"closed","ping_status":"closed","template":"","meta":{"_acf_changed":false,"footnotes":""},"class_list":["post-747","page","type-page","status-publish","has-post-thumbnail","hentry"],"acf":[],"yoast_head":"<!-- This site is optimized with the Yoast SEO plugin v26.2 - https:\/\/yoast.com\/wordpress\/plugins\/seo\/ -->\n<title>Junior Suite Terrace - InterContinental Marseille - Hotel Dieu - Offrez-vous une vue imprenable sur la cit\u00e9 phoc\u00e9enne depuis ce lieu d\u2019exception, avec 194 chambres, dont 15 suites \u00e9l\u00e9gantes. A la Brasserie Les Fen\u00eatres, laissez-vous s\u00e9duire par une cuisine m\u00e9diterran\u00e9enne savoureuse, puis savourez un cocktail au Bar Le Capian, o\u00f9 l\u2019art du mixologie est \u00e0 l\u2019honneur. Profitez \u00e9galement de la piscine et du Spa by Clarins.&lt;br&gt;Avec 1 230 m\u00b2 d\u2019espaces \u00e9v\u00e9nementiels, cet endroit allie parfaitement confort, \u00e9l\u00e9gance et panorama exceptionnel face \u00e0 la mer.<\/title>\n<meta name=\"description\" content=\"Ranging in size from 45 \u00e0 50 m2 the 4 Terrasse Junior Suites offer an immense terrace\" \/>\n<meta name=\"robots\" content=\"index, follow, max-snippet:-1, max-image-preview:large, max-video-preview:-1\" \/>\n<link rel=\"canonical\" href=\"https:\/\/marseille.intercontinental.com\/en\/the-suites\/junior-suite-terrace\/\" \/>\n<meta property=\"og:locale\" content=\"en_US\" \/>\n<meta property=\"og:type\" content=\"article\" \/>\n<meta property=\"og:title\" content=\"Junior Suite Terrace - InterContinental Marseille - Hotel Dieu - Offrez-vous une vue imprenable sur la cit\u00e9 phoc\u00e9enne depuis ce lieu d\u2019exception, avec 194 chambres, dont 15 suites \u00e9l\u00e9gantes. A la Brasserie Les Fen\u00eatres, laissez-vous s\u00e9duire par une cuisine m\u00e9diterran\u00e9enne savoureuse, puis savourez un cocktail au Bar Le Capian, o\u00f9 l\u2019art du mixologie est \u00e0 l\u2019honneur. Profitez \u00e9galement de la piscine et du Spa by Clarins.&lt;br&gt;Avec 1 230 m\u00b2 d\u2019espaces \u00e9v\u00e9nementiels, cet endroit allie parfaitement confort, \u00e9l\u00e9gance et panorama exceptionnel face \u00e0 la mer.\" \/>\n<meta property=\"og:description\" content=\"Ranging in size from 45 \u00e0 50 m2 the 4 Terrasse Junior Suites offer an immense terrace\" \/>\n<meta property=\"og:url\" content=\"https:\/\/marseille.intercontinental.com\/en\/the-suites\/junior-suite-terrace\/\" \/>\n<meta property=\"og:site_name\" content=\"InterContinental Marseille - Hotel Dieu\" \/>\n<meta property=\"article:publisher\" content=\"https:\/\/www.facebook.com\/InterContinentalMarseilleHotelDieu\/\" \/>\n<meta property=\"article:modified_time\" content=\"2023-09-19T08:21:25+00:00\" \/>\n<meta property=\"og:image\" content=\"https:\/\/marseille.intercontinental.com\/wp-content\/uploads\/sites\/5\/2019\/08\/InterContinental-Marseille-Hotel-Dieu-Suite-Junior-avec-terrasse-chambre-1.jpg\" \/>\n\t<meta property=\"og:image:width\" content=\"1740\" \/>\n\t<meta property=\"og:image:height\" content=\"960\" \/>\n\t<meta property=\"og:image:type\" content=\"image\/jpeg\" \/>\n<meta name=\"twitter:card\" content=\"summary_large_image\" \/>\n<meta name=\"twitter:site\" content=\"@icmarseille\" \/>\n<meta name=\"twitter:label1\" content=\"Est. reading time\" \/>\n\t<meta name=\"twitter:data1\" content=\"1 minute\" \/>\n<script type=\"application\/ld+json\" class=\"yoast-schema-graph\">{\"@context\":\"https:\/\/schema.org\",\"@graph\":[{\"@type\":\"WebPage\",\"@id\":\"https:\/\/marseille.intercontinental.com\/en\/the-suites\/junior-suite-terrace\/\",\"url\":\"https:\/\/marseille.intercontinental.com\/en\/the-suites\/junior-suite-terrace\/\",\"name\":\"Junior Suite Terrace - InterContinental Marseille - Hotel Dieu - Offrez-vous une vue imprenable sur la cit\u00e9 phoc\u00e9enne depuis ce lieu d\u2019exception, avec 194 chambres, dont 15 suites \u00e9l\u00e9gantes. A la Brasserie Les Fen\u00eatres, laissez-vous s\u00e9duire par une cuisine m\u00e9diterran\u00e9enne savoureuse, puis savourez un cocktail au Bar Le Capian, o\u00f9 l\u2019art du mixologie est \u00e0 l\u2019honneur. Profitez \u00e9galement de la piscine et du Spa by Clarins.&lt;br&gt;Avec 1 230 m\u00b2 d\u2019espaces \u00e9v\u00e9nementiels, cet endroit allie parfaitement confort, \u00e9l\u00e9gance et panorama exceptionnel face \u00e0 la mer.\",\"isPartOf\":{\"@id\":\"https:\/\/marseille.intercontinental.com\/#website\"},\"primaryImageOfPage\":{\"@id\":\"https:\/\/marseille.intercontinental.com\/en\/the-suites\/junior-suite-terrace\/#primaryimage\"},\"image\":{\"@id\":\"https:\/\/marseille.intercontinental.com\/en\/the-suites\/junior-suite-terrace\/#primaryimage\"},\"thumbnailUrl\":\"https:\/\/marseille.intercontinental.com\/wp-content\/uploads\/sites\/5\/2019\/08\/InterContinental-Marseille-Hotel-Dieu-Suite-Junior-avec-terrasse-chambre-1.jpg\",\"datePublished\":\"2019-10-28T14:08:13+00:00\",\"dateModified\":\"2023-09-19T08:21:25+00:00\",\"description\":\"Ranging in size from 45 \u00e0 50 m2 the 4 Terrasse Junior Suites offer an immense terrace\",\"breadcrumb\":{\"@id\":\"https:\/\/marseille.intercontinental.com\/en\/the-suites\/junior-suite-terrace\/#breadcrumb\"},\"inLanguage\":\"en-US\",\"potentialAction\":[{\"@type\":\"ReadAction\",\"target\":[\"https:\/\/marseille.intercontinental.com\/en\/the-suites\/junior-suite-terrace\/\"]}]},{\"@type\":\"ImageObject\",\"inLanguage\":\"en-US\",\"@id\":\"https:\/\/marseille.intercontinental.com\/en\/the-suites\/junior-suite-terrace\/#primaryimage\",\"url\":\"https:\/\/marseille.intercontinental.com\/wp-content\/uploads\/sites\/5\/2019\/08\/InterContinental-Marseille-Hotel-Dieu-Suite-Junior-avec-terrasse-chambre-1.jpg\",\"contentUrl\":\"https:\/\/marseille.intercontinental.com\/wp-content\/uploads\/sites\/5\/2019\/08\/InterContinental-Marseille-Hotel-Dieu-Suite-Junior-avec-terrasse-chambre-1.jpg\",\"width\":1740,\"height\":960},{\"@type\":\"BreadcrumbList\",\"@id\":\"https:\/\/marseille.intercontinental.com\/en\/the-suites\/junior-suite-terrace\/#breadcrumb\",\"itemListElement\":[{\"@type\":\"ListItem\",\"position\":1,\"name\":\"Home\",\"item\":\"https:\/\/marseille.intercontinental.com\/en\/intercontinental-marseille-hotel-dieu\/\"},{\"@type\":\"ListItem\",\"position\":2,\"name\":\"The Suites\",\"item\":\"https:\/\/marseille.intercontinental.com\/en\/the-suites\/\"},{\"@type\":\"ListItem\",\"position\":3,\"name\":\"Junior Suite Terrace\"}]},{\"@type\":\"WebSite\",\"@id\":\"https:\/\/marseille.intercontinental.com\/#website\",\"url\":\"https:\/\/marseille.intercontinental.com\/\",\"name\":\"InterContinental Marseille - H\u00f4tel Dieu\",\"description\":\"Offrez-vous une vue imprenable sur la cit\u00e9 phoc\u00e9enne depuis ce lieu d\u2019exception, avec 194 chambres, dont 15 suites \u00e9l\u00e9gantes. A la Brasserie Les Fen\u00eatres, laissez-vous s\u00e9duire par une cuisine m\u00e9diterran\u00e9enne savoureuse, puis savourez un cocktail au Bar Le Capian, o\u00f9 l\u2019art du mixologie est \u00e0 l\u2019honneur. Profitez \u00e9galement de la piscine et du Spa by Clarins.&lt;br&gt;Avec 1 230 m\u00b2 d\u2019espaces \u00e9v\u00e9nementiels, cet endroit allie parfaitement confort, \u00e9l\u00e9gance et panorama exceptionnel face \u00e0 la mer.\",\"publisher\":{\"@id\":\"https:\/\/marseille.intercontinental.com\/#organization\"},\"alternateName\":\"InterContinental Marseille\",\"potentialAction\":[{\"@type\":\"SearchAction\",\"target\":{\"@type\":\"EntryPoint\",\"urlTemplate\":\"https:\/\/marseille.intercontinental.com\/?s={search_term_string}\"},\"query-input\":{\"@type\":\"PropertyValueSpecification\",\"valueRequired\":true,\"valueName\":\"search_term_string\"}}],\"inLanguage\":\"en-US\"},{\"@type\":\"Organization\",\"@id\":\"https:\/\/marseille.intercontinental.com\/#organization\",\"name\":\"InterContinental Marseille - H\u00f4tel Dieu\",\"alternateName\":\"InterContinental Marseille\",\"url\":\"https:\/\/marseille.intercontinental.com\/\",\"logo\":{\"@type\":\"ImageObject\",\"inLanguage\":\"en-US\",\"@id\":\"https:\/\/marseille.intercontinental.com\/#\/schema\/logo\/image\/\",\"url\":\"https:\/\/marseille.intercontinental.com\/wp-content\/uploads\/sites\/5\/2023\/09\/intercontinental-marseille-hotel-dieu-logo.svg\",\"contentUrl\":\"https:\/\/marseille.intercontinental.com\/wp-content\/uploads\/sites\/5\/2023\/09\/intercontinental-marseille-hotel-dieu-logo.svg\",\"caption\":\"InterContinental Marseille - H\u00f4tel Dieu\"},\"image\":{\"@id\":\"https:\/\/marseille.intercontinental.com\/#\/schema\/logo\/image\/\"},\"sameAs\":[\"https:\/\/www.facebook.com\/InterContinentalMarseilleHotelDieu\/\",\"https:\/\/x.com\/icmarseille\",\"https:\/\/www.instagram.com\/icmarseille\/\"]}]}<\/script>\n<!-- \/ Yoast SEO plugin. -->","yoast_head_json":{"title":"Junior Suite Terrace - InterContinental Marseille - Hotel Dieu - Offrez-vous une vue imprenable sur la cit\u00e9 phoc\u00e9enne depuis ce lieu d\u2019exception, avec 194 chambres, dont 15 suites \u00e9l\u00e9gantes. A la Brasserie Les Fen\u00eatres, laissez-vous s\u00e9duire par une cuisine m\u00e9diterran\u00e9enne savoureuse, puis savourez un cocktail au Bar Le Capian, o\u00f9 l\u2019art du mixologie est \u00e0 l\u2019honneur. Profitez \u00e9galement de la piscine et du Spa by Clarins.&lt;br&gt;Avec 1 230 m\u00b2 d\u2019espaces \u00e9v\u00e9nementiels, cet endroit allie parfaitement confort, \u00e9l\u00e9gance et panorama exceptionnel face \u00e0 la mer.","description":"Ranging in size from 45 \u00e0 50 m2 the 4 Terrasse Junior Suites offer an immense terrace","robots":{"index":"index","follow":"follow","max-snippet":"max-snippet:-1","max-image-preview":"max-image-preview:large","max-video-preview":"max-video-preview:-1"},"canonical":"https:\/\/marseille.intercontinental.com\/en\/the-suites\/junior-suite-terrace\/","og_locale":"en_US","og_type":"article","og_title":"Junior Suite Terrace - InterContinental Marseille - Hotel Dieu - Offrez-vous une vue imprenable sur la cit\u00e9 phoc\u00e9enne depuis ce lieu d\u2019exception, avec 194 chambres, dont 15 suites \u00e9l\u00e9gantes. A la Brasserie Les Fen\u00eatres, laissez-vous s\u00e9duire par une cuisine m\u00e9diterran\u00e9enne savoureuse, puis savourez un cocktail au Bar Le Capian, o\u00f9 l\u2019art du mixologie est \u00e0 l\u2019honneur. Profitez \u00e9galement de la piscine et du Spa by Clarins.&lt;br&gt;Avec 1 230 m\u00b2 d\u2019espaces \u00e9v\u00e9nementiels, cet endroit allie parfaitement confort, \u00e9l\u00e9gance et panorama exceptionnel face \u00e0 la mer.","og_description":"Ranging in size from 45 \u00e0 50 m2 the 4 Terrasse Junior Suites offer an immense terrace","og_url":"https:\/\/marseille.intercontinental.com\/en\/the-suites\/junior-suite-terrace\/","og_site_name":"InterContinental Marseille - Hotel Dieu","article_publisher":"https:\/\/www.facebook.com\/InterContinentalMarseilleHotelDieu\/","article_modified_time":"2023-09-19T08:21:25+00:00","og_image":[{"width":1740,"height":960,"url":"https:\/\/marseille.intercontinental.com\/wp-content\/uploads\/sites\/5\/2019\/08\/InterContinental-Marseille-Hotel-Dieu-Suite-Junior-avec-terrasse-chambre-1.jpg","type":"image\/jpeg"}],"twitter_card":"summary_large_image","twitter_site":"@icmarseille","twitter_misc":{"Est. reading time":"1 minute"},"schema":{"@context":"https:\/\/schema.org","@graph":[{"@type":"WebPage","@id":"https:\/\/marseille.intercontinental.com\/en\/the-suites\/junior-suite-terrace\/","url":"https:\/\/marseille.intercontinental.com\/en\/the-suites\/junior-suite-terrace\/","name":"Junior Suite Terrace - InterContinental Marseille - Hotel Dieu - Offrez-vous une vue imprenable sur la cit\u00e9 phoc\u00e9enne depuis ce lieu d\u2019exception, avec 194 chambres, dont 15 suites \u00e9l\u00e9gantes. A la Brasserie Les Fen\u00eatres, laissez-vous s\u00e9duire par une cuisine m\u00e9diterran\u00e9enne savoureuse, puis savourez un cocktail au Bar Le Capian, o\u00f9 l\u2019art du mixologie est \u00e0 l\u2019honneur. Profitez \u00e9galement de la piscine et du Spa by Clarins.&lt;br&gt;Avec 1 230 m\u00b2 d\u2019espaces \u00e9v\u00e9nementiels, cet endroit allie parfaitement confort, \u00e9l\u00e9gance et panorama exceptionnel face \u00e0 la mer.","isPartOf":{"@id":"https:\/\/marseille.intercontinental.com\/#website"},"primaryImageOfPage":{"@id":"https:\/\/marseille.intercontinental.com\/en\/the-suites\/junior-suite-terrace\/#primaryimage"},"image":{"@id":"https:\/\/marseille.intercontinental.com\/en\/the-suites\/junior-suite-terrace\/#primaryimage"},"thumbnailUrl":"https:\/\/marseille.intercontinental.com\/wp-content\/uploads\/sites\/5\/2019\/08\/InterContinental-Marseille-Hotel-Dieu-Suite-Junior-avec-terrasse-chambre-1.jpg","datePublished":"2019-10-28T14:08:13+00:00","dateModified":"2023-09-19T08:21:25+00:00","description":"Ranging in size from 45 \u00e0 50 m2 the 4 Terrasse Junior Suites offer an immense terrace","breadcrumb":{"@id":"https:\/\/marseille.intercontinental.com\/en\/the-suites\/junior-suite-terrace\/#breadcrumb"},"inLanguage":"en-US","potentialAction":[{"@type":"ReadAction","target":["https:\/\/marseille.intercontinental.com\/en\/the-suites\/junior-suite-terrace\/"]}]},{"@type":"ImageObject","inLanguage":"en-US","@id":"https:\/\/marseille.intercontinental.com\/en\/the-suites\/junior-suite-terrace\/#primaryimage","url":"https:\/\/marseille.intercontinental.com\/wp-content\/uploads\/sites\/5\/2019\/08\/InterContinental-Marseille-Hotel-Dieu-Suite-Junior-avec-terrasse-chambre-1.jpg","contentUrl":"https:\/\/marseille.intercontinental.com\/wp-content\/uploads\/sites\/5\/2019\/08\/InterContinental-Marseille-Hotel-Dieu-Suite-Junior-avec-terrasse-chambre-1.jpg","width":1740,"height":960},{"@type":"BreadcrumbList","@id":"https:\/\/marseille.intercontinental.com\/en\/the-suites\/junior-suite-terrace\/#breadcrumb","itemListElement":[{"@type":"ListItem","position":1,"name":"Home","item":"https:\/\/marseille.intercontinental.com\/en\/intercontinental-marseille-hotel-dieu\/"},{"@type":"ListItem","position":2,"name":"The Suites","item":"https:\/\/marseille.intercontinental.com\/en\/the-suites\/"},{"@type":"ListItem","position":3,"name":"Junior Suite Terrace"}]},{"@type":"WebSite","@id":"https:\/\/marseille.intercontinental.com\/#website","url":"https:\/\/marseille.intercontinental.com\/","name":"InterContinental Marseille - H\u00f4tel Dieu","description":"Offrez-vous une vue imprenable sur la cit\u00e9 phoc\u00e9enne depuis ce lieu d\u2019exception, avec 194 chambres, dont 15 suites \u00e9l\u00e9gantes. A la Brasserie Les Fen\u00eatres, laissez-vous s\u00e9duire par une cuisine m\u00e9diterran\u00e9enne savoureuse, puis savourez un cocktail au Bar Le Capian, o\u00f9 l\u2019art du mixologie est \u00e0 l\u2019honneur. Profitez \u00e9galement de la piscine et du Spa by Clarins.&lt;br&gt;Avec 1 230 m\u00b2 d\u2019espaces \u00e9v\u00e9nementiels, cet endroit allie parfaitement confort, \u00e9l\u00e9gance et panorama exceptionnel face \u00e0 la mer.","publisher":{"@id":"https:\/\/marseille.intercontinental.com\/#organization"},"alternateName":"InterContinental Marseille","potentialAction":[{"@type":"SearchAction","target":{"@type":"EntryPoint","urlTemplate":"https:\/\/marseille.intercontinental.com\/?s={search_term_string}"},"query-input":{"@type":"PropertyValueSpecification","valueRequired":true,"valueName":"search_term_string"}}],"inLanguage":"en-US"},{"@type":"Organization","@id":"https:\/\/marseille.intercontinental.com\/#organization","name":"InterContinental Marseille - H\u00f4tel Dieu","alternateName":"InterContinental Marseille","url":"https:\/\/marseille.intercontinental.com\/","logo":{"@type":"ImageObject","inLanguage":"en-US","@id":"https:\/\/marseille.intercontinental.com\/#\/schema\/logo\/image\/","url":"https:\/\/marseille.intercontinental.com\/wp-content\/uploads\/sites\/5\/2023\/09\/intercontinental-marseille-hotel-dieu-logo.svg","contentUrl":"https:\/\/marseille.intercontinental.com\/wp-content\/uploads\/sites\/5\/2023\/09\/intercontinental-marseille-hotel-dieu-logo.svg","caption":"InterContinental Marseille - H\u00f4tel Dieu"},"image":{"@id":"https:\/\/marseille.intercontinental.com\/#\/schema\/logo\/image\/"},"sameAs":["https:\/\/www.facebook.com\/InterContinentalMarseilleHotelDieu\/","https:\/\/x.com\/icmarseille","https:\/\/www.instagram.com\/icmarseille\/"]}]}},"_links":{"self":[{"href":"https:\/\/marseille.intercontinental.com\/en\/wp-json\/wp\/v2\/pages\/747","targetHints":{"allow":["GET"]}}],"collection":[{"href":"https:\/\/marseille.intercontinental.com\/en\/wp-json\/wp\/v2\/pages"}],"about":[{"href":"https:\/\/marseille.intercontinental.com\/en\/wp-json\/wp\/v2\/types\/page"}],"author":[{"embeddable":true,"href":"https:\/\/marseille.intercontinental.com\/en\/wp-json\/wp\/v2\/users\/1"}],"replies":[{"embeddable":true,"href":"https:\/\/marseille.intercontinental.com\/en\/wp-json\/wp\/v2\/comments?post=747"}],"version-history":[{"count":0,"href":"https:\/\/marseille.intercontinental.com\/en\/wp-json\/wp\/v2\/pages\/747\/revisions"}],"up":[{"embeddable":true,"href":"https:\/\/marseille.intercontinental.com\/en\/wp-json\/wp\/v2\/pages\/536"}],"wp:featuredmedia":[{"embeddable":true,"href":"https:\/\/marseille.intercontinental.com\/en\/wp-json\/wp\/v2\/media\/11447"}],"wp:attachment":[{"href":"https:\/\/marseille.intercontinental.com\/en\/wp-json\/wp\/v2\/media?parent=747"}],"curies":[{"name":"wp","href":"https:\/\/api.w.org\/{rel}","templated":true}]}}