{"id":763,"date":"2019-10-28T15:39:24","date_gmt":"2019-10-28T14:39:24","guid":{"rendered":"http:\/\/marseille.intercontinental.com\/?page_id=763"},"modified":"2026-04-16T10:22:12","modified_gmt":"2026-04-16T08:22:12","slug":"presidential-suite","status":"publish","type":"page","link":"https:\/\/marseille.intercontinental.com\/en\/the-suites\/presidential-suite\/","title":{"rendered":"Presidential Suite"},"content":{"rendered":"\r\n\r\n\r\n\r\n  <!-- Swiper hero -->\r\n  <div id=\"slideshow-block_85ea721faa7b80a693e5fb1c27989900\" class=\"row \">  \r\n    <div class=\"swiper d-swiper-container hero\" data-swiper={\"navigation\":{\"enabled\":false}}>\r\n      <div class=\"swiper-wrapper\">\r\n                    <div class=\"swiper-slide\">\r\n                              <span aria-hidden=\"true\" class=\"slide-e-background has-background-dim-30  has-background has-charcoal-grey-background-color\"><\/span>\r\n                                            <img decoding=\"async\" src=\"https:\/\/marseille.intercontinental.com\/wp-content\/uploads\/sites\/5\/2024\/02\/SuitePresidentielle-cGillesPerbal-4-2-scaled.jpg\"\r\n                sizes=\"(max-width: 2000px) 100vw, 2000px\"\r\n                srcset=\"https:\/\/marseille.intercontinental.com\/wp-content\/uploads\/sites\/5\/2024\/02\/SuitePresidentielle-cGillesPerbal-4-2-scaled.jpg 2560w,\r\n                        https:\/\/marseille.intercontinental.com\/wp-content\/uploads\/sites\/5\/2024\/02\/SuitePresidentielle-cGillesPerbal-4-2-1024x683.jpg 1024w,\r\n                        https:\/\/marseille.intercontinental.com\/wp-content\/uploads\/sites\/5\/2024\/02\/SuitePresidentielle-cGillesPerbal-4-2-768x512.jpg 768w\"\r\n                        alt=\"Spacious 150sqm Presidential Suite reception lounge with panoramic views of the Vieux-Port\">\r\n                                            <div class=\"slide-e-content d-none d-md-block\">\r\n                                      <h1 class=\"title\">Presidential Suite<\/h1>\r\n                                                        <h5 class=\"text-center white\">\u201cA Showpiece\u201d<\/h5>\r\n                                                    <\/div>\r\n                          <\/div>\r\n                <\/div>\r\n            <\/div>\r\n  <\/div>\r\n  <!-- End Swiper hero -->\r\n\r\n \n\n\n<div style=\"height:30px\" aria-hidden=\"true\" class=\"wp-block-spacer\"><\/div>\n\n\n\n<div class=\"wp-block-columns pattern-2-col-text-and-slider is-layout-flex wp-container-core-columns-is-layout-28f84493 wp-block-columns-is-layout-flex\">\n<div class=\"wp-block-column is-vertically-aligned-bottom text-column is-layout-flow wp-block-column-is-layout-flow\" style=\"padding-top:var(--wp--preset--spacing--70);padding-right:var(--wp--preset--spacing--60);padding-bottom:var(--wp--preset--spacing--70);padding-left:var(--wp--preset--spacing--60);flex-basis:33.33%\">\n<h4 class=\"wp-block-heading\">SUITES<\/h4>\n\n\n\n<h2 class=\"wp-block-heading\">Presidential Suite: The Height of Luxury in Marseille<\/h2>\n\n\n\n<p>The Presidential Suite, unlike the rest of the hotel, has hints of lavender, a true symbol of Provence. The striking, large-size works of art, chosen by interior designer Jean-Philippe Nuel, give the decor a really nice personal touch.<\/p>\n\n\n\n<div class=\"wp-block-buttons is-layout-flex wp-block-buttons-is-layout-flex\">\n<div class=\"wp-block-button\"><a class=\"wp-block-button__link wp-element-button\" href=\"https:\/\/www.ihg.com\/intercontinental\/hotels\/en\/en\/marseille\/mrsha\/hoteldetail\/rooms\" target=\"_blank\" rel=\"noreferrer noopener nofollow\">Book your Presidential Suite<\/a><\/div>\n<\/div>\n<\/div>\n\n\n\n<div class=\"wp-block-column is-vertically-aligned-center is-layout-flow wp-block-column-is-layout-flow\" style=\"padding-right:var(--wp--preset--spacing--30);padding-left:var(--wp--preset--spacing--30);flex-basis:66.66%\">\r\n\r\n\r\n  <div id=\"slideshow-block_eb79d88902ae2fcd1f6892ccac2775b9\" class=\"row\" data-aos=\"fade-in\">\r\n      <!-- Swiper -->\r\n      <div class=\"swiper d-swiper-container full\" data-swiper={\"autoplay\":true,\"slidesPerView\":1,\"effect\":\"creative\",\"creativeEffect\":{\"limitProgress\":2,\"prev\":{\"translate\":[\"-100%\",0,0]},\"next\":{\"translate\":[\"100%\",0,0]}},\"speed\":1000} style=\"height:66vh\">\r\n        <div class=\"swiper-wrapper\">\r\n                                      <div class=\"swiper-slide\">\r\n                                    <img decoding=\"async\" src=\"https:\/\/marseille.intercontinental.com\/wp-content\/uploads\/sites\/5\/2024\/02\/SuitePresidentielle-cGillesPerbal-4-2-scaled.jpg\"\r\n                  sizes=\"(max-width: 2000px) 100vw, 2000px\"\r\n                  srcset=\"https:\/\/marseille.intercontinental.com\/wp-content\/uploads\/sites\/5\/2024\/02\/SuitePresidentielle-cGillesPerbal-4-2-scaled.jpg 2560w,\r\n                          https:\/\/marseille.intercontinental.com\/wp-content\/uploads\/sites\/5\/2024\/02\/SuitePresidentielle-cGillesPerbal-4-2-1024x683.jpg 1024w,\r\n                          https:\/\/marseille.intercontinental.com\/wp-content\/uploads\/sites\/5\/2024\/02\/SuitePresidentielle-cGillesPerbal-4-2-768x512.jpg 768w\"\r\n                          alt=\"Spacious 150sqm Presidential Suite reception lounge with panoramic views of the Vieux-Port\">\r\n                <\/div>\r\n                            <div class=\"swiper-slide\">\r\n                                    <img decoding=\"async\" src=\"https:\/\/marseille.intercontinental.com\/wp-content\/uploads\/sites\/5\/2024\/02\/SuitePresidentielle-cGillesPerbal-3-scaled.jpg\"\r\n                  sizes=\"(max-width: 2000px) 100vw, 2000px\"\r\n                  srcset=\"https:\/\/marseille.intercontinental.com\/wp-content\/uploads\/sites\/5\/2024\/02\/SuitePresidentielle-cGillesPerbal-3-scaled.jpg 2560w,\r\n                          https:\/\/marseille.intercontinental.com\/wp-content\/uploads\/sites\/5\/2024\/02\/SuitePresidentielle-cGillesPerbal-3-1024x683.jpg 1024w,\r\n                          https:\/\/marseille.intercontinental.com\/wp-content\/uploads\/sites\/5\/2024\/02\/SuitePresidentielle-cGillesPerbal-3-768x512.jpg 768w\"\r\n                          alt=\"SuitePresidentielle (c)GillesPerbal 3\">\r\n                <\/div>\r\n                            <div class=\"swiper-slide\">\r\n                                    <img decoding=\"async\" src=\"https:\/\/marseille.intercontinental.com\/wp-content\/uploads\/sites\/5\/2024\/02\/SuitePresidentielle-cGillesPerbal-2-2-scaled.jpg\"\r\n                  sizes=\"(max-width: 2000px) 100vw, 2000px\"\r\n                  srcset=\"https:\/\/marseille.intercontinental.com\/wp-content\/uploads\/sites\/5\/2024\/02\/SuitePresidentielle-cGillesPerbal-2-2-scaled.jpg 2560w,\r\n                          https:\/\/marseille.intercontinental.com\/wp-content\/uploads\/sites\/5\/2024\/02\/SuitePresidentielle-cGillesPerbal-2-2-1024x683.jpg 1024w,\r\n                          https:\/\/marseille.intercontinental.com\/wp-content\/uploads\/sites\/5\/2024\/02\/SuitePresidentielle-cGillesPerbal-2-2-768x512.jpg 768w\"\r\n                          alt=\"Dining area in the Presidential Suite for diplomatic meetings or private dinners\">\r\n                <\/div>\r\n                            <div class=\"swiper-slide\">\r\n                                    <img decoding=\"async\" src=\"https:\/\/marseille.intercontinental.com\/wp-content\/uploads\/sites\/5\/2024\/02\/SuitePresidentielle-cGillesPerbal-5-scaled.jpg\"\r\n                  sizes=\"(max-width: 2000px) 100vw, 2000px\"\r\n                  srcset=\"https:\/\/marseille.intercontinental.com\/wp-content\/uploads\/sites\/5\/2024\/02\/SuitePresidentielle-cGillesPerbal-5-scaled.jpg 2560w,\r\n                          https:\/\/marseille.intercontinental.com\/wp-content\/uploads\/sites\/5\/2024\/02\/SuitePresidentielle-cGillesPerbal-5-1024x683.jpg 1024w,\r\n                          https:\/\/marseille.intercontinental.com\/wp-content\/uploads\/sites\/5\/2024\/02\/SuitePresidentielle-cGillesPerbal-5-768x512.jpg 768w\"\r\n                          alt=\"Executive office space in the Presidential Suite for diplomatic meetings\">\r\n                <\/div>\r\n                            <div class=\"swiper-slide\">\r\n                                    <img decoding=\"async\" src=\"https:\/\/marseille.intercontinental.com\/wp-content\/uploads\/sites\/5\/2024\/02\/SuitePresidentielle-cGillesPerbal-6-scaled.jpg\"\r\n                  sizes=\"(max-width: 2000px) 100vw, 2000px\"\r\n                  srcset=\"https:\/\/marseille.intercontinental.com\/wp-content\/uploads\/sites\/5\/2024\/02\/SuitePresidentielle-cGillesPerbal-6-scaled.jpg 2560w,\r\n                          https:\/\/marseille.intercontinental.com\/wp-content\/uploads\/sites\/5\/2024\/02\/SuitePresidentielle-cGillesPerbal-6-1024x683.jpg 1024w,\r\n                          https:\/\/marseille.intercontinental.com\/wp-content\/uploads\/sites\/5\/2024\/02\/SuitePresidentielle-cGillesPerbal-6-768x512.jpg 768w\"\r\n                          alt=\"Presidential Suite master bedroom featuring a King Size bed, Jean-Philippe Nuel mineral design, and walk-in closet\">\r\n                <\/div>\r\n                            <div class=\"swiper-slide\">\r\n                                    <img decoding=\"async\" src=\"https:\/\/marseille.intercontinental.com\/wp-content\/uploads\/sites\/5\/2024\/02\/SuitePresidentielle-cGillesPerbal-7-scaled.jpg\"\r\n                  sizes=\"(max-width: 2000px) 100vw, 2000px\"\r\n                  srcset=\"https:\/\/marseille.intercontinental.com\/wp-content\/uploads\/sites\/5\/2024\/02\/SuitePresidentielle-cGillesPerbal-7-scaled.jpg 2560w,\r\n                          https:\/\/marseille.intercontinental.com\/wp-content\/uploads\/sites\/5\/2024\/02\/SuitePresidentielle-cGillesPerbal-7-1024x683.jpg 1024w,\r\n                          https:\/\/marseille.intercontinental.com\/wp-content\/uploads\/sites\/5\/2024\/02\/SuitePresidentielle-cGillesPerbal-7-768x512.jpg 768w\"\r\n                          alt=\"Presidential Suite master bathroom: deep soaking tub, double marble vanity, and walk-in shower\">\r\n                <\/div>\r\n                              <\/div>\r\n          <div class=\"swiper-pagination\">\r\n          <\/div>\r\n          <div class=\"swiper-button swiper-button-prev\">\r\n            <span class=\"arrowl\"><\/span>\r\n          <\/div>\r\n          <div class=\"swiper-button swiper-button-next\">\r\n            <span class=\"arrowr\"><\/span>\r\n          <\/div>\r\n      <\/div>\r\n      <!-- End Swiper -->\r\n  <\/div>\r\n  \r\n\r\n <\/div>\n<\/div>\n\n\n\n<div class=\"wp-block-columns is-layout-flex wp-container-core-columns-is-layout-28f84493 wp-block-columns-is-layout-flex\">\n<div class=\"wp-block-column is-layout-flow wp-block-column-is-layout-flow\" style=\"flex-basis:15%\"><\/div>\n\n\n\n<div class=\"wp-block-column is-layout-flow wp-block-column-is-layout-flow\">\n<p>With its 156 m2, the Presidential Suite has a walk-in closet, a vast bathroom with a claw foot tub and a splendid salon giving unto a superb 80 m2 private terrace. The added bonus is, without doubt, this splendid terrace offering a spectacular view of the Vieux-Port and Notre-Dame de la Garde. The space available is perfect for hosting friends or private dinner parties.<\/p>\n\n\n\n<h3 class=\"wp-block-heading has-text-align-left mt-5\">Services<\/h3>\n\n\n\n<div class=\"wp-block-group is-content-justification-space-between is-nowrap is-layout-flex wp-container-core-group-is-layout-cb46ffcb wp-block-group-is-layout-flex\">\n<ul class=\"wp-block-list\">\n<li>Smart TV<\/li>\n\n\n\n<li>Pay per view films<\/li>\n\n\n\n<li>Laundry services<\/li>\n\n\n\n<li>Turndown service<\/li>\n\n\n\n<li>Room Service 24h\/24<\/li>\n\n\n\n<li>Wake Up Call<\/li>\n\n\n\n<li>Free Wifi<\/li>\n\n\n\n<li>Individual air conditioning<\/li>\n<\/ul>\n\n\n\n<ul class=\"wp-block-list\">\n<li>Coffee maker, coffee pods<\/li>\n\n\n\n<li>Kettle and selection of teas<\/li>\n\n\n\n<li>Telephone and voice mail<\/li>\n\n\n\n<li>Safe<\/li>\n\n\n\n<li>Mini-Bar<\/li>\n\n\n\n<li>Desk<\/li>\n\n\n\n<li>Bath robe, slippers<\/li>\n<\/ul>\n\n\n\n<ul class=\"wp-block-list\">\n<li>Shower, bath and bathroom linen<\/li>\n\n\n\n<li>Shoe brush and shoe shine<\/li>\n\n\n\n<li>Ironing board and iron<\/li>\n\n\n\n<li>Hair dryer<\/li>\n\n\n\n<li>Weighing scales<\/li>\n\n\n\n<li>Double glazing<\/li>\n\n\n\n<li>No smoking rooms<\/li>\n\n\n\n<li>Unlimited access to the fitness centre<\/li>\n<\/ul>\n<\/div>\n\n\n\n<div style=\"height:30px\" aria-hidden=\"true\" class=\"wp-block-spacer\"><\/div>\n\n\n\n<h3 class=\"wp-block-heading has-text-align-left\">On request<\/h3>\n\n\n\n<ul class=\"wp-block-list\">\n<li>Soft toy<\/li>\n\n\n\n<li>Bottle warmer<\/li>\n\n\n\n<li>Changing mattress<\/li>\n\n\n\n<li>Baby bath<\/li>\n\n\n\n<li>Extra bed subject to room category<\/li>\n<\/ul>\n<\/div>\n\n\n\n<div class=\"wp-block-column is-layout-flow wp-block-column-is-layout-flow\" style=\"flex-basis:15%\"><\/div>\n<\/div>\n","protected":false},"excerpt":{"rendered":"<p>The Presidential Suite, unlike the rest of the hotel, has hints of lavender, a true symbol of Provence.<\/p>\n","protected":false},"author":1,"featured_media":14255,"parent":536,"menu_order":3,"comment_status":"closed","ping_status":"closed","template":"","meta":{"_acf_changed":false,"footnotes":""},"class_list":["post-763","page","type-page","status-publish","has-post-thumbnail","hentry"],"acf":[],"yoast_head":"<!-- This site is optimized with the Yoast SEO plugin v26.2 - https:\/\/yoast.com\/wordpress\/plugins\/seo\/ -->\n<title>Presidential Suite - 150sqm of Pure Luxury - InterContinental Marseille - Hotel Dieu<\/title>\n<meta name=\"description\" content=\"Discover the Presidential Suite at H\u00f4tel Dieu: 150sqm of prestige, private panoramic terrace overlooking the Vieux-Port, and bespoke service.\" \/>\n<meta name=\"robots\" content=\"index, follow, max-snippet:-1, max-image-preview:large, max-video-preview:-1\" \/>\n<link rel=\"canonical\" href=\"https:\/\/marseille.intercontinental.com\/en\/the-suites\/presidential-suite\/\" \/>\n<meta property=\"og:locale\" content=\"en_US\" \/>\n<meta property=\"og:type\" content=\"article\" \/>\n<meta property=\"og:title\" content=\"Presidential Suite - 150sqm of Pure Luxury - InterContinental Marseille - Hotel Dieu\" \/>\n<meta property=\"og:description\" content=\"Discover the Presidential Suite at H\u00f4tel Dieu: 150sqm of prestige, private panoramic terrace overlooking the Vieux-Port, and bespoke service.\" \/>\n<meta property=\"og:url\" content=\"https:\/\/marseille.intercontinental.com\/en\/the-suites\/presidential-suite\/\" \/>\n<meta property=\"og:site_name\" content=\"InterContinental Marseille - Hotel Dieu\" \/>\n<meta property=\"article:publisher\" content=\"https:\/\/www.facebook.com\/InterContinentalMarseilleHotelDieu\/\" \/>\n<meta property=\"article:modified_time\" content=\"2026-04-16T08:22:12+00:00\" \/>\n<meta property=\"og:image\" content=\"https:\/\/marseille.intercontinental.com\/wp-content\/uploads\/sites\/5\/2024\/04\/InterContinental-Marseille-Hotel-Dieu-SuitePresidentielle-cGillesPerbal-4.jpg\" \/>\n\t<meta property=\"og:image:width\" content=\"2250\" \/>\n\t<meta property=\"og:image:height\" content=\"1500\" \/>\n\t<meta property=\"og:image:type\" content=\"image\/jpeg\" \/>\n<meta name=\"twitter:card\" content=\"summary_large_image\" \/>\n<meta name=\"twitter:site\" content=\"@icmarseille\" \/>\n<meta name=\"twitter:label1\" content=\"Est. reading time\" \/>\n\t<meta name=\"twitter:data1\" content=\"2 minutes\" \/>\n<script type=\"application\/ld+json\" class=\"yoast-schema-graph\">{\"@context\":\"https:\/\/schema.org\",\"@graph\":[{\"@type\":\"WebPage\",\"@id\":\"https:\/\/marseille.intercontinental.com\/en\/the-suites\/presidential-suite\/\",\"url\":\"https:\/\/marseille.intercontinental.com\/en\/the-suites\/presidential-suite\/\",\"name\":\"Presidential Suite - 150sqm of Pure Luxury - InterContinental Marseille - Hotel Dieu\",\"isPartOf\":{\"@id\":\"https:\/\/marseille.intercontinental.com\/#website\"},\"primaryImageOfPage\":{\"@id\":\"https:\/\/marseille.intercontinental.com\/en\/the-suites\/presidential-suite\/#primaryimage\"},\"image\":{\"@id\":\"https:\/\/marseille.intercontinental.com\/en\/the-suites\/presidential-suite\/#primaryimage\"},\"thumbnailUrl\":\"https:\/\/marseille.intercontinental.com\/wp-content\/uploads\/sites\/5\/2024\/04\/InterContinental-Marseille-Hotel-Dieu-SuitePresidentielle-cGillesPerbal-4.jpg\",\"datePublished\":\"2019-10-28T14:39:24+00:00\",\"dateModified\":\"2026-04-16T08:22:12+00:00\",\"description\":\"Discover the Presidential Suite at H\u00f4tel Dieu: 150sqm of prestige, private panoramic terrace overlooking the Vieux-Port, and bespoke service.\",\"breadcrumb\":{\"@id\":\"https:\/\/marseille.intercontinental.com\/en\/the-suites\/presidential-suite\/#breadcrumb\"},\"inLanguage\":\"en-US\",\"potentialAction\":[{\"@type\":\"ReadAction\",\"target\":[\"https:\/\/marseille.intercontinental.com\/en\/the-suites\/presidential-suite\/\"]}]},{\"@type\":\"ImageObject\",\"inLanguage\":\"en-US\",\"@id\":\"https:\/\/marseille.intercontinental.com\/en\/the-suites\/presidential-suite\/#primaryimage\",\"url\":\"https:\/\/marseille.intercontinental.com\/wp-content\/uploads\/sites\/5\/2024\/04\/InterContinental-Marseille-Hotel-Dieu-SuitePresidentielle-cGillesPerbal-4.jpg\",\"contentUrl\":\"https:\/\/marseille.intercontinental.com\/wp-content\/uploads\/sites\/5\/2024\/04\/InterContinental-Marseille-Hotel-Dieu-SuitePresidentielle-cGillesPerbal-4.jpg\",\"width\":2250,\"height\":1500,\"caption\":\"Vaste salon de r\u00e9ception de la Suite Pr\u00e9sidentielle avec vue panoramique sur le Vieux-Port\"},{\"@type\":\"BreadcrumbList\",\"@id\":\"https:\/\/marseille.intercontinental.com\/en\/the-suites\/presidential-suite\/#breadcrumb\",\"itemListElement\":[{\"@type\":\"ListItem\",\"position\":1,\"name\":\"Home\",\"item\":\"https:\/\/marseille.intercontinental.com\/en\/intercontinental-marseille-hotel-dieu\/\"},{\"@type\":\"ListItem\",\"position\":2,\"name\":\"The Suites\",\"item\":\"https:\/\/marseille.intercontinental.com\/en\/the-suites\/\"},{\"@type\":\"ListItem\",\"position\":3,\"name\":\"Presidential Suite\"}]},{\"@type\":\"WebSite\",\"@id\":\"https:\/\/marseille.intercontinental.com\/#website\",\"url\":\"https:\/\/marseille.intercontinental.com\/\",\"name\":\"InterContinental Marseille - H\u00f4tel Dieu\",\"description\":\"\u00c0 quoi ressemblaient nos h\u00f4tels en 2016 ? Voici un petit aper\u00e7u ! On peut dire sans h\u00e9siter qu&#039;elles ont toutes les deux bien chang\u00e9 !\",\"publisher\":{\"@id\":\"https:\/\/marseille.intercontinental.com\/#organization\"},\"alternateName\":\"InterContinental Marseille\",\"potentialAction\":[{\"@type\":\"SearchAction\",\"target\":{\"@type\":\"EntryPoint\",\"urlTemplate\":\"https:\/\/marseille.intercontinental.com\/?s={search_term_string}\"},\"query-input\":{\"@type\":\"PropertyValueSpecification\",\"valueRequired\":true,\"valueName\":\"search_term_string\"}}],\"inLanguage\":\"en-US\"},{\"@type\":\"Organization\",\"@id\":\"https:\/\/marseille.intercontinental.com\/#organization\",\"name\":\"InterContinental Marseille - H\u00f4tel Dieu\",\"alternateName\":\"InterContinental Marseille\",\"url\":\"https:\/\/marseille.intercontinental.com\/\",\"logo\":{\"@type\":\"ImageObject\",\"inLanguage\":\"en-US\",\"@id\":\"https:\/\/marseille.intercontinental.com\/#\/schema\/logo\/image\/\",\"url\":\"https:\/\/marseille.intercontinental.com\/wp-content\/uploads\/sites\/5\/2023\/09\/intercontinental-marseille-hotel-dieu-logo.svg\",\"contentUrl\":\"https:\/\/marseille.intercontinental.com\/wp-content\/uploads\/sites\/5\/2023\/09\/intercontinental-marseille-hotel-dieu-logo.svg\",\"caption\":\"InterContinental Marseille - H\u00f4tel Dieu\"},\"image\":{\"@id\":\"https:\/\/marseille.intercontinental.com\/#\/schema\/logo\/image\/\"},\"sameAs\":[\"https:\/\/www.facebook.com\/InterContinentalMarseilleHotelDieu\/\",\"https:\/\/x.com\/icmarseille\",\"https:\/\/www.instagram.com\/icmarseille\/\"]}]}<\/script>\n<!-- \/ Yoast SEO plugin. -->","yoast_head_json":{"title":"Presidential Suite - 150sqm of Pure Luxury - InterContinental Marseille - Hotel Dieu","description":"Discover the Presidential Suite at H\u00f4tel Dieu: 150sqm of prestige, private panoramic terrace overlooking the Vieux-Port, and bespoke service.","robots":{"index":"index","follow":"follow","max-snippet":"max-snippet:-1","max-image-preview":"max-image-preview:large","max-video-preview":"max-video-preview:-1"},"canonical":"https:\/\/marseille.intercontinental.com\/en\/the-suites\/presidential-suite\/","og_locale":"en_US","og_type":"article","og_title":"Presidential Suite - 150sqm of Pure Luxury - InterContinental Marseille - Hotel Dieu","og_description":"Discover the Presidential Suite at H\u00f4tel Dieu: 150sqm of prestige, private panoramic terrace overlooking the Vieux-Port, and bespoke service.","og_url":"https:\/\/marseille.intercontinental.com\/en\/the-suites\/presidential-suite\/","og_site_name":"InterContinental Marseille - Hotel Dieu","article_publisher":"https:\/\/www.facebook.com\/InterContinentalMarseilleHotelDieu\/","article_modified_time":"2026-04-16T08:22:12+00:00","og_image":[{"width":2250,"height":1500,"url":"https:\/\/marseille.intercontinental.com\/wp-content\/uploads\/sites\/5\/2024\/04\/InterContinental-Marseille-Hotel-Dieu-SuitePresidentielle-cGillesPerbal-4.jpg","type":"image\/jpeg"}],"twitter_card":"summary_large_image","twitter_site":"@icmarseille","twitter_misc":{"Est. reading time":"2 minutes"},"schema":{"@context":"https:\/\/schema.org","@graph":[{"@type":"WebPage","@id":"https:\/\/marseille.intercontinental.com\/en\/the-suites\/presidential-suite\/","url":"https:\/\/marseille.intercontinental.com\/en\/the-suites\/presidential-suite\/","name":"Presidential Suite - 150sqm of Pure Luxury - InterContinental Marseille - Hotel Dieu","isPartOf":{"@id":"https:\/\/marseille.intercontinental.com\/#website"},"primaryImageOfPage":{"@id":"https:\/\/marseille.intercontinental.com\/en\/the-suites\/presidential-suite\/#primaryimage"},"image":{"@id":"https:\/\/marseille.intercontinental.com\/en\/the-suites\/presidential-suite\/#primaryimage"},"thumbnailUrl":"https:\/\/marseille.intercontinental.com\/wp-content\/uploads\/sites\/5\/2024\/04\/InterContinental-Marseille-Hotel-Dieu-SuitePresidentielle-cGillesPerbal-4.jpg","datePublished":"2019-10-28T14:39:24+00:00","dateModified":"2026-04-16T08:22:12+00:00","description":"Discover the Presidential Suite at H\u00f4tel Dieu: 150sqm of prestige, private panoramic terrace overlooking the Vieux-Port, and bespoke service.","breadcrumb":{"@id":"https:\/\/marseille.intercontinental.com\/en\/the-suites\/presidential-suite\/#breadcrumb"},"inLanguage":"en-US","potentialAction":[{"@type":"ReadAction","target":["https:\/\/marseille.intercontinental.com\/en\/the-suites\/presidential-suite\/"]}]},{"@type":"ImageObject","inLanguage":"en-US","@id":"https:\/\/marseille.intercontinental.com\/en\/the-suites\/presidential-suite\/#primaryimage","url":"https:\/\/marseille.intercontinental.com\/wp-content\/uploads\/sites\/5\/2024\/04\/InterContinental-Marseille-Hotel-Dieu-SuitePresidentielle-cGillesPerbal-4.jpg","contentUrl":"https:\/\/marseille.intercontinental.com\/wp-content\/uploads\/sites\/5\/2024\/04\/InterContinental-Marseille-Hotel-Dieu-SuitePresidentielle-cGillesPerbal-4.jpg","width":2250,"height":1500,"caption":"Vaste salon de r\u00e9ception de la Suite Pr\u00e9sidentielle avec vue panoramique sur le Vieux-Port"},{"@type":"BreadcrumbList","@id":"https:\/\/marseille.intercontinental.com\/en\/the-suites\/presidential-suite\/#breadcrumb","itemListElement":[{"@type":"ListItem","position":1,"name":"Home","item":"https:\/\/marseille.intercontinental.com\/en\/intercontinental-marseille-hotel-dieu\/"},{"@type":"ListItem","position":2,"name":"The Suites","item":"https:\/\/marseille.intercontinental.com\/en\/the-suites\/"},{"@type":"ListItem","position":3,"name":"Presidential Suite"}]},{"@type":"WebSite","@id":"https:\/\/marseille.intercontinental.com\/#website","url":"https:\/\/marseille.intercontinental.com\/","name":"InterContinental Marseille - H\u00f4tel Dieu","description":"\u00c0 quoi ressemblaient nos h\u00f4tels en 2016 ? Voici un petit aper\u00e7u ! On peut dire sans h\u00e9siter qu&#039;elles ont toutes les deux bien chang\u00e9 !","publisher":{"@id":"https:\/\/marseille.intercontinental.com\/#organization"},"alternateName":"InterContinental Marseille","potentialAction":[{"@type":"SearchAction","target":{"@type":"EntryPoint","urlTemplate":"https:\/\/marseille.intercontinental.com\/?s={search_term_string}"},"query-input":{"@type":"PropertyValueSpecification","valueRequired":true,"valueName":"search_term_string"}}],"inLanguage":"en-US"},{"@type":"Organization","@id":"https:\/\/marseille.intercontinental.com\/#organization","name":"InterContinental Marseille - H\u00f4tel Dieu","alternateName":"InterContinental Marseille","url":"https:\/\/marseille.intercontinental.com\/","logo":{"@type":"ImageObject","inLanguage":"en-US","@id":"https:\/\/marseille.intercontinental.com\/#\/schema\/logo\/image\/","url":"https:\/\/marseille.intercontinental.com\/wp-content\/uploads\/sites\/5\/2023\/09\/intercontinental-marseille-hotel-dieu-logo.svg","contentUrl":"https:\/\/marseille.intercontinental.com\/wp-content\/uploads\/sites\/5\/2023\/09\/intercontinental-marseille-hotel-dieu-logo.svg","caption":"InterContinental Marseille - H\u00f4tel Dieu"},"image":{"@id":"https:\/\/marseille.intercontinental.com\/#\/schema\/logo\/image\/"},"sameAs":["https:\/\/www.facebook.com\/InterContinentalMarseilleHotelDieu\/","https:\/\/x.com\/icmarseille","https:\/\/www.instagram.com\/icmarseille\/"]}]}},"_links":{"self":[{"href":"https:\/\/marseille.intercontinental.com\/en\/wp-json\/wp\/v2\/pages\/763","targetHints":{"allow":["GET"]}}],"collection":[{"href":"https:\/\/marseille.intercontinental.com\/en\/wp-json\/wp\/v2\/pages"}],"about":[{"href":"https:\/\/marseille.intercontinental.com\/en\/wp-json\/wp\/v2\/types\/page"}],"author":[{"embeddable":true,"href":"https:\/\/marseille.intercontinental.com\/en\/wp-json\/wp\/v2\/users\/1"}],"replies":[{"embeddable":true,"href":"https:\/\/marseille.intercontinental.com\/en\/wp-json\/wp\/v2\/comments?post=763"}],"version-history":[{"count":2,"href":"https:\/\/marseille.intercontinental.com\/en\/wp-json\/wp\/v2\/pages\/763\/revisions"}],"predecessor-version":[{"id":20179,"href":"https:\/\/marseille.intercontinental.com\/en\/wp-json\/wp\/v2\/pages\/763\/revisions\/20179"}],"up":[{"embeddable":true,"href":"https:\/\/marseille.intercontinental.com\/en\/wp-json\/wp\/v2\/pages\/536"}],"wp:featuredmedia":[{"embeddable":true,"href":"https:\/\/marseille.intercontinental.com\/en\/wp-json\/wp\/v2\/media\/14255"}],"wp:attachment":[{"href":"https:\/\/marseille.intercontinental.com\/en\/wp-json\/wp\/v2\/media?parent=763"}],"curies":[{"name":"wp","href":"https:\/\/api.w.org\/{rel}","templated":true}]}}