{"id":787,"date":"2019-10-28T15:58:51","date_gmt":"2019-10-28T14:58:51","guid":{"rendered":"http:\/\/marseille.intercontinental.com\/?page_id=787"},"modified":"2026-04-15T15:38:38","modified_gmt":"2026-04-15T13:38:38","slug":"premium-room","status":"publish","type":"page","link":"https:\/\/marseille.intercontinental.com\/en\/the-rooms\/premium-room\/","title":{"rendered":"Premium Room"},"content":{"rendered":"\r\n\r\n\r\n\r\n  <!-- Swiper hero -->\r\n  <div id=\"slideshow-block_2af9320596d0a072f543c0f9203f56a0\" class=\"row \">  \r\n    <div class=\"swiper d-swiper-container hero\" data-swiper={\"navigation\":{\"enabled\":false}}>\r\n      <div class=\"swiper-wrapper\">\r\n                    <div class=\"swiper-slide\">\r\n                              <span aria-hidden=\"true\" class=\"slide-e-background has-background-dim-30  has-background has-charcoal-grey-background-color\"><\/span>\r\n                                            <img decoding=\"async\" src=\"https:\/\/marseille.intercontinental.com\/wp-content\/uploads\/sites\/5\/2023\/02\/Compresse-chambre_Premium-King-4-scaled-1.jpg\"\r\n                sizes=\"(max-width: 2000px) 100vw, 2000px\"\r\n                srcset=\"https:\/\/marseille.intercontinental.com\/wp-content\/uploads\/sites\/5\/2023\/02\/Compresse-chambre_Premium-King-4-scaled-1.jpg 2560w,\r\n                        https:\/\/marseille.intercontinental.com\/wp-content\/uploads\/sites\/5\/2023\/02\/Compresse-chambre_Premium-King-4-scaled-1-1024x683.jpg 1024w,\r\n                        https:\/\/marseille.intercontinental.com\/wp-content\/uploads\/sites\/5\/2023\/02\/Compresse-chambre_Premium-King-4-scaled-1-768x512.jpg 768w\"\r\n                        alt=\"Chambre Premium spacieuse de 35m2 avec lit King Size \u00e0 l&#039;InterContinental Marseille\">\r\n                                            <div class=\"slide-e-content d-none d-md-block\">\r\n                                      <h2 class=\"title\">Premium room<\/h2>\r\n                                                        <h5 class=\"text-center white\">\u00ab Treat yourself to the luxury of true comfort \u00bb<\/h5>\r\n                                                    <\/div>\r\n                          <\/div>\r\n                <\/div>\r\n            <\/div>\r\n  <\/div>\r\n  <!-- End Swiper hero -->\r\n\r\n \n\n\n<div style=\"height:30px\" aria-hidden=\"true\" class=\"wp-block-spacer\"><\/div>\n\n\n\n<div class=\"wp-block-columns pattern-2-col-text-and-slider is-layout-flex wp-container-core-columns-is-layout-28f84493 wp-block-columns-is-layout-flex\">\n<div class=\"wp-block-column is-vertically-aligned-bottom text-column is-layout-flow wp-block-column-is-layout-flow\" style=\"padding-top:var(--wp--preset--spacing--70);padding-right:var(--wp--preset--spacing--60);padding-bottom:var(--wp--preset--spacing--70);padding-left:var(--wp--preset--spacing--60);flex-basis:33.33%\">\n<h4 class=\"wp-block-heading\">ROOMS<\/h4>\n\n\n\n<h2 class=\"wp-block-heading\">Premium Room: A Spacious Luxury Retreat in Marseille<\/h2>\n\n\n\n<p>Ranging in size from 35 to 41 m2, our Premium rooms offer a wonderful view of the <strong>historic Panier quarter<\/strong> or the <strong>French style gardens<\/strong>. A living wall is discreetly integrated and contains all the necessary elements (lamp, television and sofa). This intelligent set-up gives a certain character to the space, while adding to the pleasant, intimate atmosphere, giving the impression of the thick walls of old buildings.<\/p>\n\n\n\n<div class=\"wp-block-buttons is-layout-flex wp-block-buttons-is-layout-flex\">\n<div class=\"wp-block-button\"><a class=\"wp-block-button__link wp-element-button\" href=\"https:\/\/www.ihg.com\/intercontinental\/hotels\/us\/en\/marseille\/mrsha\/hoteldetail\/rooms\" target=\"_blank\" rel=\"noreferrer noopener nofollow\">Book Your Premium Room<\/a><\/div>\n<\/div>\n<\/div>\n\n\n\n<div class=\"wp-block-column is-vertically-aligned-center is-layout-flow wp-block-column-is-layout-flow\" style=\"padding-right:var(--wp--preset--spacing--30);padding-left:var(--wp--preset--spacing--30);flex-basis:66.66%\">\r\n\r\n\r\n  <div id=\"slideshow-block_549573b7aa0dccb6c6ef035b9312d0a9\" class=\"row\" data-aos=\"fade-in\">\r\n      <!-- Swiper -->\r\n      <div class=\"swiper d-swiper-container full\" data-swiper={\"autoplay\":true,\"slidesPerView\":1,\"effect\":\"creative\",\"creativeEffect\":{\"limitProgress\":2,\"prev\":{\"translate\":[\"-100%\",0,0]},\"next\":{\"translate\":[\"100%\",0,0]}},\"speed\":1000} style=\"height:66vh\">\r\n        <div class=\"swiper-wrapper\">\r\n                                      <div class=\"swiper-slide\">\r\n                                    <img decoding=\"async\" src=\"https:\/\/marseille.intercontinental.com\/wp-content\/uploads\/sites\/5\/2023\/02\/chambre_Premium-King-3-scaled-1.jpg\"\r\n                  sizes=\"(max-width: 2000px) 100vw, 2000px\"\r\n                  srcset=\"https:\/\/marseille.intercontinental.com\/wp-content\/uploads\/sites\/5\/2023\/02\/chambre_Premium-King-3-scaled-1.jpg 2560w,\r\n                          https:\/\/marseille.intercontinental.com\/wp-content\/uploads\/sites\/5\/2023\/02\/chambre_Premium-King-3-scaled-1-1024x682.jpg 1024w,\r\n                          https:\/\/marseille.intercontinental.com\/wp-content\/uploads\/sites\/5\/2023\/02\/chambre_Premium-King-3-scaled-1-768x512.jpg 768w\"\r\n                          alt=\"Espace salon, bureau design en Chambre Executive id\u00e9al pour les voyageurs d&#039;affaires\">\r\n                <\/div>\r\n                            <div class=\"swiper-slide\">\r\n                                    <img decoding=\"async\" src=\"https:\/\/marseille.intercontinental.com\/wp-content\/uploads\/sites\/5\/2023\/07\/Compresse-chambre_Premium-King-2-scaled-1.jpg\"\r\n                  sizes=\"(max-width: 2000px) 100vw, 2000px\"\r\n                  srcset=\"https:\/\/marseille.intercontinental.com\/wp-content\/uploads\/sites\/5\/2023\/07\/Compresse-chambre_Premium-King-2-scaled-1.jpg 2560w,\r\n                          https:\/\/marseille.intercontinental.com\/wp-content\/uploads\/sites\/5\/2023\/07\/Compresse-chambre_Premium-King-2-scaled-1-1024x683.jpg 1024w,\r\n                          https:\/\/marseille.intercontinental.com\/wp-content\/uploads\/sites\/5\/2023\/07\/Compresse-chambre_Premium-King-2-scaled-1-768x512.jpg 768w\"\r\n                          alt=\"Lit King Size de la Chambre Premium \u00e0 l&#039;InterContinental Marseille\">\r\n                <\/div>\r\n                            <div class=\"swiper-slide\">\r\n                                    <img decoding=\"async\" src=\"https:\/\/marseille.intercontinental.com\/wp-content\/uploads\/sites\/5\/2023\/02\/chambre_Twin-Premium-sofa-bed-sdb-2-scaled-1.jpg\"\r\n                  sizes=\"(max-width: 2000px) 100vw, 2000px\"\r\n                  srcset=\"https:\/\/marseille.intercontinental.com\/wp-content\/uploads\/sites\/5\/2023\/02\/chambre_Twin-Premium-sofa-bed-sdb-2-scaled-1.jpg 2560w,\r\n                          https:\/\/marseille.intercontinental.com\/wp-content\/uploads\/sites\/5\/2023\/02\/chambre_Twin-Premium-sofa-bed-sdb-2-scaled-1-1024x683.jpg 1024w,\r\n                          https:\/\/marseille.intercontinental.com\/wp-content\/uploads\/sites\/5\/2023\/02\/chambre_Twin-Premium-sofa-bed-sdb-2-scaled-1-768x512.jpg 768w\"\r\n                          alt=\"Salle de bain moderne avec finitions min\u00e9rales en chambre Classic\">\r\n                <\/div>\r\n                              <\/div>\r\n          <div class=\"swiper-pagination\">\r\n          <\/div>\r\n          <div class=\"swiper-button swiper-button-prev\">\r\n            <span class=\"arrowl\"><\/span>\r\n          <\/div>\r\n          <div class=\"swiper-button swiper-button-next\">\r\n            <span class=\"arrowr\"><\/span>\r\n          <\/div>\r\n      <\/div>\r\n      <!-- End Swiper -->\r\n  <\/div>\r\n  \r\n\r\n <\/div>\n<\/div>\n\n\n\n<div class=\"wp-block-columns is-layout-flex wp-container-core-columns-is-layout-28f84493 wp-block-columns-is-layout-flex\">\n<div class=\"wp-block-column is-layout-flow wp-block-column-is-layout-flow\" style=\"flex-basis:15%\"><\/div>\n\n\n\n<div class=\"wp-block-column is-layout-flow wp-block-column-is-layout-flow\">\n<h3 class=\"wp-block-heading has-text-align-left mt-5\">Services<\/h3>\n\n\n\n<div class=\"wp-block-group is-content-justification-space-between is-nowrap is-layout-flex wp-container-core-group-is-layout-cb46ffcb wp-block-group-is-layout-flex\">\n<ul class=\"wp-block-list\">\n<li>Smart TV<\/li>\n\n\n\n<li>Pay per view films<\/li>\n\n\n\n<li>Laundry services<\/li>\n\n\n\n<li>Turndown service<\/li>\n\n\n\n<li>Room Service 24h\/24<\/li>\n\n\n\n<li>Wake Up Call<\/li>\n\n\n\n<li>Free Wifi<\/li>\n\n\n\n<li>Individual air conditioning<\/li>\n<\/ul>\n\n\n\n<ul class=\"wp-block-list\">\n<li>Coffee maker, coffee pods<\/li>\n\n\n\n<li>Kettle and selection of teas<\/li>\n\n\n\n<li>Telephone and voice mail<\/li>\n\n\n\n<li>Safe<\/li>\n\n\n\n<li>Mini-Bar<\/li>\n\n\n\n<li>Desk<\/li>\n\n\n\n<li>Bath robe, slippers<\/li>\n<\/ul>\n\n\n\n<ul class=\"wp-block-list\">\n<li>Shower, bath and bathroom linen<\/li>\n\n\n\n<li>Shoe brush and shoe shine<\/li>\n\n\n\n<li>Ironing board and iron<\/li>\n\n\n\n<li>Hair dryer<\/li>\n\n\n\n<li>Weighing scales<\/li>\n\n\n\n<li>Double glazing<\/li>\n\n\n\n<li>No smoking rooms<\/li>\n\n\n\n<li>Unlimited access to the fitness centre<\/li>\n<\/ul>\n<\/div>\n\n\n\n<div style=\"height:30px\" aria-hidden=\"true\" class=\"wp-block-spacer\"><\/div>\n\n\n\n<h3 class=\"wp-block-heading has-text-align-left\">On request<\/h3>\n\n\n\n<ul class=\"wp-block-list\">\n<li>Soft toy<\/li>\n\n\n\n<li>Bottle warmer<\/li>\n\n\n\n<li>Changing mattress<\/li>\n\n\n\n<li>Baby bath<\/li>\n\n\n\n<li>Extra bed subject to room category<\/li>\n<\/ul>\n<\/div>\n\n\n\n<div class=\"wp-block-column is-layout-flow wp-block-column-is-layout-flow\" style=\"flex-basis:15%\"><\/div>\n<\/div>\n","protected":false},"excerpt":{"rendered":"<p>Ranging in size from 35 to 41 m2, our Executive rooms offer a wonderful view of the historic Panier quarter&#8230;<\/p>\n","protected":false},"author":1,"featured_media":11422,"parent":770,"menu_order":1,"comment_status":"closed","ping_status":"closed","template":"","meta":{"_acf_changed":false,"footnotes":""},"class_list":["post-787","page","type-page","status-publish","has-post-thumbnail","hentry"],"acf":{"schema":""},"yoast_head":"<!-- This site is optimized with the Yoast SEO plugin v26.2 - https:\/\/yoast.com\/wordpress\/plugins\/seo\/ -->\n<title>Premium Room Marseille - Luxury &amp; Comfort - InterContinental Marseille - Hotel Dieu<\/title>\n<meta name=\"description\" content=\"Book your Premium Room at InterContinental Marseille. Enjoy 35sqm of elegant space, Jean-Philippe Nuel design, and 5-star service in the heart of the city.\" \/>\n<meta name=\"robots\" content=\"index, follow, max-snippet:-1, max-image-preview:large, max-video-preview:-1\" \/>\n<link rel=\"canonical\" href=\"https:\/\/marseille.intercontinental.com\/en\/the-rooms\/premium-room\/\" \/>\n<meta property=\"og:locale\" content=\"en_US\" \/>\n<meta property=\"og:type\" content=\"article\" \/>\n<meta property=\"og:title\" content=\"Premium Room Marseille - Luxury &amp; Comfort - InterContinental Marseille - Hotel Dieu\" \/>\n<meta property=\"og:description\" content=\"Book your Premium Room at InterContinental Marseille. Enjoy 35sqm of elegant space, Jean-Philippe Nuel design, and 5-star service in the heart of the city.\" \/>\n<meta property=\"og:url\" content=\"https:\/\/marseille.intercontinental.com\/en\/the-rooms\/premium-room\/\" \/>\n<meta property=\"og:site_name\" content=\"InterContinental Marseille - Hotel Dieu\" \/>\n<meta property=\"article:publisher\" content=\"https:\/\/www.facebook.com\/InterContinentalMarseilleHotelDieu\/\" \/>\n<meta property=\"article:modified_time\" content=\"2026-04-15T13:38:38+00:00\" \/>\n<meta property=\"og:image\" content=\"https:\/\/marseille.intercontinental.com\/wp-content\/uploads\/sites\/5\/2023\/02\/Compresse-chambre_Premium-King-4-scaled-1.jpg\" \/>\n\t<meta property=\"og:image:width\" content=\"2560\" \/>\n\t<meta property=\"og:image:height\" content=\"1707\" \/>\n\t<meta property=\"og:image:type\" content=\"image\/jpeg\" \/>\n<meta name=\"twitter:card\" content=\"summary_large_image\" \/>\n<meta name=\"twitter:site\" content=\"@icmarseille\" \/>\n<meta name=\"twitter:label1\" content=\"Est. reading time\" \/>\n\t<meta name=\"twitter:data1\" content=\"2 minutes\" \/>\n<script type=\"application\/ld+json\" class=\"yoast-schema-graph\">{\"@context\":\"https:\/\/schema.org\",\"@graph\":[{\"@type\":\"WebPage\",\"@id\":\"https:\/\/marseille.intercontinental.com\/en\/the-rooms\/premium-room\/\",\"url\":\"https:\/\/marseille.intercontinental.com\/en\/the-rooms\/premium-room\/\",\"name\":\"Premium Room Marseille - Luxury & Comfort - InterContinental Marseille - Hotel Dieu\",\"isPartOf\":{\"@id\":\"https:\/\/marseille.intercontinental.com\/en\/#website\"},\"primaryImageOfPage\":{\"@id\":\"https:\/\/marseille.intercontinental.com\/en\/the-rooms\/premium-room\/#primaryimage\"},\"image\":{\"@id\":\"https:\/\/marseille.intercontinental.com\/en\/the-rooms\/premium-room\/#primaryimage\"},\"thumbnailUrl\":\"https:\/\/marseille.intercontinental.com\/wp-content\/uploads\/sites\/5\/2023\/02\/Compresse-chambre_Premium-King-4-scaled-1.jpg\",\"datePublished\":\"2019-10-28T14:58:51+00:00\",\"dateModified\":\"2026-04-15T13:38:38+00:00\",\"description\":\"Book your Premium Room at InterContinental Marseille. Enjoy 35sqm of elegant space, Jean-Philippe Nuel design, and 5-star service in the heart of the city.\",\"breadcrumb\":{\"@id\":\"https:\/\/marseille.intercontinental.com\/en\/the-rooms\/premium-room\/#breadcrumb\"},\"inLanguage\":\"en-US\",\"potentialAction\":[{\"@type\":\"ReadAction\",\"target\":[\"https:\/\/marseille.intercontinental.com\/en\/the-rooms\/premium-room\/\"]}]},{\"@type\":\"ImageObject\",\"inLanguage\":\"en-US\",\"@id\":\"https:\/\/marseille.intercontinental.com\/en\/the-rooms\/premium-room\/#primaryimage\",\"url\":\"https:\/\/marseille.intercontinental.com\/wp-content\/uploads\/sites\/5\/2023\/02\/Compresse-chambre_Premium-King-4-scaled-1.jpg\",\"contentUrl\":\"https:\/\/marseille.intercontinental.com\/wp-content\/uploads\/sites\/5\/2023\/02\/Compresse-chambre_Premium-King-4-scaled-1.jpg\",\"width\":2560,\"height\":1707,\"caption\":\"Chambre Premium spacieuse de 35m2 avec lit King Size \u00e0 l'InterContinental Marseille\"},{\"@type\":\"BreadcrumbList\",\"@id\":\"https:\/\/marseille.intercontinental.com\/en\/the-rooms\/premium-room\/#breadcrumb\",\"itemListElement\":[{\"@type\":\"ListItem\",\"position\":1,\"name\":\"Home\",\"item\":\"https:\/\/marseille.intercontinental.com\/en\/\"},{\"@type\":\"ListItem\",\"position\":2,\"name\":\"The Rooms\",\"item\":\"https:\/\/marseille.intercontinental.com\/en\/the-rooms\/\"},{\"@type\":\"ListItem\",\"position\":3,\"name\":\"Premium Room\"}]},{\"@type\":\"WebSite\",\"@id\":\"https:\/\/marseille.intercontinental.com\/en\/#website\",\"url\":\"https:\/\/marseille.intercontinental.com\/en\/\",\"name\":\"InterContinental Marseille - H\u00f4tel Dieu\",\"description\":\"\u00c0 quoi ressemblaient nos h\u00f4tels en 2016 ? Voici un petit aper\u00e7u ! On peut dire sans h\u00e9siter qu&#039;elles ont toutes les deux bien chang\u00e9 !\",\"publisher\":{\"@id\":\"https:\/\/marseille.intercontinental.com\/en\/#organization\"},\"alternateName\":\"InterContinental Marseille\",\"potentialAction\":[{\"@type\":\"SearchAction\",\"target\":{\"@type\":\"EntryPoint\",\"urlTemplate\":\"https:\/\/marseille.intercontinental.com\/en\/?s={search_term_string}\"},\"query-input\":{\"@type\":\"PropertyValueSpecification\",\"valueRequired\":true,\"valueName\":\"search_term_string\"}}],\"inLanguage\":\"en-US\"},{\"@type\":\"Organization\",\"@id\":\"https:\/\/marseille.intercontinental.com\/en\/#organization\",\"name\":\"InterContinental Marseille - H\u00f4tel Dieu\",\"alternateName\":\"InterContinental Marseille\",\"url\":\"https:\/\/marseille.intercontinental.com\/en\/\",\"logo\":{\"@type\":\"ImageObject\",\"inLanguage\":\"en-US\",\"@id\":\"https:\/\/marseille.intercontinental.com\/en\/#\/schema\/logo\/image\/\",\"url\":\"https:\/\/marseille.intercontinental.com\/wp-content\/uploads\/sites\/5\/2023\/09\/intercontinental-marseille-hotel-dieu-logo.svg\",\"contentUrl\":\"https:\/\/marseille.intercontinental.com\/wp-content\/uploads\/sites\/5\/2023\/09\/intercontinental-marseille-hotel-dieu-logo.svg\",\"caption\":\"InterContinental Marseille - H\u00f4tel Dieu\"},\"image\":{\"@id\":\"https:\/\/marseille.intercontinental.com\/en\/#\/schema\/logo\/image\/\"},\"sameAs\":[\"https:\/\/www.facebook.com\/InterContinentalMarseilleHotelDieu\/\",\"https:\/\/x.com\/icmarseille\",\"https:\/\/www.instagram.com\/icmarseille\/\"]}]}<\/script>\n<!-- \/ Yoast SEO plugin. -->","yoast_head_json":{"title":"Premium Room Marseille - Luxury & Comfort - InterContinental Marseille - Hotel Dieu","description":"Book your Premium Room at InterContinental Marseille. Enjoy 35sqm of elegant space, Jean-Philippe Nuel design, and 5-star service in the heart of the city.","robots":{"index":"index","follow":"follow","max-snippet":"max-snippet:-1","max-image-preview":"max-image-preview:large","max-video-preview":"max-video-preview:-1"},"canonical":"https:\/\/marseille.intercontinental.com\/en\/the-rooms\/premium-room\/","og_locale":"en_US","og_type":"article","og_title":"Premium Room Marseille - Luxury & Comfort - InterContinental Marseille - Hotel Dieu","og_description":"Book your Premium Room at InterContinental Marseille. Enjoy 35sqm of elegant space, Jean-Philippe Nuel design, and 5-star service in the heart of the city.","og_url":"https:\/\/marseille.intercontinental.com\/en\/the-rooms\/premium-room\/","og_site_name":"InterContinental Marseille - Hotel Dieu","article_publisher":"https:\/\/www.facebook.com\/InterContinentalMarseilleHotelDieu\/","article_modified_time":"2026-04-15T13:38:38+00:00","og_image":[{"width":2560,"height":1707,"url":"https:\/\/marseille.intercontinental.com\/wp-content\/uploads\/sites\/5\/2023\/02\/Compresse-chambre_Premium-King-4-scaled-1.jpg","type":"image\/jpeg"}],"twitter_card":"summary_large_image","twitter_site":"@icmarseille","twitter_misc":{"Est. reading time":"2 minutes"},"schema":{"@context":"https:\/\/schema.org","@graph":[{"@type":"WebPage","@id":"https:\/\/marseille.intercontinental.com\/en\/the-rooms\/premium-room\/","url":"https:\/\/marseille.intercontinental.com\/en\/the-rooms\/premium-room\/","name":"Premium Room Marseille - Luxury & Comfort - InterContinental Marseille - Hotel Dieu","isPartOf":{"@id":"https:\/\/marseille.intercontinental.com\/en\/#website"},"primaryImageOfPage":{"@id":"https:\/\/marseille.intercontinental.com\/en\/the-rooms\/premium-room\/#primaryimage"},"image":{"@id":"https:\/\/marseille.intercontinental.com\/en\/the-rooms\/premium-room\/#primaryimage"},"thumbnailUrl":"https:\/\/marseille.intercontinental.com\/wp-content\/uploads\/sites\/5\/2023\/02\/Compresse-chambre_Premium-King-4-scaled-1.jpg","datePublished":"2019-10-28T14:58:51+00:00","dateModified":"2026-04-15T13:38:38+00:00","description":"Book your Premium Room at InterContinental Marseille. Enjoy 35sqm of elegant space, Jean-Philippe Nuel design, and 5-star service in the heart of the city.","breadcrumb":{"@id":"https:\/\/marseille.intercontinental.com\/en\/the-rooms\/premium-room\/#breadcrumb"},"inLanguage":"en-US","potentialAction":[{"@type":"ReadAction","target":["https:\/\/marseille.intercontinental.com\/en\/the-rooms\/premium-room\/"]}]},{"@type":"ImageObject","inLanguage":"en-US","@id":"https:\/\/marseille.intercontinental.com\/en\/the-rooms\/premium-room\/#primaryimage","url":"https:\/\/marseille.intercontinental.com\/wp-content\/uploads\/sites\/5\/2023\/02\/Compresse-chambre_Premium-King-4-scaled-1.jpg","contentUrl":"https:\/\/marseille.intercontinental.com\/wp-content\/uploads\/sites\/5\/2023\/02\/Compresse-chambre_Premium-King-4-scaled-1.jpg","width":2560,"height":1707,"caption":"Chambre Premium spacieuse de 35m2 avec lit King Size \u00e0 l'InterContinental Marseille"},{"@type":"BreadcrumbList","@id":"https:\/\/marseille.intercontinental.com\/en\/the-rooms\/premium-room\/#breadcrumb","itemListElement":[{"@type":"ListItem","position":1,"name":"Home","item":"https:\/\/marseille.intercontinental.com\/en\/"},{"@type":"ListItem","position":2,"name":"The Rooms","item":"https:\/\/marseille.intercontinental.com\/en\/the-rooms\/"},{"@type":"ListItem","position":3,"name":"Premium Room"}]},{"@type":"WebSite","@id":"https:\/\/marseille.intercontinental.com\/en\/#website","url":"https:\/\/marseille.intercontinental.com\/en\/","name":"InterContinental Marseille - H\u00f4tel Dieu","description":"\u00c0 quoi ressemblaient nos h\u00f4tels en 2016 ? Voici un petit aper\u00e7u ! On peut dire sans h\u00e9siter qu&#039;elles ont toutes les deux bien chang\u00e9 !","publisher":{"@id":"https:\/\/marseille.intercontinental.com\/en\/#organization"},"alternateName":"InterContinental Marseille","potentialAction":[{"@type":"SearchAction","target":{"@type":"EntryPoint","urlTemplate":"https:\/\/marseille.intercontinental.com\/en\/?s={search_term_string}"},"query-input":{"@type":"PropertyValueSpecification","valueRequired":true,"valueName":"search_term_string"}}],"inLanguage":"en-US"},{"@type":"Organization","@id":"https:\/\/marseille.intercontinental.com\/en\/#organization","name":"InterContinental Marseille - H\u00f4tel Dieu","alternateName":"InterContinental Marseille","url":"https:\/\/marseille.intercontinental.com\/en\/","logo":{"@type":"ImageObject","inLanguage":"en-US","@id":"https:\/\/marseille.intercontinental.com\/en\/#\/schema\/logo\/image\/","url":"https:\/\/marseille.intercontinental.com\/wp-content\/uploads\/sites\/5\/2023\/09\/intercontinental-marseille-hotel-dieu-logo.svg","contentUrl":"https:\/\/marseille.intercontinental.com\/wp-content\/uploads\/sites\/5\/2023\/09\/intercontinental-marseille-hotel-dieu-logo.svg","caption":"InterContinental Marseille - H\u00f4tel Dieu"},"image":{"@id":"https:\/\/marseille.intercontinental.com\/en\/#\/schema\/logo\/image\/"},"sameAs":["https:\/\/www.facebook.com\/InterContinentalMarseilleHotelDieu\/","https:\/\/x.com\/icmarseille","https:\/\/www.instagram.com\/icmarseille\/"]}]}},"_links":{"self":[{"href":"https:\/\/marseille.intercontinental.com\/en\/wp-json\/wp\/v2\/pages\/787","targetHints":{"allow":["GET"]}}],"collection":[{"href":"https:\/\/marseille.intercontinental.com\/en\/wp-json\/wp\/v2\/pages"}],"about":[{"href":"https:\/\/marseille.intercontinental.com\/en\/wp-json\/wp\/v2\/types\/page"}],"author":[{"embeddable":true,"href":"https:\/\/marseille.intercontinental.com\/en\/wp-json\/wp\/v2\/users\/1"}],"replies":[{"embeddable":true,"href":"https:\/\/marseille.intercontinental.com\/en\/wp-json\/wp\/v2\/comments?post=787"}],"version-history":[{"count":1,"href":"https:\/\/marseille.intercontinental.com\/en\/wp-json\/wp\/v2\/pages\/787\/revisions"}],"predecessor-version":[{"id":20134,"href":"https:\/\/marseille.intercontinental.com\/en\/wp-json\/wp\/v2\/pages\/787\/revisions\/20134"}],"up":[{"embeddable":true,"href":"https:\/\/marseille.intercontinental.com\/en\/wp-json\/wp\/v2\/pages\/770"}],"wp:featuredmedia":[{"embeddable":true,"href":"https:\/\/marseille.intercontinental.com\/en\/wp-json\/wp\/v2\/media\/11422"}],"wp:attachment":[{"href":"https:\/\/marseille.intercontinental.com\/en\/wp-json\/wp\/v2\/media?parent=787"}],"curies":[{"name":"wp","href":"https:\/\/api.w.org\/{rel}","templated":true}]}}