{"id":851,"date":"2019-10-28T17:19:46","date_gmt":"2019-10-28T16:19:46","guid":{"rendered":"http:\/\/marseille.intercontinental.com\/?page_id=851"},"modified":"2026-04-21T17:09:26","modified_gmt":"2026-04-21T15:09:26","slug":"room-service","status":"publish","type":"page","link":"https:\/\/marseille.intercontinental.com\/en\/room-service\/","title":{"rendered":"Room Service"},"content":{"rendered":"\n<h1 class=\"wp-block-heading has-text-align-center\">Room Service<\/h1>\n\n\n\n<div style=\"height:30px\" aria-hidden=\"true\" class=\"wp-block-spacer\"><\/div>\n\n\n\n<div class=\"wp-block-columns is-layout-flex wp-container-core-columns-is-layout-28f84493 wp-block-columns-is-layout-flex\">\n<div class=\"wp-block-column is-layout-flow wp-block-column-is-layout-flow\" style=\"flex-basis:250px\"><\/div>\n\n\n\n<div class=\"wp-block-column is-layout-flow wp-block-column-is-layout-flow\">\n<div class=\"wp-block-columns is-layout-flex wp-container-core-columns-is-layout-28f84493 wp-block-columns-is-layout-flex\">\n<div class=\"wp-block-column is-layout-flow wp-block-column-is-layout-flow\">\n<figure class=\"wp-block-image size-large\"><img decoding=\"async\" width=\"683\" height=\"1024\" src=\"https:\/\/marseille.intercontinental.com\/wp-content\/uploads\/sites\/5\/2024\/03\/IC-MARS22-134-683x1024.jpg\" alt=\"Room service tray with gourmet dishes prepared by the chefs of the InterContinental Marseille H\u00f4tel-Dieu, delivered to your room\" class=\"wp-image-13759\" srcset=\"https:\/\/marseille.intercontinental.com\/wp-content\/uploads\/sites\/5\/2024\/03\/IC-MARS22-134-683x1024.jpg 683w, https:\/\/marseille.intercontinental.com\/wp-content\/uploads\/sites\/5\/2024\/03\/IC-MARS22-134-200x300.jpg 200w, https:\/\/marseille.intercontinental.com\/wp-content\/uploads\/sites\/5\/2024\/03\/IC-MARS22-134-768x1152.jpg 768w, https:\/\/marseille.intercontinental.com\/wp-content\/uploads\/sites\/5\/2024\/03\/IC-MARS22-134-1024x1536.jpg 1024w, https:\/\/marseille.intercontinental.com\/wp-content\/uploads\/sites\/5\/2024\/03\/IC-MARS22-134-1365x2048.jpg 1365w, https:\/\/marseille.intercontinental.com\/wp-content\/uploads\/sites\/5\/2024\/03\/IC-MARS22-134-scaled.jpg 1707w\" sizes=\"(max-width: 683px) 100vw, 683px\" \/><\/figure>\n<\/div>\n\n\n\n<div class=\"wp-block-column is-layout-flow wp-block-column-is-layout-flow\">\n<h2 class=\"wp-block-heading\">In-Room Dining Experience at InterContinental Marseille<\/h2>\n\n\n\n<p>Room service is gastronomy at your fingertips, when you wish. Dishes prepared by our Chefs are delivered to your room by staff there to ensure that you enjoy every moment of your stay.<\/p>\n\n\n\n<p>Whether you opt for a Continental breakfast, a healthy choice meal, \u00e0 la carte, starters and salads, regional dishes, in season dishes of the day, pasta, pizzas, sandwiches, burgers, desserts, the wine menu and so much more\u2026 At Room Service there\u2019s a lot to choose from.<\/p>\n\n\n\n<p><strong>Our Room Service is available every day from <strong>6:30 am<\/strong> to 2 am.<\/strong><\/p>\n\n\n\n<div class=\"wp-block-buttons is-horizontal is-content-justification-center is-layout-flex wp-container-core-buttons-is-layout-03627597 wp-block-buttons-is-layout-flex\">\n<div class=\"wp-block-button\"><a class=\"wp-block-button__link wp-element-button\" href=\"https:\/\/marseille.intercontinental.com\/wp-content\/uploads\/sites\/5\/2026\/04\/Carte-ROOM-SERVICE_16-04-26_compressed.pdf\" target=\"_blank\" rel=\"noreferrer noopener\">Download our room service menu<\/a><\/div>\n<\/div>\n<\/div>\n<\/div>\n<\/div>\n\n\n\n<div class=\"wp-block-column is-layout-flow wp-block-column-is-layout-flow\" style=\"flex-basis:250px\"><\/div>\n<\/div>\n\n\n\n<hr class=\"wp-block-separator has-alpha-channel-opacity\"\/>\n\n\n\n<div class=\"wp-block-group is-layout-constrained wp-container-core-group-is-layout-7e335c23 wp-block-group-is-layout-constrained wp-container-core-group-is-layout-251c114b\" style=\"padding-top:var(--wp--preset--spacing--50);padding-bottom:var(--wp--preset--spacing--50)\">\n<h2 class=\"wp-block-heading\">Frequently asked questions about Room Service<\/h2>\n\n\n\n<p>Would you like to order from your room or find out more about our services?<\/p>\n\n\n\n<p>We have gathered here the answers to our guests&#8217; most frequently asked questions to assist you during your stay.<\/p>\n\n\n\n<div class=\"schema-faq wp-block-yoast-faq-block\"><div class=\"schema-faq-section\" id=\"faq-question-rs-001\"><strong class=\"schema-faq-question\">What are the Room Service hours?<\/strong> <p class=\"schema-faq-answer\">Room Service is available every day from 6:30am to 2:00am.<\/p> <\/div> <div class=\"schema-faq-section\" id=\"faq-question-rs-002\"><strong class=\"schema-faq-question\">What does the Room Service menu include?<\/strong> <p class=\"schema-faq-answer\">The Room Service menu includes breakfasts (continental, healthy choice or \u00e0 la carte), starters, salads, soups, regional dishes, pasta, pizzas, sandwiches, burgers, desserts and a wine list.<\/p> <\/div> <div class=\"schema-faq-section\" id=\"faq-question-rs-003\"><strong class=\"schema-faq-question\">Is Room Service available to all hotel guests?<\/strong> <p class=\"schema-faq-answer\">Yes, Room Service is available to all guests staying at the InterContinental Marseille \u2013 H\u00f4tel-Dieu, regardless of their room or suite type.<\/p> <\/div> <div class=\"schema-faq-section\" id=\"faq-question-rs-004\"><strong class=\"schema-faq-question\">How do I place a Room Service order?<\/strong> <p class=\"schema-faq-answer\">Simply dial the room service number from your in-room telephone. Our team will take your order and deliver it to you as quickly as possible.<\/p> <\/div> <div class=\"schema-faq-section\" id=\"faq-question-rs-005\"><strong class=\"schema-faq-question\">Are Room Service dishes prepared by the hotel&#8217;s chefs?<\/strong> <p class=\"schema-faq-answer\">Yes, all Room Service dishes are designed and prepared by our chefs, with the same care given to the menus at Brasserie Les Fen\u00eatres.<\/p> <\/div> <div class=\"schema-faq-section\" id=\"faq-question-rs-006\"><strong class=\"schema-faq-question\">Are vegetarian or gluten-free options available?<\/strong> <p class=\"schema-faq-answer\">Yes, our menu includes options suited to different dietary requirements. Please do not hesitate to mention any allergies or intolerances when placing your order.<\/p> <\/div> <\/div>\n<\/div>\n","protected":false},"excerpt":{"rendered":"<p>Room Service In-Room Dining Experience at InterContinental Marseille Room service is gastronomy at your fingertips, when you wish. Dishes prepared by our Chefs are delivered to your room by staff there to ensure that you enjoy every moment of your [&hellip;]<\/p>\n","protected":false},"author":1,"featured_media":0,"parent":0,"menu_order":0,"comment_status":"closed","ping_status":"closed","template":"","meta":{"_acf_changed":false,"footnotes":""},"class_list":["post-851","page","type-page","status-publish","hentry"],"acf":{"schema":"<script type=\"application\/ld+json\">\r\n{\r\n  \"@context\": \"https:\/\/schema.org\",\r\n  \"@type\": \"FoodService\",\r\n  \"name\": \"Room Service - InterContinental Marseille \u2013 H\u00f4tel Dieu\",\r\n  \"url\": \"https:\/\/marseille.intercontinental.com\/en\/room-service\/\",\r\n  \"description\": \"In-room dining experience at the InterContinental Marseille \u2013 H\u00f4tel Dieu. Dishes prepared by our chefs and delivered to your room every day from 6:30am to 2:00am. Menu includes continental breakfast, starters, salads, regional dishes, pasta, pizzas, sandwiches, burgers, desserts and a wine list.\",\r\n  \"telephone\": \"+33413424242\",\r\n  \"openingHours\": \"Mo-Su 06:30-02:00\",\r\n  \"servesCuisine\": [\"Mediterranean\", \"French\", \"International\"],\r\n  \"priceRange\": \"\u20ac\u20ac\u20ac\u20ac\",\r\n  \"address\": {\r\n    \"@type\": \"PostalAddress\",\r\n    \"streetAddress\": \"1 Place Daviel\",\r\n    \"addressLocality\": \"Marseille\",\r\n    \"postalCode\": \"13002\",\r\n    \"addressRegion\": \"Provence-Alpes-C\u00f4te d'Azur\",\r\n    \"addressCountry\": \"FR\"\r\n  },\r\n  \"containedInPlace\": {\r\n    \"@type\": \"Hotel\",\r\n    \"name\": \"InterContinental Marseille \u2013 H\u00f4tel Dieu\",\r\n    \"url\": \"https:\/\/marseille.intercontinental.com\",\r\n    \"starRating\": {\r\n      \"@type\": \"Rating\",\r\n      \"ratingValue\": \"5\"\r\n    }\r\n  },\r\n  \"amenityFeature\": [\r\n    { \"@type\": \"LocationFeatureSpecification\", \"name\": \"In-room dining available daily 6:30am\u20132:00am\", \"value\": true },\r\n    { \"@type\": \"LocationFeatureSpecification\", \"name\": \"Continental and \u00e0 la carte breakfast\", \"value\": true },\r\n    { \"@type\": \"LocationFeatureSpecification\", \"name\": \"Vegetarian and gluten-free options available\", \"value\": true },\r\n    { \"@type\": \"LocationFeatureSpecification\", \"name\": \"Wine list\", \"value\": true },\r\n    { \"@type\": \"LocationFeatureSpecification\", \"name\": \"Dishes prepared by hotel chefs\", \"value\": true }\r\n  ],\r\n  \"sameAs\": [\r\n    \"https:\/\/www.facebook.com\/InterContinentalMarseilleHotelDieu\/\",\r\n    \"https:\/\/www.instagram.com\/icmarseille\/\",\r\n    \"https:\/\/x.com\/icmarseille\"\r\n  ]\r\n}\r\n<\/script>"},"yoast_head":"<!-- This site is optimized with the Yoast SEO plugin v26.2 - https:\/\/yoast.com\/wordpress\/plugins\/seo\/ -->\n<title>Menu Room Service - InterContinental Marseille - Hotel Dieu -<\/title>\n<meta name=\"description\" content=\"In-Room Gastronomy &amp; Lifestyle from 6:30 AM to 2:00 AM: savor our Chef&#039;s signature dishes, delivered directly to your suite.\" \/>\n<meta name=\"robots\" content=\"index, follow, max-snippet:-1, max-image-preview:large, max-video-preview:-1\" \/>\n<link rel=\"canonical\" href=\"https:\/\/marseille.intercontinental.com\/en\/room-service\/\" \/>\n<meta property=\"og:locale\" content=\"en_US\" \/>\n<meta property=\"og:type\" content=\"article\" \/>\n<meta property=\"og:title\" content=\"Menu Room Service - InterContinental Marseille - Hotel Dieu -\" \/>\n<meta property=\"og:description\" content=\"In-Room Gastronomy &amp; Lifestyle from 6:30 AM to 2:00 AM: savor our Chef&#039;s signature dishes, delivered directly to your suite.\" \/>\n<meta property=\"og:url\" content=\"https:\/\/marseille.intercontinental.com\/en\/room-service\/\" \/>\n<meta property=\"og:site_name\" content=\"InterContinental Marseille - Hotel Dieu\" \/>\n<meta property=\"article:publisher\" content=\"https:\/\/www.facebook.com\/InterContinentalMarseilleHotelDieu\/\" \/>\n<meta property=\"article:modified_time\" content=\"2026-04-21T15:09:26+00:00\" \/>\n<meta property=\"og:image\" content=\"https:\/\/marseille.intercontinental.com\/wp-content\/uploads\/sites\/5\/2024\/03\/IC-MARS22-134-scaled.jpg\" \/>\n\t<meta property=\"og:image:width\" content=\"1707\" \/>\n\t<meta property=\"og:image:height\" content=\"2560\" \/>\n\t<meta property=\"og:image:type\" content=\"image\/jpeg\" \/>\n<meta name=\"twitter:card\" content=\"summary_large_image\" \/>\n<meta name=\"twitter:site\" content=\"@icmarseille\" \/>\n<meta name=\"twitter:label1\" content=\"Est. reading time\" \/>\n\t<meta name=\"twitter:data1\" content=\"2 minutes\" \/>\n<script type=\"application\/ld+json\" class=\"yoast-schema-graph\">{\"@context\":\"https:\/\/schema.org\",\"@graph\":[{\"@type\":[\"WebPage\",\"FAQPage\"],\"@id\":\"https:\/\/marseille.intercontinental.com\/en\/room-service\/\",\"url\":\"https:\/\/marseille.intercontinental.com\/en\/room-service\/\",\"name\":\"Menu Room Service - InterContinental Marseille - Hotel Dieu -\",\"isPartOf\":{\"@id\":\"https:\/\/marseille.intercontinental.com\/en\/#website\"},\"primaryImageOfPage\":{\"@id\":\"https:\/\/marseille.intercontinental.com\/en\/room-service\/#primaryimage\"},\"image\":{\"@id\":\"https:\/\/marseille.intercontinental.com\/en\/room-service\/#primaryimage\"},\"thumbnailUrl\":\"https:\/\/marseille.intercontinental.com\/wp-content\/uploads\/sites\/5\/2024\/03\/IC-MARS22-134-683x1024.jpg\",\"datePublished\":\"2019-10-28T16:19:46+00:00\",\"dateModified\":\"2026-04-21T15:09:26+00:00\",\"description\":\"In-Room Gastronomy & Lifestyle from 6:30 AM to 2:00 AM: savor our Chef's signature dishes, delivered directly to your suite.\",\"breadcrumb\":{\"@id\":\"https:\/\/marseille.intercontinental.com\/en\/room-service\/#breadcrumb\"},\"inLanguage\":\"en-US\",\"potentialAction\":[{\"@type\":\"ReadAction\",\"target\":[\"https:\/\/marseille.intercontinental.com\/en\/room-service\/\"]}]},{\"@type\":\"ImageObject\",\"inLanguage\":\"en-US\",\"@id\":\"https:\/\/marseille.intercontinental.com\/en\/room-service\/#primaryimage\",\"url\":\"https:\/\/marseille.intercontinental.com\/wp-content\/uploads\/sites\/5\/2024\/03\/IC-MARS22-134-683x1024.jpg\",\"contentUrl\":\"https:\/\/marseille.intercontinental.com\/wp-content\/uploads\/sites\/5\/2024\/03\/IC-MARS22-134-683x1024.jpg\"},{\"@type\":\"BreadcrumbList\",\"@id\":\"https:\/\/marseille.intercontinental.com\/en\/room-service\/#breadcrumb\",\"itemListElement\":[{\"@type\":\"ListItem\",\"position\":1,\"name\":\"Home\",\"item\":\"https:\/\/marseille.intercontinental.com\/en\/\"},{\"@type\":\"ListItem\",\"position\":2,\"name\":\"Room Service\"}]},{\"@type\":\"WebSite\",\"@id\":\"https:\/\/marseille.intercontinental.com\/en\/#website\",\"url\":\"https:\/\/marseille.intercontinental.com\/en\/\",\"name\":\"InterContinental Marseille - H\u00f4tel Dieu\",\"description\":\"\u00c0 quoi ressemblaient nos h\u00f4tels en 2016 ? Voici un petit aper\u00e7u ! On peut dire sans h\u00e9siter qu&#039;elles ont toutes les deux bien chang\u00e9 !\",\"publisher\":{\"@id\":\"https:\/\/marseille.intercontinental.com\/en\/#organization\"},\"alternateName\":\"InterContinental Marseille\",\"potentialAction\":[{\"@type\":\"SearchAction\",\"target\":{\"@type\":\"EntryPoint\",\"urlTemplate\":\"https:\/\/marseille.intercontinental.com\/en\/?s={search_term_string}\"},\"query-input\":{\"@type\":\"PropertyValueSpecification\",\"valueRequired\":true,\"valueName\":\"search_term_string\"}}],\"inLanguage\":\"en-US\"},{\"@type\":\"Organization\",\"@id\":\"https:\/\/marseille.intercontinental.com\/en\/#organization\",\"name\":\"InterContinental Marseille - H\u00f4tel Dieu\",\"alternateName\":\"InterContinental Marseille\",\"url\":\"https:\/\/marseille.intercontinental.com\/en\/\",\"logo\":{\"@type\":\"ImageObject\",\"inLanguage\":\"en-US\",\"@id\":\"https:\/\/marseille.intercontinental.com\/en\/#\/schema\/logo\/image\/\",\"url\":\"https:\/\/marseille.intercontinental.com\/wp-content\/uploads\/sites\/5\/2023\/09\/intercontinental-marseille-hotel-dieu-logo.svg\",\"contentUrl\":\"https:\/\/marseille.intercontinental.com\/wp-content\/uploads\/sites\/5\/2023\/09\/intercontinental-marseille-hotel-dieu-logo.svg\",\"caption\":\"InterContinental Marseille - H\u00f4tel Dieu\"},\"image\":{\"@id\":\"https:\/\/marseille.intercontinental.com\/en\/#\/schema\/logo\/image\/\"},\"sameAs\":[\"https:\/\/www.facebook.com\/InterContinentalMarseilleHotelDieu\/\",\"https:\/\/x.com\/icmarseille\",\"https:\/\/www.instagram.com\/icmarseille\/\"]}]}<\/script>\n<!-- \/ Yoast SEO plugin. -->","yoast_head_json":{"title":"Menu Room Service - InterContinental Marseille - Hotel Dieu -","description":"In-Room Gastronomy & Lifestyle from 6:30 AM to 2:00 AM: savor our Chef's signature dishes, delivered directly to your suite.","robots":{"index":"index","follow":"follow","max-snippet":"max-snippet:-1","max-image-preview":"max-image-preview:large","max-video-preview":"max-video-preview:-1"},"canonical":"https:\/\/marseille.intercontinental.com\/en\/room-service\/","og_locale":"en_US","og_type":"article","og_title":"Menu Room Service - InterContinental Marseille - Hotel Dieu -","og_description":"In-Room Gastronomy & Lifestyle from 6:30 AM to 2:00 AM: savor our Chef's signature dishes, delivered directly to your suite.","og_url":"https:\/\/marseille.intercontinental.com\/en\/room-service\/","og_site_name":"InterContinental Marseille - Hotel Dieu","article_publisher":"https:\/\/www.facebook.com\/InterContinentalMarseilleHotelDieu\/","article_modified_time":"2026-04-21T15:09:26+00:00","og_image":[{"width":1707,"height":2560,"url":"https:\/\/marseille.intercontinental.com\/wp-content\/uploads\/sites\/5\/2024\/03\/IC-MARS22-134-scaled.jpg","type":"image\/jpeg"}],"twitter_card":"summary_large_image","twitter_site":"@icmarseille","twitter_misc":{"Est. reading time":"2 minutes"},"schema":{"@context":"https:\/\/schema.org","@graph":[{"@type":["WebPage","FAQPage"],"@id":"https:\/\/marseille.intercontinental.com\/en\/room-service\/","url":"https:\/\/marseille.intercontinental.com\/en\/room-service\/","name":"Menu Room Service - InterContinental Marseille - Hotel Dieu -","isPartOf":{"@id":"https:\/\/marseille.intercontinental.com\/en\/#website"},"primaryImageOfPage":{"@id":"https:\/\/marseille.intercontinental.com\/en\/room-service\/#primaryimage"},"image":{"@id":"https:\/\/marseille.intercontinental.com\/en\/room-service\/#primaryimage"},"thumbnailUrl":"https:\/\/marseille.intercontinental.com\/wp-content\/uploads\/sites\/5\/2024\/03\/IC-MARS22-134-683x1024.jpg","datePublished":"2019-10-28T16:19:46+00:00","dateModified":"2026-04-21T15:09:26+00:00","description":"In-Room Gastronomy & Lifestyle from 6:30 AM to 2:00 AM: savor our Chef's signature dishes, delivered directly to your suite.","breadcrumb":{"@id":"https:\/\/marseille.intercontinental.com\/en\/room-service\/#breadcrumb"},"inLanguage":"en-US","potentialAction":[{"@type":"ReadAction","target":["https:\/\/marseille.intercontinental.com\/en\/room-service\/"]}]},{"@type":"ImageObject","inLanguage":"en-US","@id":"https:\/\/marseille.intercontinental.com\/en\/room-service\/#primaryimage","url":"https:\/\/marseille.intercontinental.com\/wp-content\/uploads\/sites\/5\/2024\/03\/IC-MARS22-134-683x1024.jpg","contentUrl":"https:\/\/marseille.intercontinental.com\/wp-content\/uploads\/sites\/5\/2024\/03\/IC-MARS22-134-683x1024.jpg"},{"@type":"BreadcrumbList","@id":"https:\/\/marseille.intercontinental.com\/en\/room-service\/#breadcrumb","itemListElement":[{"@type":"ListItem","position":1,"name":"Home","item":"https:\/\/marseille.intercontinental.com\/en\/"},{"@type":"ListItem","position":2,"name":"Room Service"}]},{"@type":"WebSite","@id":"https:\/\/marseille.intercontinental.com\/en\/#website","url":"https:\/\/marseille.intercontinental.com\/en\/","name":"InterContinental Marseille - H\u00f4tel Dieu","description":"\u00c0 quoi ressemblaient nos h\u00f4tels en 2016 ? Voici un petit aper\u00e7u ! On peut dire sans h\u00e9siter qu&#039;elles ont toutes les deux bien chang\u00e9 !","publisher":{"@id":"https:\/\/marseille.intercontinental.com\/en\/#organization"},"alternateName":"InterContinental Marseille","potentialAction":[{"@type":"SearchAction","target":{"@type":"EntryPoint","urlTemplate":"https:\/\/marseille.intercontinental.com\/en\/?s={search_term_string}"},"query-input":{"@type":"PropertyValueSpecification","valueRequired":true,"valueName":"search_term_string"}}],"inLanguage":"en-US"},{"@type":"Organization","@id":"https:\/\/marseille.intercontinental.com\/en\/#organization","name":"InterContinental Marseille - H\u00f4tel Dieu","alternateName":"InterContinental Marseille","url":"https:\/\/marseille.intercontinental.com\/en\/","logo":{"@type":"ImageObject","inLanguage":"en-US","@id":"https:\/\/marseille.intercontinental.com\/en\/#\/schema\/logo\/image\/","url":"https:\/\/marseille.intercontinental.com\/wp-content\/uploads\/sites\/5\/2023\/09\/intercontinental-marseille-hotel-dieu-logo.svg","contentUrl":"https:\/\/marseille.intercontinental.com\/wp-content\/uploads\/sites\/5\/2023\/09\/intercontinental-marseille-hotel-dieu-logo.svg","caption":"InterContinental Marseille - H\u00f4tel Dieu"},"image":{"@id":"https:\/\/marseille.intercontinental.com\/en\/#\/schema\/logo\/image\/"},"sameAs":["https:\/\/www.facebook.com\/InterContinentalMarseilleHotelDieu\/","https:\/\/x.com\/icmarseille","https:\/\/www.instagram.com\/icmarseille\/"]}]}},"_links":{"self":[{"href":"https:\/\/marseille.intercontinental.com\/en\/wp-json\/wp\/v2\/pages\/851","targetHints":{"allow":["GET"]}}],"collection":[{"href":"https:\/\/marseille.intercontinental.com\/en\/wp-json\/wp\/v2\/pages"}],"about":[{"href":"https:\/\/marseille.intercontinental.com\/en\/wp-json\/wp\/v2\/types\/page"}],"author":[{"embeddable":true,"href":"https:\/\/marseille.intercontinental.com\/en\/wp-json\/wp\/v2\/users\/1"}],"replies":[{"embeddable":true,"href":"https:\/\/marseille.intercontinental.com\/en\/wp-json\/wp\/v2\/comments?post=851"}],"version-history":[{"count":42,"href":"https:\/\/marseille.intercontinental.com\/en\/wp-json\/wp\/v2\/pages\/851\/revisions"}],"predecessor-version":[{"id":20465,"href":"https:\/\/marseille.intercontinental.com\/en\/wp-json\/wp\/v2\/pages\/851\/revisions\/20465"}],"wp:attachment":[{"href":"https:\/\/marseille.intercontinental.com\/en\/wp-json\/wp\/v2\/media?parent=851"}],"curies":[{"name":"wp","href":"https:\/\/api.w.org\/{rel}","templated":true}]}}