{"id":877,"date":"2019-10-28T17:40:33","date_gmt":"2019-10-28T16:40:33","guid":{"rendered":"http:\/\/marseille.intercontinental.com\/?page_id=877"},"modified":"2025-12-29T14:23:38","modified_gmt":"2025-12-29T13:23:38","slug":"fitness-center","status":"publish","type":"page","link":"https:\/\/marseille.intercontinental.com\/en\/fitness-center\/","title":{"rendered":"Fitness Center"},"content":{"rendered":"\n<h1 class=\"wp-block-heading has-text-align-center\">Fitness Center<\/h1>\n\n\n\n<div style=\"height:30px\" aria-hidden=\"true\" class=\"wp-block-spacer\"><\/div>\n\n\n\n<div class=\"wp-block-columns is-layout-flex wp-container-core-columns-is-layout-28f84493 wp-block-columns-is-layout-flex\">\n<div class=\"wp-block-column is-layout-flow wp-block-column-is-layout-flow\" style=\"flex-basis:15%\"><\/div>\n\n\n\n<div class=\"wp-block-column is-layout-flow wp-block-column-is-layout-flow\">\n<p>Endowed on three sides with large French windows, the fitness center benefits from pervasive light and has an incomparable view of the H\u00f4tel Dieu and the Vieux Port.<\/p>\n\n\n\n<p>It is fitted with the very latest, high quality Technogym equipment, WIFI connections and personalized, touch-sensitive screens<\/p>\n\n\n\n<div class=\"wp-block-group is-content-justification-space-between is-nowrap is-layout-flex wp-container-core-group-is-layout-cb46ffcb wp-block-group-is-layout-flex\">\n<ul class=\"wp-block-list\">\n<li>Treadmill<\/li>\n\n\n\n<li>Indoor cycles<\/li>\n\n\n\n<li>Elliptical trainer<\/li>\n<\/ul>\n\n\n\n<ul class=\"wp-block-list\">\n<li>Rowing machine<\/li>\n\n\n\n<li>Muscular strength exercise machine<\/li>\n\n\n\n<li>Aqua jogging<\/li>\n<\/ul>\n<\/div>\n\n\n\n<p>Our personal trainer, several-times French champion in Taekwondo and Olympic coach in the 2012 games in London, is on hand should you request her services, to help you get back in shape, with the methods best adapted to you, personally.<br>Le SPA by Clarins also offers annual membership<\/p>\n\n\n\n<div class=\"wp-block-buttons is-content-justification-center is-layout-flex wp-container-core-buttons-is-layout-a89b3969 wp-block-buttons-is-layout-flex\">\n<div class=\"wp-block-button\"><a class=\"wp-block-button__link wp-element-button\" href=\"https:\/\/marseille.intercontinental.com\/wp-content\/uploads\/sites\/5\/2025\/08\/20250704_Brochure-SPA-Clarins-myBlend_MARSEILLE_MARIEVIAN_DIGITAL_compressed.pdf\" target=\"_blank\" rel=\"noreferrer noopener\">Download the fitness and coaching brochure and membership offers<\/a><\/div>\n<\/div>\n\n\n\n<div style=\"height:50px\" aria-hidden=\"true\" class=\"wp-block-spacer\"><\/div>\n\n\n\n<figure class=\"wp-block-gallery has-nested-images columns-default is-cropped wp-block-gallery-1 is-layout-flex wp-block-gallery-is-layout-flex\">\n<figure class=\"wp-block-image size-large\"><img decoding=\"async\" width=\"1024\" height=\"683\" data-id=\"14404\" src=\"https:\/\/marseille.intercontinental.com\/wp-content\/uploads\/sites\/5\/2024\/04\/ESSENSE_STUDIO_84-1024x683.jpg\" alt=\"\" class=\"wp-image-14404\" srcset=\"https:\/\/marseille.intercontinental.com\/wp-content\/uploads\/sites\/5\/2024\/04\/ESSENSE_STUDIO_84-1024x683.jpg 1024w, https:\/\/marseille.intercontinental.com\/wp-content\/uploads\/sites\/5\/2024\/04\/ESSENSE_STUDIO_84-300x200.jpg 300w, https:\/\/marseille.intercontinental.com\/wp-content\/uploads\/sites\/5\/2024\/04\/ESSENSE_STUDIO_84-768x512.jpg 768w, https:\/\/marseille.intercontinental.com\/wp-content\/uploads\/sites\/5\/2024\/04\/ESSENSE_STUDIO_84-1536x1025.jpg 1536w, https:\/\/marseille.intercontinental.com\/wp-content\/uploads\/sites\/5\/2024\/04\/ESSENSE_STUDIO_84-2048x1366.jpg 2048w\" sizes=\"(max-width: 1024px) 100vw, 1024px\" \/><\/figure>\n<\/figure>\n\n\n\n<figure class=\"wp-block-gallery has-nested-images columns-default is-cropped wp-block-gallery-2 is-layout-flex wp-block-gallery-is-layout-flex\">\n<figure class=\"wp-block-image size-large\"><img decoding=\"async\" width=\"1024\" height=\"683\" data-id=\"14407\" src=\"https:\/\/marseille.intercontinental.com\/wp-content\/uploads\/sites\/5\/2024\/04\/ESSENSE_STUDIO_85-1024x683.jpg\" alt=\"\" class=\"wp-image-14407\" srcset=\"https:\/\/marseille.intercontinental.com\/wp-content\/uploads\/sites\/5\/2024\/04\/ESSENSE_STUDIO_85-1024x683.jpg 1024w, https:\/\/marseille.intercontinental.com\/wp-content\/uploads\/sites\/5\/2024\/04\/ESSENSE_STUDIO_85-300x200.jpg 300w, https:\/\/marseille.intercontinental.com\/wp-content\/uploads\/sites\/5\/2024\/04\/ESSENSE_STUDIO_85-768x512.jpg 768w, https:\/\/marseille.intercontinental.com\/wp-content\/uploads\/sites\/5\/2024\/04\/ESSENSE_STUDIO_85-1536x1025.jpg 1536w, https:\/\/marseille.intercontinental.com\/wp-content\/uploads\/sites\/5\/2024\/04\/ESSENSE_STUDIO_85-2048x1366.jpg 2048w\" sizes=\"(max-width: 1024px) 100vw, 1024px\" \/><\/figure>\n<\/figure>\n\n\n\n<p><\/p>\n\n\n\n<p><\/p>\n\n\n\n<figure class=\"wp-block-image aligncenter size-full is-resized\"><img decoding=\"async\" width=\"491\" height=\"109\" src=\"https:\/\/marseille.intercontinental.com\/wp-content\/uploads\/sites\/5\/2025\/12\/Logos_SPA_ClarinsmyBlend_signaletique_RGB.png\" alt=\"\" class=\"wp-image-19389\" style=\"aspect-ratio:6.416666666666667;width:282px;height:auto\" srcset=\"https:\/\/marseille.intercontinental.com\/wp-content\/uploads\/sites\/5\/2025\/12\/Logos_SPA_ClarinsmyBlend_signaletique_RGB.png 491w, https:\/\/marseille.intercontinental.com\/wp-content\/uploads\/sites\/5\/2025\/12\/Logos_SPA_ClarinsmyBlend_signaletique_RGB-300x67.png 300w\" sizes=\"(max-width: 491px) 100vw, 491px\" \/><\/figure>\n\n\n\n<p class=\"has-text-align-center mt-5\"><strong>The Fitness Centre is open 24\/7 for hotel guests<\/strong>.<br>Access to the fitness room is by reservation of a time slot.<br>Please contact the Spa on +33 (0)4.13.42.42.43 to book your time slot.<\/p>\n<\/div>\n\n\n\n<div class=\"wp-block-column is-layout-flow wp-block-column-is-layout-flow\" style=\"flex-basis:15%\"><\/div>\n<\/div>\n","protected":false},"excerpt":{"rendered":"<p>Fitness Center Endowed on three sides with large French windows, the fitness center benefits from pervasive light and has an incomparable view of the H\u00f4tel Dieu and the Vieux Port. It is fitted with the very latest, high quality Technogym [&hellip;]<\/p>\n","protected":false},"author":1,"featured_media":0,"parent":0,"menu_order":0,"comment_status":"closed","ping_status":"closed","template":"","meta":{"_acf_changed":false,"footnotes":""},"class_list":["post-877","page","type-page","status-publish","hentry"],"acf":[],"yoast_head":"<!-- This site is optimized with the Yoast SEO plugin v26.2 - https:\/\/yoast.com\/wordpress\/plugins\/seo\/ -->\n<title>Fitness Center - InterContinental Marseille - Hotel Dieu - \u00c0 quoi ressemblaient nos h\u00f4tels en 2016 ? Voici un petit aper\u00e7u ! On peut dire sans h\u00e9siter qu&#039;elles ont toutes les deux bien chang\u00e9 !<\/title>\n<meta name=\"description\" content=\"Fitness center Marseille - The fitness room of the Intercontinental Marseille - Hotel Dieu benefits from a breathtaking view of the H\u00f4tel...\" \/>\n<meta name=\"robots\" content=\"index, follow, max-snippet:-1, max-image-preview:large, max-video-preview:-1\" \/>\n<link rel=\"canonical\" href=\"https:\/\/marseille.intercontinental.com\/en\/fitness-center\/\" \/>\n<meta property=\"og:locale\" content=\"en_US\" \/>\n<meta property=\"og:type\" content=\"article\" \/>\n<meta property=\"og:title\" content=\"Fitness Center - InterContinental Marseille - Hotel Dieu - \u00c0 quoi ressemblaient nos h\u00f4tels en 2016 ? Voici un petit aper\u00e7u ! On peut dire sans h\u00e9siter qu&#039;elles ont toutes les deux bien chang\u00e9 !\" \/>\n<meta property=\"og:description\" content=\"Fitness center Marseille - The fitness room of the Intercontinental Marseille - Hotel Dieu benefits from a breathtaking view of the H\u00f4tel...\" \/>\n<meta property=\"og:url\" content=\"https:\/\/marseille.intercontinental.com\/en\/fitness-center\/\" \/>\n<meta property=\"og:site_name\" content=\"InterContinental Marseille - Hotel Dieu\" \/>\n<meta property=\"article:publisher\" content=\"https:\/\/www.facebook.com\/InterContinentalMarseilleHotelDieu\/\" \/>\n<meta property=\"article:modified_time\" content=\"2025-12-29T13:23:38+00:00\" \/>\n<meta property=\"og:image\" content=\"https:\/\/marseille.intercontinental.com\/wp-content\/uploads\/sites\/5\/2024\/04\/ESSENSE_STUDIO_84-scaled.jpg\" \/>\n\t<meta property=\"og:image:width\" content=\"2560\" \/>\n\t<meta property=\"og:image:height\" content=\"1708\" \/>\n\t<meta property=\"og:image:type\" content=\"image\/jpeg\" \/>\n<meta name=\"twitter:card\" content=\"summary_large_image\" \/>\n<meta name=\"twitter:site\" content=\"@icmarseille\" \/>\n<meta name=\"twitter:label1\" content=\"Est. reading time\" \/>\n\t<meta name=\"twitter:data1\" content=\"2 minutes\" \/>\n<script type=\"application\/ld+json\" class=\"yoast-schema-graph\">{\"@context\":\"https:\/\/schema.org\",\"@graph\":[{\"@type\":\"WebPage\",\"@id\":\"https:\/\/marseille.intercontinental.com\/en\/fitness-center\/\",\"url\":\"https:\/\/marseille.intercontinental.com\/en\/fitness-center\/\",\"name\":\"Fitness Center - InterContinental Marseille - Hotel Dieu - \u00c0 quoi ressemblaient nos h\u00f4tels en 2016 ? Voici un petit aper\u00e7u ! On peut dire sans h\u00e9siter qu&#039;elles ont toutes les deux bien chang\u00e9 !\",\"isPartOf\":{\"@id\":\"https:\/\/marseille.intercontinental.com\/#website\"},\"primaryImageOfPage\":{\"@id\":\"https:\/\/marseille.intercontinental.com\/en\/fitness-center\/#primaryimage\"},\"image\":{\"@id\":\"https:\/\/marseille.intercontinental.com\/en\/fitness-center\/#primaryimage\"},\"thumbnailUrl\":\"https:\/\/marseille.intercontinental.com\/wp-content\/uploads\/sites\/5\/2024\/04\/ESSENSE_STUDIO_84-1024x683.jpg\",\"datePublished\":\"2019-10-28T16:40:33+00:00\",\"dateModified\":\"2025-12-29T13:23:38+00:00\",\"description\":\"Fitness center Marseille - The fitness room of the Intercontinental Marseille - Hotel Dieu benefits from a breathtaking view of the H\u00f4tel...\",\"breadcrumb\":{\"@id\":\"https:\/\/marseille.intercontinental.com\/en\/fitness-center\/#breadcrumb\"},\"inLanguage\":\"en-US\",\"potentialAction\":[{\"@type\":\"ReadAction\",\"target\":[\"https:\/\/marseille.intercontinental.com\/en\/fitness-center\/\"]}]},{\"@type\":\"ImageObject\",\"inLanguage\":\"en-US\",\"@id\":\"https:\/\/marseille.intercontinental.com\/en\/fitness-center\/#primaryimage\",\"url\":\"https:\/\/marseille.intercontinental.com\/wp-content\/uploads\/sites\/5\/2024\/04\/ESSENSE_STUDIO_84-1024x683.jpg\",\"contentUrl\":\"https:\/\/marseille.intercontinental.com\/wp-content\/uploads\/sites\/5\/2024\/04\/ESSENSE_STUDIO_84-1024x683.jpg\"},{\"@type\":\"BreadcrumbList\",\"@id\":\"https:\/\/marseille.intercontinental.com\/en\/fitness-center\/#breadcrumb\",\"itemListElement\":[{\"@type\":\"ListItem\",\"position\":1,\"name\":\"Home\",\"item\":\"https:\/\/marseille.intercontinental.com\/en\/intercontinental-marseille-hotel-dieu\/\"},{\"@type\":\"ListItem\",\"position\":2,\"name\":\"Fitness Center\"}]},{\"@type\":\"WebSite\",\"@id\":\"https:\/\/marseille.intercontinental.com\/#website\",\"url\":\"https:\/\/marseille.intercontinental.com\/\",\"name\":\"InterContinental Marseille - H\u00f4tel Dieu\",\"description\":\"\u00c0 quoi ressemblaient nos h\u00f4tels en 2016 ? Voici un petit aper\u00e7u ! On peut dire sans h\u00e9siter qu&#039;elles ont toutes les deux bien chang\u00e9 !\",\"publisher\":{\"@id\":\"https:\/\/marseille.intercontinental.com\/#organization\"},\"alternateName\":\"InterContinental Marseille\",\"potentialAction\":[{\"@type\":\"SearchAction\",\"target\":{\"@type\":\"EntryPoint\",\"urlTemplate\":\"https:\/\/marseille.intercontinental.com\/?s={search_term_string}\"},\"query-input\":{\"@type\":\"PropertyValueSpecification\",\"valueRequired\":true,\"valueName\":\"search_term_string\"}}],\"inLanguage\":\"en-US\"},{\"@type\":\"Organization\",\"@id\":\"https:\/\/marseille.intercontinental.com\/#organization\",\"name\":\"InterContinental Marseille - H\u00f4tel Dieu\",\"alternateName\":\"InterContinental Marseille\",\"url\":\"https:\/\/marseille.intercontinental.com\/\",\"logo\":{\"@type\":\"ImageObject\",\"inLanguage\":\"en-US\",\"@id\":\"https:\/\/marseille.intercontinental.com\/#\/schema\/logo\/image\/\",\"url\":\"https:\/\/marseille.intercontinental.com\/wp-content\/uploads\/sites\/5\/2023\/09\/intercontinental-marseille-hotel-dieu-logo.svg\",\"contentUrl\":\"https:\/\/marseille.intercontinental.com\/wp-content\/uploads\/sites\/5\/2023\/09\/intercontinental-marseille-hotel-dieu-logo.svg\",\"caption\":\"InterContinental Marseille - H\u00f4tel Dieu\"},\"image\":{\"@id\":\"https:\/\/marseille.intercontinental.com\/#\/schema\/logo\/image\/\"},\"sameAs\":[\"https:\/\/www.facebook.com\/InterContinentalMarseilleHotelDieu\/\",\"https:\/\/x.com\/icmarseille\",\"https:\/\/www.instagram.com\/icmarseille\/\"]}]}<\/script>\n<!-- \/ Yoast SEO plugin. -->","yoast_head_json":{"title":"Fitness Center - InterContinental Marseille - Hotel Dieu - \u00c0 quoi ressemblaient nos h\u00f4tels en 2016 ? Voici un petit aper\u00e7u ! On peut dire sans h\u00e9siter qu&#039;elles ont toutes les deux bien chang\u00e9 !","description":"Fitness center Marseille - The fitness room of the Intercontinental Marseille - Hotel Dieu benefits from a breathtaking view of the H\u00f4tel...","robots":{"index":"index","follow":"follow","max-snippet":"max-snippet:-1","max-image-preview":"max-image-preview:large","max-video-preview":"max-video-preview:-1"},"canonical":"https:\/\/marseille.intercontinental.com\/en\/fitness-center\/","og_locale":"en_US","og_type":"article","og_title":"Fitness Center - InterContinental Marseille - Hotel Dieu - \u00c0 quoi ressemblaient nos h\u00f4tels en 2016 ? Voici un petit aper\u00e7u ! On peut dire sans h\u00e9siter qu&#039;elles ont toutes les deux bien chang\u00e9 !","og_description":"Fitness center Marseille - The fitness room of the Intercontinental Marseille - Hotel Dieu benefits from a breathtaking view of the H\u00f4tel...","og_url":"https:\/\/marseille.intercontinental.com\/en\/fitness-center\/","og_site_name":"InterContinental Marseille - Hotel Dieu","article_publisher":"https:\/\/www.facebook.com\/InterContinentalMarseilleHotelDieu\/","article_modified_time":"2025-12-29T13:23:38+00:00","og_image":[{"width":2560,"height":1708,"url":"https:\/\/marseille.intercontinental.com\/wp-content\/uploads\/sites\/5\/2024\/04\/ESSENSE_STUDIO_84-scaled.jpg","type":"image\/jpeg"}],"twitter_card":"summary_large_image","twitter_site":"@icmarseille","twitter_misc":{"Est. reading time":"2 minutes"},"schema":{"@context":"https:\/\/schema.org","@graph":[{"@type":"WebPage","@id":"https:\/\/marseille.intercontinental.com\/en\/fitness-center\/","url":"https:\/\/marseille.intercontinental.com\/en\/fitness-center\/","name":"Fitness Center - InterContinental Marseille - Hotel Dieu - \u00c0 quoi ressemblaient nos h\u00f4tels en 2016 ? Voici un petit aper\u00e7u ! On peut dire sans h\u00e9siter qu&#039;elles ont toutes les deux bien chang\u00e9 !","isPartOf":{"@id":"https:\/\/marseille.intercontinental.com\/#website"},"primaryImageOfPage":{"@id":"https:\/\/marseille.intercontinental.com\/en\/fitness-center\/#primaryimage"},"image":{"@id":"https:\/\/marseille.intercontinental.com\/en\/fitness-center\/#primaryimage"},"thumbnailUrl":"https:\/\/marseille.intercontinental.com\/wp-content\/uploads\/sites\/5\/2024\/04\/ESSENSE_STUDIO_84-1024x683.jpg","datePublished":"2019-10-28T16:40:33+00:00","dateModified":"2025-12-29T13:23:38+00:00","description":"Fitness center Marseille - The fitness room of the Intercontinental Marseille - Hotel Dieu benefits from a breathtaking view of the H\u00f4tel...","breadcrumb":{"@id":"https:\/\/marseille.intercontinental.com\/en\/fitness-center\/#breadcrumb"},"inLanguage":"en-US","potentialAction":[{"@type":"ReadAction","target":["https:\/\/marseille.intercontinental.com\/en\/fitness-center\/"]}]},{"@type":"ImageObject","inLanguage":"en-US","@id":"https:\/\/marseille.intercontinental.com\/en\/fitness-center\/#primaryimage","url":"https:\/\/marseille.intercontinental.com\/wp-content\/uploads\/sites\/5\/2024\/04\/ESSENSE_STUDIO_84-1024x683.jpg","contentUrl":"https:\/\/marseille.intercontinental.com\/wp-content\/uploads\/sites\/5\/2024\/04\/ESSENSE_STUDIO_84-1024x683.jpg"},{"@type":"BreadcrumbList","@id":"https:\/\/marseille.intercontinental.com\/en\/fitness-center\/#breadcrumb","itemListElement":[{"@type":"ListItem","position":1,"name":"Home","item":"https:\/\/marseille.intercontinental.com\/en\/intercontinental-marseille-hotel-dieu\/"},{"@type":"ListItem","position":2,"name":"Fitness Center"}]},{"@type":"WebSite","@id":"https:\/\/marseille.intercontinental.com\/#website","url":"https:\/\/marseille.intercontinental.com\/","name":"InterContinental Marseille - H\u00f4tel Dieu","description":"\u00c0 quoi ressemblaient nos h\u00f4tels en 2016 ? Voici un petit aper\u00e7u ! On peut dire sans h\u00e9siter qu&#039;elles ont toutes les deux bien chang\u00e9 !","publisher":{"@id":"https:\/\/marseille.intercontinental.com\/#organization"},"alternateName":"InterContinental Marseille","potentialAction":[{"@type":"SearchAction","target":{"@type":"EntryPoint","urlTemplate":"https:\/\/marseille.intercontinental.com\/?s={search_term_string}"},"query-input":{"@type":"PropertyValueSpecification","valueRequired":true,"valueName":"search_term_string"}}],"inLanguage":"en-US"},{"@type":"Organization","@id":"https:\/\/marseille.intercontinental.com\/#organization","name":"InterContinental Marseille - H\u00f4tel Dieu","alternateName":"InterContinental Marseille","url":"https:\/\/marseille.intercontinental.com\/","logo":{"@type":"ImageObject","inLanguage":"en-US","@id":"https:\/\/marseille.intercontinental.com\/#\/schema\/logo\/image\/","url":"https:\/\/marseille.intercontinental.com\/wp-content\/uploads\/sites\/5\/2023\/09\/intercontinental-marseille-hotel-dieu-logo.svg","contentUrl":"https:\/\/marseille.intercontinental.com\/wp-content\/uploads\/sites\/5\/2023\/09\/intercontinental-marseille-hotel-dieu-logo.svg","caption":"InterContinental Marseille - H\u00f4tel Dieu"},"image":{"@id":"https:\/\/marseille.intercontinental.com\/#\/schema\/logo\/image\/"},"sameAs":["https:\/\/www.facebook.com\/InterContinentalMarseilleHotelDieu\/","https:\/\/x.com\/icmarseille","https:\/\/www.instagram.com\/icmarseille\/"]}]}},"_links":{"self":[{"href":"https:\/\/marseille.intercontinental.com\/en\/wp-json\/wp\/v2\/pages\/877","targetHints":{"allow":["GET"]}}],"collection":[{"href":"https:\/\/marseille.intercontinental.com\/en\/wp-json\/wp\/v2\/pages"}],"about":[{"href":"https:\/\/marseille.intercontinental.com\/en\/wp-json\/wp\/v2\/types\/page"}],"author":[{"embeddable":true,"href":"https:\/\/marseille.intercontinental.com\/en\/wp-json\/wp\/v2\/users\/1"}],"replies":[{"embeddable":true,"href":"https:\/\/marseille.intercontinental.com\/en\/wp-json\/wp\/v2\/comments?post=877"}],"version-history":[{"count":2,"href":"https:\/\/marseille.intercontinental.com\/en\/wp-json\/wp\/v2\/pages\/877\/revisions"}],"predecessor-version":[{"id":19395,"href":"https:\/\/marseille.intercontinental.com\/en\/wp-json\/wp\/v2\/pages\/877\/revisions\/19395"}],"wp:attachment":[{"href":"https:\/\/marseille.intercontinental.com\/en\/wp-json\/wp\/v2\/media?parent=877"}],"curies":[{"name":"wp","href":"https:\/\/api.w.org\/{rel}","templated":true}]}}