{"id":880,"date":"2019-09-02T17:44:10","date_gmt":"2019-09-02T15:44:10","guid":{"rendered":"http:\/\/marseille.intercontinental.com\/?page_id=880"},"modified":"2024-02-20T17:16:26","modified_gmt":"2024-02-20T16:16:26","slug":"incentives","status":"publish","type":"page","link":"https:\/\/marseille.intercontinental.com\/en\/incentives\/","title":{"rendered":"Incentives"},"content":{"rendered":"\n<h1 class=\"wp-block-heading has-text-align-center\">Incentives<\/h1>\n\n\n\n<div style=\"height:30px\" aria-hidden=\"true\" class=\"wp-block-spacer\"><\/div>\n\n\n\n<div class=\"wp-block-columns is-layout-flex wp-container-core-columns-is-layout-28f84493 wp-block-columns-is-layout-flex\">\n<div class=\"wp-block-column is-layout-flow wp-block-column-is-layout-flow\" style=\"flex-basis:15%\"><\/div>\n\n\n\n<div class=\"wp-block-column is-layout-flow wp-block-column-is-layout-flow\" style=\"flex-basis:80%\">\n<p>We look forward to welcoming you under the benevolent gaze of Notre-Dame-de-la-Garde for an authentic experience in the grandest of luxury hotels in the capital of Provence, overlooking the Old Port. The InterContinental Marseille &#8211; Hotel Dieu enjoys a privileged location, and presents itself as a gateway to Provence and the Mare Nostrum, just a 5-minute walk from the Vieux-Port, offering a multitude of activities\u2026<\/p>\n\n\n\n<div style=\"height:50px\" aria-hidden=\"true\" class=\"wp-block-spacer\"><\/div>\n\n\n\n<h2 class=\"wp-block-heading has-text-align-center\">BRING YOUR TEAMS TOGETHER IN AN EXCEPTIONAL SETTING<\/h2>\n\n\n\n<div style=\"height:65px\" aria-hidden=\"true\" class=\"wp-block-spacer\"><\/div>\n\n\n\n<figure class=\"wp-block-image aligncenter size-large\"><img decoding=\"async\" width=\"1024\" height=\"724\" src=\"https:\/\/marseille.intercontinental.com\/wp-content\/uploads\/sites\/5\/2024\/02\/Plan-Marseille-A4-HD-1024x724.jpg\" alt=\"\" class=\"wp-image-13367\" srcset=\"https:\/\/marseille.intercontinental.com\/wp-content\/uploads\/sites\/5\/2024\/02\/Plan-Marseille-A4-HD-1024x724.jpg 1024w, https:\/\/marseille.intercontinental.com\/wp-content\/uploads\/sites\/5\/2024\/02\/Plan-Marseille-A4-HD-300x212.jpg 300w, https:\/\/marseille.intercontinental.com\/wp-content\/uploads\/sites\/5\/2024\/02\/Plan-Marseille-A4-HD-768x543.jpg 768w, https:\/\/marseille.intercontinental.com\/wp-content\/uploads\/sites\/5\/2024\/02\/Plan-Marseille-A4-HD-1536x1086.jpg 1536w, https:\/\/marseille.intercontinental.com\/wp-content\/uploads\/sites\/5\/2024\/02\/Plan-Marseille-A4-HD-2048x1448.jpg 2048w\" sizes=\"(max-width: 1024px) 100vw, 1024px\" \/><\/figure>\n<\/div>\n\n\n\n<div class=\"wp-block-column is-layout-flow wp-block-column-is-layout-flow\" style=\"flex-basis:15%\"><\/div>\n<\/div>\n\n\n\n<div class=\"wp-block-columns is-layout-flex wp-container-core-columns-is-layout-28f84493 wp-block-columns-is-layout-flex\">\n<div class=\"wp-block-column is-layout-flow wp-block-column-is-layout-flow\" style=\"padding-right:0;padding-left:0;flex-basis:15%\"><\/div>\n\n\n\n<div class=\"wp-block-column is-layout-flow wp-block-column-is-layout-flow\" style=\"flex-basis:70%\">\n<div style=\"height:40px\" aria-hidden=\"true\" class=\"wp-block-spacer\"><\/div>\n\n\n\n<h2 class=\"wp-block-heading has-text-align-center\">DISCOVER MARSEILLE DIFFERENTLY<\/h2>\n\n\n\n<p class=\"has-white-background-color has-background\"><\/p>\n\n\n\n<div class=\"wp-block-columns is-layout-flex wp-container-core-columns-is-layout-28f84493 wp-block-columns-is-layout-flex\">\n<div class=\"wp-block-column is-layout-flow wp-block-column-is-layout-flow\">\n<figure class=\"wp-block-image size-full\"><img decoding=\"async\" width=\"1920\" height=\"1080\" src=\"https:\/\/marseille.intercontinental.com\/wp-content\/uploads\/sites\/5\/2024\/02\/REGATE.jpg\" alt=\"\" class=\"wp-image-13400\" style=\"aspect-ratio:16\/9;object-fit:cover\" srcset=\"https:\/\/marseille.intercontinental.com\/wp-content\/uploads\/sites\/5\/2024\/02\/REGATE.jpg 1920w, https:\/\/marseille.intercontinental.com\/wp-content\/uploads\/sites\/5\/2024\/02\/REGATE-300x169.jpg 300w, https:\/\/marseille.intercontinental.com\/wp-content\/uploads\/sites\/5\/2024\/02\/REGATE-1024x576.jpg 1024w, https:\/\/marseille.intercontinental.com\/wp-content\/uploads\/sites\/5\/2024\/02\/REGATE-768x432.jpg 768w, https:\/\/marseille.intercontinental.com\/wp-content\/uploads\/sites\/5\/2024\/02\/REGATE-1536x864.jpg 1536w\" sizes=\"(max-width: 1920px) 100vw, 1920px\" \/><\/figure>\n\n\n\n<h3 class=\"wp-block-heading has-text-align-center\">Sailing in Marseille&#8217;s harbor<\/h3>\n\n\n\n<p class=\"has-text-align-center\">The more sporty can embark on a trip to the Bay of Marseille &#8211; one of the most beautiful bays in the world, with 300 days of sunshine a year. This is an ideal activity for bringing together employees from the same company in a non-professional environment, and thus strengthening team cohesion. From the beach of Pointe Rouge &#8211; a famous windsurfing spot &#8211; to the secret coves of the Frioul archipelago, lovers of unspoilt natural spaces and thrill-seekers alike will appreciate this activity, which allows them to discover the different faces of Marseille&#8217;s coastline.<\/p>\n<\/div>\n\n\n\n<div class=\"wp-block-column is-layout-flow wp-block-column-is-layout-flow\">\n<figure class=\"wp-block-image size-full\"><img decoding=\"async\" width=\"900\" height=\"600\" src=\"https:\/\/marseille.intercontinental.com\/wp-content\/uploads\/sites\/5\/2024\/02\/2cv.jpg\" alt=\"\" class=\"wp-image-13402\" style=\"aspect-ratio:16\/9;object-fit:cover\" srcset=\"https:\/\/marseille.intercontinental.com\/wp-content\/uploads\/sites\/5\/2024\/02\/2cv.jpg 900w, https:\/\/marseille.intercontinental.com\/wp-content\/uploads\/sites\/5\/2024\/02\/2cv-300x200.jpg 300w, https:\/\/marseille.intercontinental.com\/wp-content\/uploads\/sites\/5\/2024\/02\/2cv-768x512.jpg 768w\" sizes=\"(max-width: 900px) 100vw, 900px\" \/><\/figure>\n\n\n\n<h3 class=\"wp-block-heading has-text-align-center\">2 CV Tour<\/h3>\n\n\n\n<p class=\"has-text-align-center\">What could be more atypical than the mythical 2cv to discover the charms of a city and its region? Whether cultural or gastronomic, each stage of your tour will enable you to discover or rediscover the riches of Marseille&#8217;s terroir. You&#8217;ll have the opportunity to take routes that will provide you with experiences as surprising as they are enjoyable: a trip that&#8217;s 100% Marseille Chic.<\/p>\n<\/div>\n<\/div>\n\n\n\n<div class=\"wp-block-columns is-layout-flex wp-container-core-columns-is-layout-28f84493 wp-block-columns-is-layout-flex\">\n<div class=\"wp-block-column is-layout-flow wp-block-column-is-layout-flow\">\n<figure class=\"wp-block-image size-full\"><img decoding=\"async\" width=\"1024\" height=\"683\" src=\"https:\/\/marseille.intercontinental.com\/wp-content\/uploads\/sites\/5\/2024\/02\/InterContinental-Marseille-Hotel-Dieu-Les-Calanques.jpg\" alt=\"\" class=\"wp-image-13419\" style=\"aspect-ratio:16\/9;object-fit:cover\" srcset=\"https:\/\/marseille.intercontinental.com\/wp-content\/uploads\/sites\/5\/2024\/02\/InterContinental-Marseille-Hotel-Dieu-Les-Calanques.jpg 1024w, https:\/\/marseille.intercontinental.com\/wp-content\/uploads\/sites\/5\/2024\/02\/InterContinental-Marseille-Hotel-Dieu-Les-Calanques-300x200.jpg 300w, https:\/\/marseille.intercontinental.com\/wp-content\/uploads\/sites\/5\/2024\/02\/InterContinental-Marseille-Hotel-Dieu-Les-Calanques-768x512.jpg 768w\" sizes=\"(max-width: 1024px) 100vw, 1024px\" \/><\/figure>\n\n\n\n<h3 class=\"wp-block-heading has-text-align-center\">The creeks<\/h3>\n\n\n\n<p>Embark from the pontoon located on the Vieux Port, in front of the InterContinental &#8211; Marseille Hotel Dieu, for a relaxing cruise. Set off by sea to discover one of Marseille&#8217;s protected coastal jewels: the Calanques &#8211; synonymous with wonder and beauty, turquoise, crystal-clear waters sublimated by loaves of bread clinging to a maze of limestone rocks\u2026 Marvel as a team at these enchanting landscapes\u2026<\/p>\n<\/div>\n\n\n\n<div class=\"wp-block-column is-layout-flow wp-block-column-is-layout-flow\">\n<figure class=\"wp-block-image size-full\"><img decoding=\"async\" width=\"1200\" height=\"800\" src=\"https:\/\/marseille.intercontinental.com\/wp-content\/uploads\/sites\/5\/2024\/02\/vignobles-cassis.jpg\" alt=\"\" class=\"wp-image-13406\" style=\"aspect-ratio:16\/9;object-fit:cover\" srcset=\"https:\/\/marseille.intercontinental.com\/wp-content\/uploads\/sites\/5\/2024\/02\/vignobles-cassis.jpg 1200w, https:\/\/marseille.intercontinental.com\/wp-content\/uploads\/sites\/5\/2024\/02\/vignobles-cassis-300x200.jpg 300w, https:\/\/marseille.intercontinental.com\/wp-content\/uploads\/sites\/5\/2024\/02\/vignobles-cassis-1024x683.jpg 1024w, https:\/\/marseille.intercontinental.com\/wp-content\/uploads\/sites\/5\/2024\/02\/vignobles-cassis-768x512.jpg 768w\" sizes=\"(max-width: 1200px) 100vw, 1200px\" \/><\/figure>\n\n\n\n<h3 class=\"wp-block-heading has-text-align-center\">Ros\u00e9 tasting?<\/h3>\n\n\n\n<p>Why not take the trip as far as Cassis, with its cliffside vineyards and cellars? Here, in the presence of passionate winemakers and sommeliers, you&#8217;ll be able to taste the fresh drink of Provence: ros\u00e9 wine. In the magnificent village of Cassis, facing the Mediterranean Sea and beneath the cliffs of Cap Canaille, lies the renowned Clos Saint Magdeleine. Visits to the cellars, oenology courses and dinners in the vineyards are one of the best ways to immerse yourself in the terroir of Provence and discover the beverage that livens up your summer evenings.<\/p>\n<\/div>\n<\/div>\n\n\n\n<div class=\"wp-block-columns is-layout-flex wp-container-core-columns-is-layout-28f84493 wp-block-columns-is-layout-flex\">\n<div class=\"wp-block-column is-layout-flow wp-block-column-is-layout-flow\">\n<figure class=\"wp-block-image size-full\"><img decoding=\"async\" width=\"961\" height=\"481\" src=\"https:\/\/marseille.intercontinental.com\/wp-content\/uploads\/sites\/5\/2024\/02\/lavandemontgolfiere-istockfrancoisroux.jpg\" alt=\"\" class=\"wp-image-13408\" style=\"aspect-ratio:16\/9;object-fit:cover\" srcset=\"https:\/\/marseille.intercontinental.com\/wp-content\/uploads\/sites\/5\/2024\/02\/lavandemontgolfiere-istockfrancoisroux.jpg 961w, https:\/\/marseille.intercontinental.com\/wp-content\/uploads\/sites\/5\/2024\/02\/lavandemontgolfiere-istockfrancoisroux-300x150.jpg 300w, https:\/\/marseille.intercontinental.com\/wp-content\/uploads\/sites\/5\/2024\/02\/lavandemontgolfiere-istockfrancoisroux-768x384.jpg 768w\" sizes=\"(max-width: 961px) 100vw, 961px\" \/><\/figure>\n\n\n\n<h3 class=\"wp-block-heading has-text-align-center\">Provence in a hot-air balloon<\/h3>\n\n\n\n<p>Provence from the sky\u2026 The dull gold of perched villages, the limestone white of the Alpilles massif, the intoxicating purple of lavender fields in bloom, the ochre of Roussillon, the fresh green of vines before the harvest, the intense red and yellow of fields of poppies and sunflowers\u2026 So many colors of Provence that you can discover from a unique viewpoint, from the gondola of a hot-air balloon. A suspended moment that will create strong memories between the crew members, for a moment of rest above exceptional landscapes.<br><\/p>\n<\/div>\n\n\n\n<div class=\"wp-block-column is-layout-flow wp-block-column-is-layout-flow\">\n<figure class=\"wp-block-image size-full\"><img decoding=\"async\" width=\"1920\" height=\"1280\" src=\"https:\/\/marseille.intercontinental.com\/wp-content\/uploads\/sites\/5\/2024\/02\/elena-popova-FdItj_p2-Jk-unsplash.jpg\" alt=\"\" class=\"wp-image-13410\" style=\"aspect-ratio:16\/9;object-fit:cover\" srcset=\"https:\/\/marseille.intercontinental.com\/wp-content\/uploads\/sites\/5\/2024\/02\/elena-popova-FdItj_p2-Jk-unsplash.jpg 1920w, https:\/\/marseille.intercontinental.com\/wp-content\/uploads\/sites\/5\/2024\/02\/elena-popova-FdItj_p2-Jk-unsplash-300x200.jpg 300w, https:\/\/marseille.intercontinental.com\/wp-content\/uploads\/sites\/5\/2024\/02\/elena-popova-FdItj_p2-Jk-unsplash-1024x683.jpg 1024w, https:\/\/marseille.intercontinental.com\/wp-content\/uploads\/sites\/5\/2024\/02\/elena-popova-FdItj_p2-Jk-unsplash-768x512.jpg 768w, https:\/\/marseille.intercontinental.com\/wp-content\/uploads\/sites\/5\/2024\/02\/elena-popova-FdItj_p2-Jk-unsplash-1536x1024.jpg 1536w\" sizes=\"(max-width: 1920px) 100vw, 1920px\" \/><\/figure>\n\n\n\n<h3 class=\"wp-block-heading has-text-align-center\">Walking tours of two eternal cities<\/h3>\n\n\n\n<p>Arles, the most Roman city in Provence, source of inspiration for the greatest artists, including the most famous: the cult Van Gogh. Aix-en-Provence, whose famous Cours Mirabeau with its many caf\u00e9s and restaurants, and the sublime Sainte-Victoire, were so many times sublimated by the painter C\u00e9zanne\u2026 Two mythical cities of Provence to discover on foot, so that all the secrets and hidden stories that animate these eternal streets are revealed. Immerse your customers in the soul of Provence and inspire group cohesion\u2026<\/p>\n<\/div>\n<\/div>\n<\/div>\n\n\n\n<div class=\"wp-block-column is-layout-flow wp-block-column-is-layout-flow\" style=\"flex-basis:15%\"><\/div>\n<\/div>\n\n\n\n<figure class=\"wp-block-embed is-type-video is-provider-youtube wp-block-embed-youtube wp-embed-aspect-16-9 wp-has-aspect-ratio\"><div class=\"wp-block-embed__wrapper\">\n<iframe title=\"InterContinental Marseille - La destination\" width=\"500\" height=\"281\" src=\"https:\/\/www.youtube.com\/embed\/Hk1kTQiVxlI?feature=oembed\" frameborder=\"0\" allow=\"accelerometer; autoplay; clipboard-write; encrypted-media; gyroscope; picture-in-picture; web-share\" referrerpolicy=\"strict-origin-when-cross-origin\" allowfullscreen><\/iframe>\n<\/div><\/figure>\n\n\n\n<p><em>Welcome to the InterContinental Marseille &#8211; Hotel Dieu.<br>Enjoy our services and let us guide you through your experience, then set off to discover Marseille. We&#8217;re here to help you.<\/em><\/p>\n","protected":false},"excerpt":{"rendered":"<p>Incentives We look forward to welcoming you under the benevolent gaze of Notre-Dame-de-la-Garde for an authentic experience in the grandest of luxury hotels in the capital of Provence, overlooking the Old Port. The InterContinental Marseille &#8211; Hotel Dieu enjoys a [&hellip;]<\/p>\n","protected":false},"author":1,"featured_media":0,"parent":0,"menu_order":0,"comment_status":"closed","ping_status":"closed","template":"","meta":{"_acf_changed":false,"footnotes":""},"class_list":["post-880","page","type-page","status-publish","hentry"],"acf":[],"yoast_head":"<!-- This site is optimized with the Yoast SEO plugin v26.2 - https:\/\/yoast.com\/wordpress\/plugins\/seo\/ -->\n<title>Incentives - Activit\u00e9s - InterContinental Marseille - Hotel Dieu<\/title>\n<meta name=\"description\" content=\"InterContinental Marseille \u2013 Hotel Dieu b\u00e9n\u00e9ficie d\u2019un emplacement privil\u00e9gi\u00e9, situ\u00e9 \u00e0 seulement 5 minutes \u00e0 pied du Vieux-Port, une multitude d\u2019activit\u00e9s\u2026\" \/>\n<meta name=\"robots\" content=\"index, follow, max-snippet:-1, max-image-preview:large, max-video-preview:-1\" \/>\n<link rel=\"canonical\" href=\"https:\/\/marseille.intercontinental.com\/en\/incentives\/\" \/>\n<meta property=\"og:locale\" content=\"en_US\" \/>\n<meta property=\"og:type\" content=\"article\" \/>\n<meta property=\"og:title\" content=\"Incentives - Activit\u00e9s - InterContinental Marseille - Hotel Dieu\" \/>\n<meta property=\"og:description\" content=\"InterContinental Marseille \u2013 Hotel Dieu b\u00e9n\u00e9ficie d\u2019un emplacement privil\u00e9gi\u00e9, situ\u00e9 \u00e0 seulement 5 minutes \u00e0 pied du Vieux-Port, une multitude d\u2019activit\u00e9s\u2026\" \/>\n<meta property=\"og:url\" content=\"https:\/\/marseille.intercontinental.com\/en\/incentives\/\" \/>\n<meta property=\"og:site_name\" content=\"InterContinental Marseille - Hotel Dieu\" \/>\n<meta property=\"article:publisher\" content=\"https:\/\/www.facebook.com\/InterContinentalMarseilleHotelDieu\/\" \/>\n<meta property=\"article:modified_time\" content=\"2024-02-20T16:16:26+00:00\" \/>\n<meta property=\"og:image\" content=\"https:\/\/marseille.intercontinental.com\/wp-content\/uploads\/sites\/5\/2024\/02\/Plan-Marseille-A4-HD-1024x724.jpg\" \/>\n<meta name=\"twitter:card\" content=\"summary_large_image\" \/>\n<meta name=\"twitter:site\" content=\"@icmarseille\" \/>\n<meta name=\"twitter:label1\" content=\"Est. reading time\" \/>\n\t<meta name=\"twitter:data1\" content=\"5 minutes\" \/>\n<script type=\"application\/ld+json\" class=\"yoast-schema-graph\">{\"@context\":\"https:\/\/schema.org\",\"@graph\":[{\"@type\":\"WebPage\",\"@id\":\"https:\/\/marseille.intercontinental.com\/en\/incentives\/\",\"url\":\"https:\/\/marseille.intercontinental.com\/en\/incentives\/\",\"name\":\"Incentives - Activit\u00e9s - InterContinental Marseille - Hotel Dieu\",\"isPartOf\":{\"@id\":\"https:\/\/marseille.intercontinental.com\/#website\"},\"primaryImageOfPage\":{\"@id\":\"https:\/\/marseille.intercontinental.com\/en\/incentives\/#primaryimage\"},\"image\":{\"@id\":\"https:\/\/marseille.intercontinental.com\/en\/incentives\/#primaryimage\"},\"thumbnailUrl\":\"https:\/\/marseille.intercontinental.com\/wp-content\/uploads\/sites\/5\/2024\/02\/Plan-Marseille-A4-HD-1024x724.jpg\",\"datePublished\":\"2019-09-02T15:44:10+00:00\",\"dateModified\":\"2024-02-20T16:16:26+00:00\",\"description\":\"InterContinental Marseille \u2013 Hotel Dieu b\u00e9n\u00e9ficie d\u2019un emplacement privil\u00e9gi\u00e9, situ\u00e9 \u00e0 seulement 5 minutes \u00e0 pied du Vieux-Port, une multitude d\u2019activit\u00e9s\u2026\",\"breadcrumb\":{\"@id\":\"https:\/\/marseille.intercontinental.com\/en\/incentives\/#breadcrumb\"},\"inLanguage\":\"en-US\",\"potentialAction\":[{\"@type\":\"ReadAction\",\"target\":[\"https:\/\/marseille.intercontinental.com\/en\/incentives\/\"]}]},{\"@type\":\"ImageObject\",\"inLanguage\":\"en-US\",\"@id\":\"https:\/\/marseille.intercontinental.com\/en\/incentives\/#primaryimage\",\"url\":\"https:\/\/marseille.intercontinental.com\/wp-content\/uploads\/sites\/5\/2024\/02\/Plan-Marseille-A4-HD-1024x724.jpg\",\"contentUrl\":\"https:\/\/marseille.intercontinental.com\/wp-content\/uploads\/sites\/5\/2024\/02\/Plan-Marseille-A4-HD-1024x724.jpg\"},{\"@type\":\"BreadcrumbList\",\"@id\":\"https:\/\/marseille.intercontinental.com\/en\/incentives\/#breadcrumb\",\"itemListElement\":[{\"@type\":\"ListItem\",\"position\":1,\"name\":\"Home\",\"item\":\"https:\/\/marseille.intercontinental.com\/en\/intercontinental-marseille-hotel-dieu\/\"},{\"@type\":\"ListItem\",\"position\":2,\"name\":\"Incentives\"}]},{\"@type\":\"WebSite\",\"@id\":\"https:\/\/marseille.intercontinental.com\/#website\",\"url\":\"https:\/\/marseille.intercontinental.com\/\",\"name\":\"InterContinental Marseille - H\u00f4tel Dieu\",\"description\":\"Offrez-vous une vue imprenable sur la cit\u00e9 phoc\u00e9enne depuis ce lieu d\u2019exception, avec 194 chambres, dont 15 suites \u00e9l\u00e9gantes. A la Brasserie Les Fen\u00eatres, laissez-vous s\u00e9duire par une cuisine m\u00e9diterran\u00e9enne savoureuse, puis savourez un cocktail au Bar Le Capian, o\u00f9 l\u2019art du mixologie est \u00e0 l\u2019honneur. Profitez \u00e9galement de la piscine et du Spa by Clarins.&lt;br&gt;Avec 1 230 m\u00b2 d\u2019espaces \u00e9v\u00e9nementiels, cet endroit allie parfaitement confort, \u00e9l\u00e9gance et panorama exceptionnel face \u00e0 la mer.\",\"publisher\":{\"@id\":\"https:\/\/marseille.intercontinental.com\/#organization\"},\"alternateName\":\"InterContinental Marseille\",\"potentialAction\":[{\"@type\":\"SearchAction\",\"target\":{\"@type\":\"EntryPoint\",\"urlTemplate\":\"https:\/\/marseille.intercontinental.com\/?s={search_term_string}\"},\"query-input\":{\"@type\":\"PropertyValueSpecification\",\"valueRequired\":true,\"valueName\":\"search_term_string\"}}],\"inLanguage\":\"en-US\"},{\"@type\":\"Organization\",\"@id\":\"https:\/\/marseille.intercontinental.com\/#organization\",\"name\":\"InterContinental Marseille - H\u00f4tel Dieu\",\"alternateName\":\"InterContinental Marseille\",\"url\":\"https:\/\/marseille.intercontinental.com\/\",\"logo\":{\"@type\":\"ImageObject\",\"inLanguage\":\"en-US\",\"@id\":\"https:\/\/marseille.intercontinental.com\/#\/schema\/logo\/image\/\",\"url\":\"https:\/\/marseille.intercontinental.com\/wp-content\/uploads\/sites\/5\/2023\/09\/intercontinental-marseille-hotel-dieu-logo.svg\",\"contentUrl\":\"https:\/\/marseille.intercontinental.com\/wp-content\/uploads\/sites\/5\/2023\/09\/intercontinental-marseille-hotel-dieu-logo.svg\",\"caption\":\"InterContinental Marseille - H\u00f4tel Dieu\"},\"image\":{\"@id\":\"https:\/\/marseille.intercontinental.com\/#\/schema\/logo\/image\/\"},\"sameAs\":[\"https:\/\/www.facebook.com\/InterContinentalMarseilleHotelDieu\/\",\"https:\/\/x.com\/icmarseille\",\"https:\/\/www.instagram.com\/icmarseille\/\"]}]}<\/script>\n<!-- \/ Yoast SEO plugin. -->","yoast_head_json":{"title":"Incentives - Activit\u00e9s - InterContinental Marseille - Hotel Dieu","description":"InterContinental Marseille \u2013 Hotel Dieu b\u00e9n\u00e9ficie d\u2019un emplacement privil\u00e9gi\u00e9, situ\u00e9 \u00e0 seulement 5 minutes \u00e0 pied du Vieux-Port, une multitude d\u2019activit\u00e9s\u2026","robots":{"index":"index","follow":"follow","max-snippet":"max-snippet:-1","max-image-preview":"max-image-preview:large","max-video-preview":"max-video-preview:-1"},"canonical":"https:\/\/marseille.intercontinental.com\/en\/incentives\/","og_locale":"en_US","og_type":"article","og_title":"Incentives - Activit\u00e9s - InterContinental Marseille - Hotel Dieu","og_description":"InterContinental Marseille \u2013 Hotel Dieu b\u00e9n\u00e9ficie d\u2019un emplacement privil\u00e9gi\u00e9, situ\u00e9 \u00e0 seulement 5 minutes \u00e0 pied du Vieux-Port, une multitude d\u2019activit\u00e9s\u2026","og_url":"https:\/\/marseille.intercontinental.com\/en\/incentives\/","og_site_name":"InterContinental Marseille - Hotel Dieu","article_publisher":"https:\/\/www.facebook.com\/InterContinentalMarseilleHotelDieu\/","article_modified_time":"2024-02-20T16:16:26+00:00","og_image":[{"url":"https:\/\/marseille.intercontinental.com\/wp-content\/uploads\/sites\/5\/2024\/02\/Plan-Marseille-A4-HD-1024x724.jpg","type":"","width":"","height":""}],"twitter_card":"summary_large_image","twitter_site":"@icmarseille","twitter_misc":{"Est. reading time":"5 minutes"},"schema":{"@context":"https:\/\/schema.org","@graph":[{"@type":"WebPage","@id":"https:\/\/marseille.intercontinental.com\/en\/incentives\/","url":"https:\/\/marseille.intercontinental.com\/en\/incentives\/","name":"Incentives - Activit\u00e9s - InterContinental Marseille - Hotel Dieu","isPartOf":{"@id":"https:\/\/marseille.intercontinental.com\/#website"},"primaryImageOfPage":{"@id":"https:\/\/marseille.intercontinental.com\/en\/incentives\/#primaryimage"},"image":{"@id":"https:\/\/marseille.intercontinental.com\/en\/incentives\/#primaryimage"},"thumbnailUrl":"https:\/\/marseille.intercontinental.com\/wp-content\/uploads\/sites\/5\/2024\/02\/Plan-Marseille-A4-HD-1024x724.jpg","datePublished":"2019-09-02T15:44:10+00:00","dateModified":"2024-02-20T16:16:26+00:00","description":"InterContinental Marseille \u2013 Hotel Dieu b\u00e9n\u00e9ficie d\u2019un emplacement privil\u00e9gi\u00e9, situ\u00e9 \u00e0 seulement 5 minutes \u00e0 pied du Vieux-Port, une multitude d\u2019activit\u00e9s\u2026","breadcrumb":{"@id":"https:\/\/marseille.intercontinental.com\/en\/incentives\/#breadcrumb"},"inLanguage":"en-US","potentialAction":[{"@type":"ReadAction","target":["https:\/\/marseille.intercontinental.com\/en\/incentives\/"]}]},{"@type":"ImageObject","inLanguage":"en-US","@id":"https:\/\/marseille.intercontinental.com\/en\/incentives\/#primaryimage","url":"https:\/\/marseille.intercontinental.com\/wp-content\/uploads\/sites\/5\/2024\/02\/Plan-Marseille-A4-HD-1024x724.jpg","contentUrl":"https:\/\/marseille.intercontinental.com\/wp-content\/uploads\/sites\/5\/2024\/02\/Plan-Marseille-A4-HD-1024x724.jpg"},{"@type":"BreadcrumbList","@id":"https:\/\/marseille.intercontinental.com\/en\/incentives\/#breadcrumb","itemListElement":[{"@type":"ListItem","position":1,"name":"Home","item":"https:\/\/marseille.intercontinental.com\/en\/intercontinental-marseille-hotel-dieu\/"},{"@type":"ListItem","position":2,"name":"Incentives"}]},{"@type":"WebSite","@id":"https:\/\/marseille.intercontinental.com\/#website","url":"https:\/\/marseille.intercontinental.com\/","name":"InterContinental Marseille - H\u00f4tel Dieu","description":"Offrez-vous une vue imprenable sur la cit\u00e9 phoc\u00e9enne depuis ce lieu d\u2019exception, avec 194 chambres, dont 15 suites \u00e9l\u00e9gantes. A la Brasserie Les Fen\u00eatres, laissez-vous s\u00e9duire par une cuisine m\u00e9diterran\u00e9enne savoureuse, puis savourez un cocktail au Bar Le Capian, o\u00f9 l\u2019art du mixologie est \u00e0 l\u2019honneur. Profitez \u00e9galement de la piscine et du Spa by Clarins.&lt;br&gt;Avec 1 230 m\u00b2 d\u2019espaces \u00e9v\u00e9nementiels, cet endroit allie parfaitement confort, \u00e9l\u00e9gance et panorama exceptionnel face \u00e0 la mer.","publisher":{"@id":"https:\/\/marseille.intercontinental.com\/#organization"},"alternateName":"InterContinental Marseille","potentialAction":[{"@type":"SearchAction","target":{"@type":"EntryPoint","urlTemplate":"https:\/\/marseille.intercontinental.com\/?s={search_term_string}"},"query-input":{"@type":"PropertyValueSpecification","valueRequired":true,"valueName":"search_term_string"}}],"inLanguage":"en-US"},{"@type":"Organization","@id":"https:\/\/marseille.intercontinental.com\/#organization","name":"InterContinental Marseille - H\u00f4tel Dieu","alternateName":"InterContinental Marseille","url":"https:\/\/marseille.intercontinental.com\/","logo":{"@type":"ImageObject","inLanguage":"en-US","@id":"https:\/\/marseille.intercontinental.com\/#\/schema\/logo\/image\/","url":"https:\/\/marseille.intercontinental.com\/wp-content\/uploads\/sites\/5\/2023\/09\/intercontinental-marseille-hotel-dieu-logo.svg","contentUrl":"https:\/\/marseille.intercontinental.com\/wp-content\/uploads\/sites\/5\/2023\/09\/intercontinental-marseille-hotel-dieu-logo.svg","caption":"InterContinental Marseille - H\u00f4tel Dieu"},"image":{"@id":"https:\/\/marseille.intercontinental.com\/#\/schema\/logo\/image\/"},"sameAs":["https:\/\/www.facebook.com\/InterContinentalMarseilleHotelDieu\/","https:\/\/x.com\/icmarseille","https:\/\/www.instagram.com\/icmarseille\/"]}]}},"_links":{"self":[{"href":"https:\/\/marseille.intercontinental.com\/en\/wp-json\/wp\/v2\/pages\/880","targetHints":{"allow":["GET"]}}],"collection":[{"href":"https:\/\/marseille.intercontinental.com\/en\/wp-json\/wp\/v2\/pages"}],"about":[{"href":"https:\/\/marseille.intercontinental.com\/en\/wp-json\/wp\/v2\/types\/page"}],"author":[{"embeddable":true,"href":"https:\/\/marseille.intercontinental.com\/en\/wp-json\/wp\/v2\/users\/1"}],"replies":[{"embeddable":true,"href":"https:\/\/marseille.intercontinental.com\/en\/wp-json\/wp\/v2\/comments?post=880"}],"version-history":[{"count":0,"href":"https:\/\/marseille.intercontinental.com\/en\/wp-json\/wp\/v2\/pages\/880\/revisions"}],"wp:attachment":[{"href":"https:\/\/marseille.intercontinental.com\/en\/wp-json\/wp\/v2\/media?parent=880"}],"curies":[{"name":"wp","href":"https:\/\/api.w.org\/{rel}","templated":true}]}}