{"id":949,"date":"2019-10-29T16:28:39","date_gmt":"2019-10-29T15:28:39","guid":{"rendered":"http:\/\/marseille.intercontinental.com\/?page_id=949"},"modified":"2023-09-19T16:47:34","modified_gmt":"2023-09-19T14:47:34","slug":"cookies-policy","status":"publish","type":"page","link":"https:\/\/marseille.intercontinental.com\/en\/cookies-policy\/","title":{"rendered":"Cookies Policy"},"content":{"rendered":"\n<div class=\"wp-block-columns is-layout-flex wp-container-core-columns-is-layout-28f84493 wp-block-columns-is-layout-flex\">\n<div class=\"wp-block-column is-layout-flow wp-block-column-is-layout-flow\" style=\"flex-basis:15%\"><\/div>\n\n\n\n<div class=\"wp-block-column is-layout-flow wp-block-column-is-layout-flow\">\n<h1 class=\"wp-block-heading has-text-align-center\">Cookies Policy<\/h1>\n\n\n\n<div style=\"height:30px\" aria-hidden=\"true\" class=\"wp-block-spacer\"><\/div>\n\n\n\n<h3 class=\"wp-block-heading has-text-align-left\">What is a cookie<\/h3>\n\n\n\n<p>A cookie (or cookie) is defined by the HTTP communication protocol as a sequence of information sent by an HTTP server to an HTTP client, which the HTTP client returns during each interrogation of the same HTTP server under certain conditions.<\/p>\n\n\n\n<p>The cookie is the equivalent of a small text file stored on the user\u2019s terminal.<\/p>\n\n\n\n<p>It is sent as an HTTP header by the web server to the web browser that returns it unchanged each time it accesses the server.<\/p>\n\n\n\n<p>A cookie can be used for authentication, a session (state maintenance), and to store specific user information, such as site preferences or the content of an electronic shopping cart.<\/p>\n\n\n\n<p>Because cookies are usually stored as simple text files, they are not executable. They are neither spyware nor viruses.<\/p>\n\n\n\n<p>Most recent browsers allow users to decide whether to accept or reject cookies. Users can also choose how long cookies are stored. However, the complete rejection of cookies makes some sites unusable.<br> For example, store shopping carts or sites that require a connection to a customer space for example. Source: <a href=\"http:\/\/www.wikipedia.org\" target=\"_blank\" rel=\"noreferrer noopener\" aria-label=\" (s\u2019ouvre dans un nouvel onglet)\">www.wikipedia.org<\/a><\/p>\n\n\n\n<h3 class=\"wp-block-heading has-text-align-left\">Use of \u201ccookies\u201d on our site<\/h3>\n\n\n\n<p>With each connection to our site, subject to your choices, various cookies may be installed in your terminal to allow us to recognize the Internet browser used for example.<\/p>\n\n\n\n<p>These are cookies related to the actual operation of the website.<\/p>\n\n\n\n<p>These cookies allow:<\/p>\n\n\n\n<p>\u2013 the generation of statistics of use of the elements present on our site (headings, sub-headings, products, services etc \u2026) in order to improve the daily experience of your visit.<\/p>\n\n\n\n<p>\u2013 the adaptation of the ergonomics and the UX design of our site to the preferences of display of your terminal (language of use, resolution of display etc \u2026) during your navigation.<\/p>\n\n\n\n<p>\u2013 the combination of your contact details or personal data and navigation information during your registration or access to our products and services, in order to send you, emails that may interest you.<\/p>\n\n\n\n<p>\u2013 The registration by your internet browser of information relating to a form that you have completed on our site (registration or access to a customer area for example) or to our products and services (service subscribed or details of a reservation by example).<\/p>\n\n\n\n<p>\u2013 Access to reserved areas of navigation on our website such as a customer area, for example, via identifiers and data that you have entrusted to us later.<\/p>\n\n\n\n<p>\u2013 The implementation of security measures, for example during an invitation to connect you to all or part of the website, or to one of our products and services after a certain period of time.<\/p>\n\n\n\n<p>Attention, the refusal of use of these cookies can impact the quality of your visit and the user experience.<\/p>\n\n\n\n<p>To learn more about cookies and how they work, visit: www.allaboutcookies.org<\/p>\n\n\n\n<h3 class=\"wp-block-heading has-text-align-left\">Use of third-party \u201ccookies\u201d<\/h3>\n\n\n\n<p>Images and other objects contained in a web page may reside in servers different from the one hosting the page. To display the page, the browser downloads all these objects. Most websites contain information from different sources.<\/p>\n\n\n\n<p>For example, if you enter www.example.com in your browser, there will often be items or advertisements on a portion of the page that will come from different sources, ie from a different domain than www. .example.com.<\/p>\n\n\n\n<p>The cookies \u201cfirst\u201d part are cookies that are set up by the domain registered in the address bar of the browser. Third-party cookies are set up by one of the objects on the page that come from a different domain.<\/p>\n\n\n\n<p>By default, browsers like Mozilla Firefox, Microsoft Internet Explorer, and Opera accept third-party cookies, but users can change settings in browser options to block them.<\/p>\n\n\n\n<p>There is no security risk inherent in third-party cookies that allow functionality for the web.<\/p>\n\n\n\n<p>These third-party cookies may for example enable us to perform statistics (via Google Analytics or Xiti for example), to offer targeted content based on your interests, your preferences, or to identify the third party website. origin having redirected you to our website for example.<\/p>\n\n\n\n<p>These third-party cookies may also allow you to identify and share all or part of the content of our website on social networks via the \u201cshare\u201d or \u201clike\u201d features for example.<\/p>\n\n\n\n<p>To find out more about the use of cookies by different social networks (non-exhaustive list), visit:<\/p>\n\n\n\n<p>Facebook : <a href=\"https:\/\/www.facebook.com\/about\/ads\" target=\"_blank\" rel=\"noreferrer noopener\" aria-label=\"https:\/\/www.facebook.com\/about\/ads (s\u2019ouvre dans un nouvel onglet)\">https:\/\/www.facebook.com\/about\/ads<\/a><\/p>\n\n\n\n<p>Instagram : <a href=\"https:\/\/help.instagram.com\/1896641480634370?ref=ig\" target=\"_blank\" rel=\"noreferrer noopener\" aria-label=\"https:\/\/help.instagram.com\/1896641480634370?ref=ig (s\u2019ouvre dans un nouvel onglet)\">https:\/\/help.instagram.com\/1896641480634370?ref=ig<\/a><\/p>\n\n\n\n<p>Twitter : <a href=\"https:\/\/support.twitter.com\/articles\/20170518\" target=\"_blank\" rel=\"noreferrer noopener\" aria-label=\"https:\/\/support.twitter.com\/articles\/20170518 (s\u2019ouvre dans un nouvel onglet)\">https:\/\/support.twitter.com\/articles\/20170518<\/a><\/p>\n\n\n\n<p>Snapchat : <a href=\"https:\/\/www.snap.com\/fr-FR\/cookie-policy\/\" target=\"_blank\" rel=\"noreferrer noopener\" aria-label=\"https:\/\/www.snap.com\/fr-FR\/cookie-policy\/ (s\u2019ouvre dans un nouvel onglet)\">https:\/\/www.snap.com\/fr-FR\/cookie-policy\/<\/a><\/p>\n\n\n\n<p>Google+ : <a href=\"http:\/\/www.google.com\/policies\/technologies\/cookies\/\" target=\"_blank\" rel=\"noreferrer noopener\" aria-label=\"http:\/\/www.google.com\/policies\/technologies\/cookies\/ (s\u2019ouvre dans un nouvel onglet)\">http:\/\/www.google.com\/policies\/technologies\/cookies\/<\/a><\/p>\n\n\n\n<p>Pinterest : <a rel=\"noreferrer noopener\" aria-label=\"https:\/\/help.pinterest.com\/fr\/articles\/personalization-and-data (s\u2019ouvre dans un nouvel onglet)\" href=\"https:\/\/help.pinterest.com\/fr\/articles\/personalization-and-data\" target=\"_blank\">https:\/\/help.pinterest.com\/fr\/articles\/personalization-and-data<\/a><\/p>\n\n\n\n<h3 class=\"wp-block-heading has-text-align-left\">Configuring \u201ccookies\u201d on an internet browser<\/h3>\n\n\n\n<p>To learn more about setting and configuring cookies in your browser, go to the following links:<\/p>\n\n\n\n<p>pour Chrome\u2122: <a rel=\"noreferrer noopener\" aria-label=\"http:\/\/support.google.com\/chrome\/bin\/answer.py?hl=fr&amp;hlrm=en&amp;answer=95647 (s\u2019ouvre dans un nouvel onglet)\" href=\"http:\/\/support.google.com\/chrome\/bin\/answer.py?hl=fr&amp;hlrm=en&amp;answer=95647\" target=\"_blank\">http:\/\/support.google.com\/chrome\/bin\/answer.py?hl=fr&amp;hlrm=en&amp;answer=95647<\/a> ;<br> pour Safari\u2122 : <a rel=\"noreferrer noopener\" aria-label=\"http:\/\/www.apple.com\/fr\/privacy\/use-of-cookies (s\u2019ouvre dans un nouvel onglet)\" href=\"http:\/\/www.apple.com\/fr\/privacy\/use-of-cookies\" target=\"_blank\">http:\/\/www.apple.com\/fr\/privacy\/use-of-cookies<\/a> ;<br> pour Microsoft Edge\u2122 : <a rel=\"noreferrer noopener\" aria-label=\"https:\/\/privacy.microsoft.com\/fr-fr\/windows-10-microsoft-edge-and-privacy (s\u2019ouvre dans un nouvel onglet)\" href=\"https:\/\/privacy.microsoft.com\/fr-fr\/windows-10-microsoft-edge-and-privacy\" target=\"_blank\">https:\/\/privacy.microsoft.com\/fr-fr\/windows-10-microsoft-edge-and-privacy<\/a> ;<br> pour Firefox\u2122 : <a rel=\"noreferrer noopener\" aria-label=\"http:\/\/support.mozilla.org\/fr\/kb\/Activer%20et%20d%C3%A9sactiver%20les%20cookies (s\u2019ouvre dans un nouvel onglet)\" href=\"http:\/\/support.mozilla.org\/fr\/kb\/Activer%20et%20d%C3%A9sactiver%20les%20cookies\" target=\"_blank\">http:\/\/support.mozilla.org\/fr\/kb\/Activer%20et%20d%C3%A9sactiver%20les%20cookies<\/a> ;<br> pour Opera\u2122 : <a href=\"http:\/\/help.opera.com\/Windows\/10.20\/fr\/cookies.html\" target=\"_blank\" rel=\"noreferrer noopener\" aria-label=\"http:\/\/help.opera.com\/Windows\/10.20\/fr\/cookies.html (s\u2019ouvre dans un nouvel onglet)\">http:\/\/help.opera.com\/Windows\/10.20\/fr\/cookies.html<\/a>.<\/p>\n\n\n\n<p>For any other browser, we invite you to research the Internet search engine of your choice, or to approach your IT manager or IT solution provider.<\/p>\n<\/div>\n\n\n\n<div class=\"wp-block-column is-layout-flow wp-block-column-is-layout-flow\" style=\"flex-basis:15%\"><\/div>\n<\/div>\n","protected":false},"excerpt":{"rendered":"<p>Cookies Policy What is a cookie A cookie (or cookie) is defined by the HTTP communication protocol as a sequence of information sent by an HTTP server to an HTTP client, which the HTTP client returns during each interrogation of [&hellip;]<\/p>\n","protected":false},"author":1,"featured_media":0,"parent":0,"menu_order":0,"comment_status":"closed","ping_status":"closed","template":"","meta":{"_acf_changed":false,"footnotes":""},"class_list":["post-949","page","type-page","status-publish","hentry"],"acf":[],"yoast_head":"<!-- This site is optimized with the Yoast SEO plugin v26.2 - https:\/\/yoast.com\/wordpress\/plugins\/seo\/ -->\n<title>Cookies Policy - InterContinental Marseille - Hotel Dieu - En 10 ans, beaucoup de choses changent. \u00c0 travers ce challenge, red\u00e9couvrez nos h\u00f4tels de Lyon et Marseille, d\u2019hier \u00e0 aujourd\u2019hui.<\/title>\n<meta name=\"description\" content=\"Cookies Policy What is a cookie A cookie (or cookie) is defined by the HTTP communication protocol as a sequence of information sent by an HTTP server to\" \/>\n<meta name=\"robots\" content=\"index, follow, max-snippet:-1, max-image-preview:large, max-video-preview:-1\" \/>\n<link rel=\"canonical\" href=\"https:\/\/marseille.intercontinental.com\/en\/cookies-policy\/\" \/>\n<meta property=\"og:locale\" content=\"en_US\" \/>\n<meta property=\"og:type\" content=\"article\" \/>\n<meta property=\"og:title\" content=\"Cookies Policy - InterContinental Marseille - Hotel Dieu - En 10 ans, beaucoup de choses changent. \u00c0 travers ce challenge, red\u00e9couvrez nos h\u00f4tels de Lyon et Marseille, d\u2019hier \u00e0 aujourd\u2019hui.\" \/>\n<meta property=\"og:description\" content=\"Cookies Policy What is a cookie A cookie (or cookie) is defined by the HTTP communication protocol as a sequence of information sent by an HTTP server to\" \/>\n<meta property=\"og:url\" content=\"https:\/\/marseille.intercontinental.com\/en\/cookies-policy\/\" \/>\n<meta property=\"og:site_name\" content=\"InterContinental Marseille - Hotel Dieu\" \/>\n<meta property=\"article:publisher\" content=\"https:\/\/www.facebook.com\/InterContinentalMarseilleHotelDieu\/\" \/>\n<meta property=\"article:modified_time\" content=\"2023-09-19T14:47:34+00:00\" \/>\n<meta name=\"twitter:card\" content=\"summary_large_image\" \/>\n<meta name=\"twitter:site\" content=\"@icmarseille\" \/>\n<meta name=\"twitter:label1\" content=\"Est. reading time\" \/>\n\t<meta name=\"twitter:data1\" content=\"5 minutes\" \/>\n<script type=\"application\/ld+json\" class=\"yoast-schema-graph\">{\"@context\":\"https:\/\/schema.org\",\"@graph\":[{\"@type\":\"WebPage\",\"@id\":\"https:\/\/marseille.intercontinental.com\/en\/cookies-policy\/\",\"url\":\"https:\/\/marseille.intercontinental.com\/en\/cookies-policy\/\",\"name\":\"Cookies Policy - InterContinental Marseille - Hotel Dieu - En 10 ans, beaucoup de choses changent. \u00c0 travers ce challenge, red\u00e9couvrez nos h\u00f4tels de Lyon et Marseille, d\u2019hier \u00e0 aujourd\u2019hui.\",\"isPartOf\":{\"@id\":\"https:\/\/marseille.intercontinental.com\/#website\"},\"datePublished\":\"2019-10-29T15:28:39+00:00\",\"dateModified\":\"2023-09-19T14:47:34+00:00\",\"description\":\"Cookies Policy What is a cookie A cookie (or cookie) is defined by the HTTP communication protocol as a sequence of information sent by an HTTP server to\",\"breadcrumb\":{\"@id\":\"https:\/\/marseille.intercontinental.com\/en\/cookies-policy\/#breadcrumb\"},\"inLanguage\":\"en-US\",\"potentialAction\":[{\"@type\":\"ReadAction\",\"target\":[\"https:\/\/marseille.intercontinental.com\/en\/cookies-policy\/\"]}]},{\"@type\":\"BreadcrumbList\",\"@id\":\"https:\/\/marseille.intercontinental.com\/en\/cookies-policy\/#breadcrumb\",\"itemListElement\":[{\"@type\":\"ListItem\",\"position\":1,\"name\":\"Home\",\"item\":\"https:\/\/marseille.intercontinental.com\/en\/intercontinental-marseille-hotel-dieu\/\"},{\"@type\":\"ListItem\",\"position\":2,\"name\":\"Cookies Policy\"}]},{\"@type\":\"WebSite\",\"@id\":\"https:\/\/marseille.intercontinental.com\/#website\",\"url\":\"https:\/\/marseille.intercontinental.com\/\",\"name\":\"InterContinental Marseille - H\u00f4tel Dieu\",\"description\":\"En 10 ans, beaucoup de choses changent. \u00c0 travers ce challenge, red\u00e9couvrez nos h\u00f4tels de Lyon et Marseille, d\u2019hier \u00e0 aujourd\u2019hui.\",\"publisher\":{\"@id\":\"https:\/\/marseille.intercontinental.com\/#organization\"},\"alternateName\":\"InterContinental Marseille\",\"potentialAction\":[{\"@type\":\"SearchAction\",\"target\":{\"@type\":\"EntryPoint\",\"urlTemplate\":\"https:\/\/marseille.intercontinental.com\/?s={search_term_string}\"},\"query-input\":{\"@type\":\"PropertyValueSpecification\",\"valueRequired\":true,\"valueName\":\"search_term_string\"}}],\"inLanguage\":\"en-US\"},{\"@type\":\"Organization\",\"@id\":\"https:\/\/marseille.intercontinental.com\/#organization\",\"name\":\"InterContinental Marseille - H\u00f4tel Dieu\",\"alternateName\":\"InterContinental Marseille\",\"url\":\"https:\/\/marseille.intercontinental.com\/\",\"logo\":{\"@type\":\"ImageObject\",\"inLanguage\":\"en-US\",\"@id\":\"https:\/\/marseille.intercontinental.com\/#\/schema\/logo\/image\/\",\"url\":\"https:\/\/marseille.intercontinental.com\/wp-content\/uploads\/sites\/5\/2023\/09\/intercontinental-marseille-hotel-dieu-logo.svg\",\"contentUrl\":\"https:\/\/marseille.intercontinental.com\/wp-content\/uploads\/sites\/5\/2023\/09\/intercontinental-marseille-hotel-dieu-logo.svg\",\"caption\":\"InterContinental Marseille - H\u00f4tel Dieu\"},\"image\":{\"@id\":\"https:\/\/marseille.intercontinental.com\/#\/schema\/logo\/image\/\"},\"sameAs\":[\"https:\/\/www.facebook.com\/InterContinentalMarseilleHotelDieu\/\",\"https:\/\/x.com\/icmarseille\",\"https:\/\/www.instagram.com\/icmarseille\/\"]}]}<\/script>\n<!-- \/ Yoast SEO plugin. -->","yoast_head_json":{"title":"Cookies Policy - InterContinental Marseille - Hotel Dieu - En 10 ans, beaucoup de choses changent. \u00c0 travers ce challenge, red\u00e9couvrez nos h\u00f4tels de Lyon et Marseille, d\u2019hier \u00e0 aujourd\u2019hui.","description":"Cookies Policy What is a cookie A cookie (or cookie) is defined by the HTTP communication protocol as a sequence of information sent by an HTTP server to","robots":{"index":"index","follow":"follow","max-snippet":"max-snippet:-1","max-image-preview":"max-image-preview:large","max-video-preview":"max-video-preview:-1"},"canonical":"https:\/\/marseille.intercontinental.com\/en\/cookies-policy\/","og_locale":"en_US","og_type":"article","og_title":"Cookies Policy - InterContinental Marseille - Hotel Dieu - En 10 ans, beaucoup de choses changent. \u00c0 travers ce challenge, red\u00e9couvrez nos h\u00f4tels de Lyon et Marseille, d\u2019hier \u00e0 aujourd\u2019hui.","og_description":"Cookies Policy What is a cookie A cookie (or cookie) is defined by the HTTP communication protocol as a sequence of information sent by an HTTP server to","og_url":"https:\/\/marseille.intercontinental.com\/en\/cookies-policy\/","og_site_name":"InterContinental Marseille - Hotel Dieu","article_publisher":"https:\/\/www.facebook.com\/InterContinentalMarseilleHotelDieu\/","article_modified_time":"2023-09-19T14:47:34+00:00","twitter_card":"summary_large_image","twitter_site":"@icmarseille","twitter_misc":{"Est. reading time":"5 minutes"},"schema":{"@context":"https:\/\/schema.org","@graph":[{"@type":"WebPage","@id":"https:\/\/marseille.intercontinental.com\/en\/cookies-policy\/","url":"https:\/\/marseille.intercontinental.com\/en\/cookies-policy\/","name":"Cookies Policy - InterContinental Marseille - Hotel Dieu - En 10 ans, beaucoup de choses changent. \u00c0 travers ce challenge, red\u00e9couvrez nos h\u00f4tels de Lyon et Marseille, d\u2019hier \u00e0 aujourd\u2019hui.","isPartOf":{"@id":"https:\/\/marseille.intercontinental.com\/#website"},"datePublished":"2019-10-29T15:28:39+00:00","dateModified":"2023-09-19T14:47:34+00:00","description":"Cookies Policy What is a cookie A cookie (or cookie) is defined by the HTTP communication protocol as a sequence of information sent by an HTTP server to","breadcrumb":{"@id":"https:\/\/marseille.intercontinental.com\/en\/cookies-policy\/#breadcrumb"},"inLanguage":"en-US","potentialAction":[{"@type":"ReadAction","target":["https:\/\/marseille.intercontinental.com\/en\/cookies-policy\/"]}]},{"@type":"BreadcrumbList","@id":"https:\/\/marseille.intercontinental.com\/en\/cookies-policy\/#breadcrumb","itemListElement":[{"@type":"ListItem","position":1,"name":"Home","item":"https:\/\/marseille.intercontinental.com\/en\/intercontinental-marseille-hotel-dieu\/"},{"@type":"ListItem","position":2,"name":"Cookies Policy"}]},{"@type":"WebSite","@id":"https:\/\/marseille.intercontinental.com\/#website","url":"https:\/\/marseille.intercontinental.com\/","name":"InterContinental Marseille - H\u00f4tel Dieu","description":"En 10 ans, beaucoup de choses changent. \u00c0 travers ce challenge, red\u00e9couvrez nos h\u00f4tels de Lyon et Marseille, d\u2019hier \u00e0 aujourd\u2019hui.","publisher":{"@id":"https:\/\/marseille.intercontinental.com\/#organization"},"alternateName":"InterContinental Marseille","potentialAction":[{"@type":"SearchAction","target":{"@type":"EntryPoint","urlTemplate":"https:\/\/marseille.intercontinental.com\/?s={search_term_string}"},"query-input":{"@type":"PropertyValueSpecification","valueRequired":true,"valueName":"search_term_string"}}],"inLanguage":"en-US"},{"@type":"Organization","@id":"https:\/\/marseille.intercontinental.com\/#organization","name":"InterContinental Marseille - H\u00f4tel Dieu","alternateName":"InterContinental Marseille","url":"https:\/\/marseille.intercontinental.com\/","logo":{"@type":"ImageObject","inLanguage":"en-US","@id":"https:\/\/marseille.intercontinental.com\/#\/schema\/logo\/image\/","url":"https:\/\/marseille.intercontinental.com\/wp-content\/uploads\/sites\/5\/2023\/09\/intercontinental-marseille-hotel-dieu-logo.svg","contentUrl":"https:\/\/marseille.intercontinental.com\/wp-content\/uploads\/sites\/5\/2023\/09\/intercontinental-marseille-hotel-dieu-logo.svg","caption":"InterContinental Marseille - H\u00f4tel Dieu"},"image":{"@id":"https:\/\/marseille.intercontinental.com\/#\/schema\/logo\/image\/"},"sameAs":["https:\/\/www.facebook.com\/InterContinentalMarseilleHotelDieu\/","https:\/\/x.com\/icmarseille","https:\/\/www.instagram.com\/icmarseille\/"]}]}},"_links":{"self":[{"href":"https:\/\/marseille.intercontinental.com\/en\/wp-json\/wp\/v2\/pages\/949","targetHints":{"allow":["GET"]}}],"collection":[{"href":"https:\/\/marseille.intercontinental.com\/en\/wp-json\/wp\/v2\/pages"}],"about":[{"href":"https:\/\/marseille.intercontinental.com\/en\/wp-json\/wp\/v2\/types\/page"}],"author":[{"embeddable":true,"href":"https:\/\/marseille.intercontinental.com\/en\/wp-json\/wp\/v2\/users\/1"}],"replies":[{"embeddable":true,"href":"https:\/\/marseille.intercontinental.com\/en\/wp-json\/wp\/v2\/comments?post=949"}],"version-history":[{"count":0,"href":"https:\/\/marseille.intercontinental.com\/en\/wp-json\/wp\/v2\/pages\/949\/revisions"}],"wp:attachment":[{"href":"https:\/\/marseille.intercontinental.com\/en\/wp-json\/wp\/v2\/media?parent=949"}],"curies":[{"name":"wp","href":"https:\/\/api.w.org\/{rel}","templated":true}]}}